{"id":925,"date":"2015-11-24T23:56:25","date_gmt":"2015-11-24T22:56:25","guid":{"rendered":"http:\/\/www.mrmaci.com\/?page_id=925"},"modified":"2018-07-17T11:23:12","modified_gmt":"2018-07-17T09:23:12","slug":"prorubky-2016-dejte-nam-jeste-chvilku","status":"publish","type":"page","link":"https:\/\/www.mrmaci.com\/?page_id=925","title":{"rendered":"Prorubky 2016 \u2013 Filmov\u00e9 l\u00e9to"},"content":{"rendered":"<p style=\"text-align: center;\"><strong><a href=\"http:\/\/www.mrmaci.com\/?page_id=743\">2015 &lt;&lt;&lt;<\/a><\/strong> <img loading=\"lazy\" decoding=\"async\" width=\"132\" height=\"39\" class=\"size-full wp-image-298 alignnone\" alt=\"stany\" src=\"http:\/\/www.mrmaci.com\/wp-content\/uploads\/2013\/12\/stany.jpg\"><strong><a href=\"http:\/\/www.mrmaci.com\/?page_id=1276\">&gt;&gt;&gt; 2017<\/a><br \/>\nt\u00e1borov\u00fd zp\u011bvn\u00ed\u010dek<\/strong> ve form\u00e1tu PDF <a href=\"http:\/\/www.mrmaci.com\/wp-content\/uploads\/2016\/07\/zpevnik-2016.pdf\">si m\u016f\u017eete st\u00e1hnout ZDE<\/a><\/p>\n<p style=\"text-align: center;\"><strong>FOTKY z&nbsp;t\u00e1bor\u016f<\/strong> <a title=\"Fotogalerie aneb Je na co vzpom\u00ednat !\" href=\"http:\/\/www.mrmaci.com\/?page_id=86\">m\u00e1me tady<\/a><\/p>\n<h4><strong><a href=\"https:\/\/youtu.be\/BB0u6QkpUfw\" target=\"_blank\" rel=\"noopener noreferrer\">Voln\u00e9 spole\u010dn\u00e9 &#8222;zombie&#8220; t\u00e9ma<\/a><\/strong><a href=\"https:\/\/youtu.be\/BB0u6QkpUfw\" target=\"_blank\" rel=\"noopener noreferrer\"><br \/>\n<\/a><strong>Report\u00e1\u017ee <\/strong><a href=\"https:\/\/youtu.be\/cNKuZpkJLkI\" target=\"_blank\" rel=\"noopener noreferrer\">No.1 <\/a>&nbsp; <a href=\"https:\/\/youtu.be\/WIZue1x-tSw\" target=\"_blank\" rel=\"noopener noreferrer\">No.2<\/a> &nbsp; <a href=\"https:\/\/youtu.be\/dT5x789tyEo\" target=\"_blank\" rel=\"noopener noreferrer\">No.3<\/a> &nbsp; <a href=\"https:\/\/youtu.be\/9eaBd7VoUPM\" target=\"_blank\" rel=\"noopener noreferrer\">No.4<br \/>\n<\/a><strong>Reklamy <\/strong><a href=\"https:\/\/youtu.be\/TxOXoH6b7sk\" target=\"_blank\" rel=\"noopener noreferrer\">No.1<\/a>&nbsp;&nbsp; <a href=\"https:\/\/youtu.be\/g1vn8WFVPa8\" target=\"_blank\" rel=\"noopener noreferrer\">No.2<\/a>&nbsp;&nbsp; <a href=\"https:\/\/youtu.be\/hT4AxpxvhZE\" target=\"_blank\" rel=\"noopener noreferrer\">No.3<\/a>&nbsp;&nbsp; <a href=\"https:\/\/youtu.be\/cNAHZyXrDeA\" target=\"_blank\" rel=\"noopener noreferrer\">No.4<br \/>\n<\/a><strong>Videoklipy&nbsp;<\/strong><a href=\"https:\/\/youtu.be\/pc_PiJk6Ns8\" target=\"_blank\" rel=\"noopener noreferrer\">No.1<\/a>&nbsp;&nbsp; <a href=\"https:\/\/youtu.be\/G0LR_q-oEI0\" target=\"_blank\" rel=\"noopener noreferrer\">No.2<\/a>&nbsp;&nbsp; <a href=\"https:\/\/youtu.be\/JwrMr6sQbbE\" target=\"_blank\" rel=\"noopener noreferrer\">No.3<\/a> &nbsp; <a href=\"https:\/\/youtu.be\/YQS2PilqZVA\" target=\"_blank\" rel=\"noopener noreferrer\">No.4<br \/>\n<\/a><strong><a href=\"https:\/\/youtu.be\/-ZbFYdFR-34\" target=\"_blank\" rel=\"noopener noreferrer\">Z\u00e1v\u011bre\u010dn\u00e1 zdravice s&nbsp;titulky<\/a><\/strong><\/h4>\n<p><img loading=\"lazy\" decoding=\"async\" width=\"800\" height=\"554\" class=\"alignnone size-full wp-image-1111\" alt=\"vsichni2016\" src=\"http:\/\/www.mrmaci.com\/wp-content\/uploads\/2015\/11\/vsichni2016.jpg\" srcset=\"https:\/\/www.mrmaci.com\/wp-content\/uploads\/2015\/11\/vsichni2016.jpg 800w, https:\/\/www.mrmaci.com\/wp-content\/uploads\/2015\/11\/vsichni2016-300x208.jpg 300w, https:\/\/www.mrmaci.com\/wp-content\/uploads\/2015\/11\/vsichni2016-768x532.jpg 768w\" sizes=\"(max-width: 800px) 100vw, 800px\" \/> <img loading=\"lazy\" decoding=\"async\" width=\"800\" height=\"554\" class=\"alignnone size-full wp-image-1113\" alt=\"cerveni2016\" src=\"http:\/\/www.mrmaci.com\/wp-content\/uploads\/2015\/11\/cerveni2016.jpg\" srcset=\"https:\/\/www.mrmaci.com\/wp-content\/uploads\/2015\/11\/cerveni2016.jpg 800w, https:\/\/www.mrmaci.com\/wp-content\/uploads\/2015\/11\/cerveni2016-300x208.jpg 300w, https:\/\/www.mrmaci.com\/wp-content\/uploads\/2015\/11\/cerveni2016-768x532.jpg 768w\" sizes=\"(max-width: 800px) 100vw, 800px\" \/> <img loading=\"lazy\" decoding=\"async\" width=\"800\" height=\"554\" class=\"alignnone size-full wp-image-1114\" alt=\"zluti2016\" src=\"http:\/\/www.mrmaci.com\/wp-content\/uploads\/2015\/11\/zluti2016.jpg\" srcset=\"https:\/\/www.mrmaci.com\/wp-content\/uploads\/2015\/11\/zluti2016.jpg 800w, https:\/\/www.mrmaci.com\/wp-content\/uploads\/2015\/11\/zluti2016-300x208.jpg 300w, https:\/\/www.mrmaci.com\/wp-content\/uploads\/2015\/11\/zluti2016-768x532.jpg 768w\" sizes=\"(max-width: 800px) 100vw, 800px\" \/> <img loading=\"lazy\" decoding=\"async\" width=\"800\" height=\"554\" class=\"alignnone size-full wp-image-1115\" alt=\"modri2016\" src=\"http:\/\/www.mrmaci.com\/wp-content\/uploads\/2015\/11\/modri2016.jpg\" srcset=\"https:\/\/www.mrmaci.com\/wp-content\/uploads\/2015\/11\/modri2016.jpg 800w, https:\/\/www.mrmaci.com\/wp-content\/uploads\/2015\/11\/modri2016-300x208.jpg 300w, https:\/\/www.mrmaci.com\/wp-content\/uploads\/2015\/11\/modri2016-768x532.jpg 768w\" sizes=\"(max-width: 800px) 100vw, 800px\" \/> <img loading=\"lazy\" decoding=\"async\" width=\"800\" height=\"554\" class=\"alignnone size-full wp-image-1116\" alt=\"zeleni2016\" src=\"http:\/\/www.mrmaci.com\/wp-content\/uploads\/2015\/11\/zeleni2016.jpg\" srcset=\"https:\/\/www.mrmaci.com\/wp-content\/uploads\/2015\/11\/zeleni2016.jpg 800w, https:\/\/www.mrmaci.com\/wp-content\/uploads\/2015\/11\/zeleni2016-300x208.jpg 300w, https:\/\/www.mrmaci.com\/wp-content\/uploads\/2015\/11\/zeleni2016-768x532.jpg 768w\" sizes=\"(max-width: 800px) 100vw, 800px\" \/><img loading=\"lazy\" decoding=\"async\" width=\"800\" height=\"554\" class=\"alignnone size-full wp-image-1112\" alt=\"vedouci2016\" src=\"http:\/\/www.mrmaci.com\/wp-content\/uploads\/2015\/11\/vedouci2016.jpg\" srcset=\"https:\/\/www.mrmaci.com\/wp-content\/uploads\/2015\/11\/vedouci2016.jpg 800w, https:\/\/www.mrmaci.com\/wp-content\/uploads\/2015\/11\/vedouci2016-300x208.jpg 300w, https:\/\/www.mrmaci.com\/wp-content\/uploads\/2015\/11\/vedouci2016-768x532.jpg 768w\" sizes=\"(max-width: 800px) 100vw, 800px\" \/><br \/>\n<img loading=\"lazy\" decoding=\"async\" width=\"1200\" height=\"710\" class=\"alignnone size-full wp-image-970\" alt=\"pozvanka 2016\" src=\"http:\/\/www.mrmaci.com\/wp-content\/uploads\/2016\/02\/pozvanka-2016.jpg\" srcset=\"https:\/\/www.mrmaci.com\/wp-content\/uploads\/2016\/02\/pozvanka-2016.jpg 1200w, https:\/\/www.mrmaci.com\/wp-content\/uploads\/2016\/02\/pozvanka-2016-300x178.jpg 300w, https:\/\/www.mrmaci.com\/wp-content\/uploads\/2016\/02\/pozvanka-2016-1024x606.jpg 1024w\" sizes=\"(max-width: 1200px) 100vw, 1200px\" \/><\/p>\n<p>Na filmy dnes kouk\u00e1 ka\u017ed\u00fd, to je jasn\u00e9. Jsou filmy kr\u00e1sn\u00e9, dojemn\u00e9, nap\u00ednav\u00e9, ale i m\u00e9n\u011b poveden\u00e9 nebo dokonce zcela nepoveden\u00e9.<br \/>\nAle za ka\u017ed\u00fdm filmem je schov\u00e1na spousta pr\u00e1ce, nat\u00e1\u010den\u00ed, n\u00e1pad\u016f, maskov\u00e1n\u00ed, trik\u016f, kaskad\u00e9rsk\u00fdch kousk\u016f. Nen\u00ed to toti\u017e jen o hlavn\u00ed hereck\u00e9 postav\u011b p\u0159ich\u00e1zej\u00edc\u00ed po \u010derven\u00e9m koberci na filmov\u00e9m festivalu ve sv\u011btle blesk\u016f fotoapar\u00e1t\u016f p\u0159\u00edtomn\u00fdch novin\u00e1\u0159\u016f. Je to p\u0159edev\u0161\u00edm o pr\u00e1ci cel\u00e9ho filmov\u00e9ho \u0161t\u00e1bu, kde m\u00e1 ka\u017ed\u00fd na starost ten sv\u016fj d\u016fle\u017eit\u00fd kousek filmov\u00e9 skl\u00e1da\u010dky, kter\u00e9 se tak kr\u00e1sn\u011b a jednodu\u0161e \u0159\u00edk\u00e1 FILM.<br \/>\nB\u011bh\u00e1 v\u00e1m p\u0159i tom pomy\u0161len\u00ed lehce mr\u00e1z po z\u00e1dech? To je dob\u0159e!<br \/>\nPoj\u010fme si to na chv\u00edli zkusit, exteri\u00e9ry m\u00e1me na Prorubk\u00e1ch vskutku kr\u00e1sn\u00e9, p\u0159\u00edrodn\u00ed. V\u017edy\u0165 p\u0159eci sta\u010d\u00ed \u201ejen tak m\u00e1lo\u201c \u2013 v\u0161ichni na sv\u00e1 m\u00edsta, ticho kolem, nat\u00e1\u010d\u00edme\u2026<br \/>\nKLAPKA \u2013 AKCE &#8211; A JED\u00c9\u00c9\u00c9\u00c9\u00c9M!<\/p>\n","protected":false},"excerpt":{"rendered":"<p>2015 &lt;&lt;&lt; &gt;&gt;&gt; 2017 t\u00e1borov\u00fd zp\u011bvn\u00ed\u010dek ve form\u00e1tu PDF si m\u016f\u017eete st\u00e1hnout ZDE FOTKY z&nbsp;t\u00e1bor\u016f m\u00e1me tady Voln\u00e9 spole\u010dn\u00e9 &#8222;zombie&#8220; t\u00e9ma Report\u00e1\u017ee No.1 &nbsp; No.2 &nbsp; No.3 &nbsp; No.4 Reklamy No.1&nbsp;&nbsp; No.2&nbsp;&nbsp; No.3&nbsp;&nbsp; No.4 Videoklipy&nbsp;No.1&nbsp;&nbsp; No.2&nbsp;&nbsp; No.3 &nbsp; No.4 Z\u00e1v\u011bre\u010dn\u00e1 &hellip; <a href=\"https:\/\/www.mrmaci.com\/?page_id=925\">Cel\u00fd p\u0159\u00edsp\u011bvek <span class=\"meta-nav\">&rarr;<\/span><\/a><\/p>\n","protected":false},"author":1,"featured_media":0,"parent":19,"menu_order":0,"comment_status":"closed","ping_status":"closed","template":"onecolumn-page.php","meta":{"ngg_post_thumbnail":0,"footnotes":""},"class_list":["post-925","page","type-page","status-publish","hentry"],"_links":{"self":[{"href":"https:\/\/www.mrmaci.com\/index.php?rest_route=\/wp\/v2\/pages\/925"}],"collection":[{"href":"https:\/\/www.mrmaci.com\/index.php?rest_route=\/wp\/v2\/pages"}],"about":[{"href":"https:\/\/www.mrmaci.com\/index.php?rest_route=\/wp\/v2\/types\/page"}],"author":[{"embeddable":true,"href":"https:\/\/www.mrmaci.com\/index.php?rest_route=\/wp\/v2\/users\/1"}],"replies":[{"embeddable":true,"href":"https:\/\/www.mrmaci.com\/index.php?rest_route=%2Fwp%2Fv2%2Fcomments&post=925"}],"version-history":[{"count":51,"href":"https:\/\/www.mrmaci.com\/index.php?rest_route=\/wp\/v2\/pages\/925\/revisions"}],"predecessor-version":[{"id":1525,"href":"https:\/\/www.mrmaci.com\/index.php?rest_route=\/wp\/v2\/pages\/925\/revisions\/1525"}],"up":[{"embeddable":true,"href":"https:\/\/www.mrmaci.com\/index.php?rest_route=\/wp\/v2\/pages\/19"}],"wp:attachment":[{"href":"https:\/\/www.mrmaci.com\/index.php?rest_route=%2Fwp%2Fv2%2Fmedia&parent=925"}],"curies":[{"name":"wp","href":"https:\/\/api.w.org\/{rel}","templated":true}]}}