{"id":86,"date":"2013-04-16T21:24:55","date_gmt":"2013-04-16T19:24:55","guid":{"rendered":"http:\/\/www.mrmaci.com\/?page_id=86"},"modified":"2025-09-18T22:04:28","modified_gmt":"2025-09-18T20:04:28","slug":"fotogalerie-aneb-je-na-co-vzpominat","status":"publish","type":"page","link":"https:\/\/www.mrmaci.com\/?page_id=86","title":{"rendered":"Fotogalerie aneb Je na co vzpom\u00ednat !"},"content":{"rendered":"<h4>Za dlouh\u00fdch zimn\u00edch ve\u010der\u016f (a nebo kdykoli jindy) se m\u016f\u017eete mrknout na fotky z&nbsp;let minul\u00fdch&#8230; a t\u0159eba se zasm\u00e1t spolu s&nbsp;n\u00e1mi, jak jsme byli mlad\u00ed, kr\u00e1sn\u00ed a jak n\u00e1m to slu\u0161elo.<\/h4>\n<p><img loading=\"lazy\" decoding=\"async\" class=\"alignnone wp-image-2541\" src=\"http:\/\/www.mrmaci.com\/wp-content\/uploads\/2025\/09\/j25.jpg\" alt=\"\" width=\"85\" height=\"82\"> <a href=\"https:\/\/www.zonerama.com\/yankee\" target=\"_blank\" rel=\"noopener\">Prorubky 2025 &#8211; Poklad Azt\u00e9k\u016f<\/a> (11.7.2025)<\/p>\n<p><img loading=\"lazy\" decoding=\"async\" class=\"alignnone wp-image-2450\" src=\"http:\/\/www.mrmaci.com\/wp-content\/uploads\/2025\/01\/kuchtik.jpg\" alt=\"\" width=\"85\" height=\"86\" srcset=\"https:\/\/www.mrmaci.com\/wp-content\/uploads\/2025\/01\/kuchtik.jpg 300w, https:\/\/www.mrmaci.com\/wp-content\/uploads\/2025\/01\/kuchtik-297x300.jpg 297w, https:\/\/www.mrmaci.com\/wp-content\/uploads\/2025\/01\/kuchtik-150x150.jpg 150w\" sizes=\"(max-width: 85px) 100vw, 85px\" \/> <a href=\"https:\/\/www.zonerama.com\/yankee\" target=\"_blank\" rel=\"noopener\">Prorubky 2024 &#8211; Pevnost Boyard<\/a> (13.7.2024)<\/p>\n<p><img loading=\"lazy\" decoding=\"async\" class=\"alignnone wp-image-2205\" src=\"http:\/\/www.mrmaci.com\/wp-content\/uploads\/2024\/01\/leg.jpg\" alt=\"\" width=\"85\" height=\"83\" srcset=\"https:\/\/www.mrmaci.com\/wp-content\/uploads\/2024\/01\/leg.jpg 600w, https:\/\/www.mrmaci.com\/wp-content\/uploads\/2024\/01\/leg-300x294.jpg 300w\" sizes=\"(max-width: 85px) 100vw, 85px\" \/> <a href=\"https:\/\/www.zonerama.com\/yankee\" target=\"_blank\" rel=\"noopener\">Prorubky 2023 &#8211; Legenda o Aangovi (Avatar)<\/a> (13.7.2023)<\/p>\n<p><img loading=\"lazy\" decoding=\"async\" class=\"alignnone wp-image-2132\" src=\"http:\/\/www.mrmaci.com\/wp-content\/uploads\/2023\/03\/leto2.jpg\" alt=\"\" width=\"85\" height=\"69\"> <a href=\"https:\/\/www.zonerama.com\/yankee\" target=\"_blank\" rel=\"noopener noreferrer\">Prorubky 2022 &#8211; Filmov\u00e9 l\u00e9to Vol.2<\/a> (15.7.2022)<\/p>\n<p><img loading=\"lazy\" decoding=\"async\" class=\"alignnone size-full wp-image-1945\" src=\"http:\/\/www.mrmaci.com\/wp-content\/uploads\/2021\/12\/j2021.jpg\" alt=\"\" width=\"85\" height=\"86\"> <a href=\"https:\/\/www.zonerama.com\/yankee\" target=\"_blank\" rel=\"noopener noreferrer\">Prorubky 2021 &#8211; Jumanji<\/a> (12.7.2021)<\/p>\n<p><img loading=\"lazy\" decoding=\"async\" class=\"alignnone wp-image-1808 size-full\" src=\"http:\/\/www.mrmaci.com\/wp-content\/uploads\/2020\/07\/siroko.jpg\" alt=\"\" width=\"85\" height=\"86\"><a href=\"https:\/\/www.zonerama.com\/yankee\" target=\"_blank\" rel=\"noopener noreferrer\"> Prorubky 2020 &#8211; Z\u00e1hada prorubsk\u00e9ho hlavolamu<\/a> (12.7.2020)<\/p>\n<h4><img loading=\"lazy\" decoding=\"async\" class=\"alignnone wp-image-1809 size-full\" src=\"http:\/\/www.mrmaci.com\/wp-content\/uploads\/2020\/07\/testa.jpg\" alt=\"\" width=\"85\" height=\"97\"><a href=\"https:\/\/www.zonerama.com\/yankee\" target=\"_blank\" rel=\"noopener noreferrer\"> Prorubky 2019 &#8211; Stolet\u00ed vyn\u00e1lez\u016f<\/a> (11.7.2019)<\/h4>\n<h4><img loading=\"lazy\" decoding=\"async\" class=\"alignnone wp-image-1538 size-full\" src=\"http:\/\/www.mrmaci.com\/wp-content\/uploads\/2013\/04\/dr.jpg\" alt=\"\" width=\"85\" height=\"76\"><a href=\"https:\/\/www.zonerama.com\/yankee\" target=\"_blank\" rel=\"noopener noreferrer\">&nbsp;Prorubky 2018 &#8211; Po stop\u00e1ch asijsk\u00e9ho draka<\/a> (13.7.2018)<\/h4>\n<h4><img loading=\"lazy\" decoding=\"async\" class=\"alignnone wp-image-2009\" src=\"http:\/\/www.mrmaci.com\/wp-content\/uploads\/2022\/06\/25let.jpg\" alt=\"25 let\" width=\"85\" height=\"77\"><a href=\"https:\/\/www.zonerama.com\/yankee\" target=\"_blank\" rel=\"noopener noreferrer\"> SRAZ 2017 &#8211; 25 let t\u00e1bo\u0159en\u00ed<\/a> (16.10.2017)<\/h4>\n<h4><img loading=\"lazy\" decoding=\"async\" class=\"alignnone wp-image-1406\" src=\"http:\/\/www.mrmaci.com\/wp-content\/uploads\/2013\/04\/pyramid.jpg\" alt=\"\" width=\"85\" height=\"57\" srcset=\"https:\/\/www.mrmaci.com\/wp-content\/uploads\/2013\/04\/pyramid.jpg 400w, https:\/\/www.mrmaci.com\/wp-content\/uploads\/2013\/04\/pyramid-300x200.jpg 300w\" sizes=\"(max-width: 85px) 100vw, 85px\" \/><a href=\"https:\/\/www.zonerama.com\/yankee\" target=\"_blank\" rel=\"noopener noreferrer\">&nbsp;Prorubky 2017 &#8211; Faraonova pomsta<\/a> (14.7.2017)<\/h4>\n<h4><img loading=\"lazy\" decoding=\"async\" class=\"alignnone wp-image-1195\" src=\"http:\/\/www.mrmaci.com\/wp-content\/uploads\/2013\/04\/prorubkoow.jpg\" alt=\"\" width=\"85\" height=\"48\" srcset=\"https:\/\/www.mrmaci.com\/wp-content\/uploads\/2013\/04\/prorubkoow.jpg 350w, https:\/\/www.mrmaci.com\/wp-content\/uploads\/2013\/04\/prorubkoow-300x168.jpg 300w\" sizes=\"(max-width: 85px) 100vw, 85px\" \/><a href=\"https:\/\/www.zonerama.com\/yankee\" target=\"_blank\" rel=\"noopener noreferrer\">&nbsp;Prorubky 2016 &#8211; Filmov\u00e9 l\u00e9to<\/a> (15.7.2016)<\/h4>\n<h4><img loading=\"lazy\" decoding=\"async\" class=\"alignnone wp-image-919\" src=\"http:\/\/www.mrmaci.com\/wp-content\/uploads\/2013\/04\/tribozi.jpg\" alt=\"tribozi\" width=\"85\" height=\"65\" srcset=\"https:\/\/www.mrmaci.com\/wp-content\/uploads\/2013\/04\/tribozi.jpg 400w, https:\/\/www.mrmaci.com\/wp-content\/uploads\/2013\/04\/tribozi-300x230.jpg 300w\" sizes=\"(max-width: 85px) 100vw, 85px\" \/><a href=\"https:\/\/www.zonerama.com\/yankee\" target=\"_blank\" rel=\"noopener noreferrer\">&nbsp;Prorubky 2015 &#8211; Bo\u017esk\u00e9 pr\u00e1zdniny<\/a> (11.7.2015)<\/h4>\n<h4><img loading=\"lazy\" decoding=\"async\" class=\"alignnone wp-image-791\" src=\"http:\/\/www.mrmaci.com\/wp-content\/uploads\/2013\/04\/skupina.jpg\" alt=\"skupina\" width=\"84\" height=\"84\"><a href=\"https:\/\/www.zonerama.com\/yankee\" target=\"_blank\" rel=\"noopener noreferrer\"> Prorubky 2014 &#8211; Dobrodruzi od Zlat\u00e9 \u0159eky<\/a> (11.7.2014)<\/h4>\n<h4><img loading=\"lazy\" decoding=\"async\" class=\"alignnone wp-image-174\" src=\"http:\/\/www.mrmaci.com\/wp-content\/uploads\/2013\/04\/uvod.jpg\" alt=\"uvod\" width=\"86\" height=\"70\" srcset=\"https:\/\/www.mrmaci.com\/wp-content\/uploads\/2013\/04\/uvod.jpg 400w, https:\/\/www.mrmaci.com\/wp-content\/uploads\/2013\/04\/uvod-300x247.jpg 300w\" sizes=\"(max-width: 86px) 100vw, 86px\" \/> <a href=\"https:\/\/www.zonerama.com\/yankee\" target=\"_blank\" rel=\"noopener noreferrer\">Prorubky 2013 &#8211; Tajemstv\u00ed Afriky<\/a> (14.7.2013)<\/h4>\n<div>\n<div>\n<div>\n<h4><img loading=\"lazy\" decoding=\"async\" src=\"https:\/\/lh3.googleusercontent.com\/-KTxFTxvglSc\/UZU3gHBKdxE\/AAAAAAAAEFQ\/Lp3f96UV5q0\/s144-c\/Prorubky2012VesmirneDobrodruzstvi.jpg\" alt=\"\" width=\"83\" height=\"83\"><a href=\"https:\/\/www.zonerama.com\/yankee\" target=\"_blank\" rel=\"noopener noreferrer\"> Prorubky 2012 &#8211; Vesm\u00edrn\u00e9 dobrodru\u017estv\u00ed<\/a> (16.&nbsp;7.&nbsp;2012)<\/h4>\n<h4><img loading=\"lazy\" decoding=\"async\" src=\"https:\/\/lh3.googleusercontent.com\/-QqSY9raZDLs\/T9eXyLUwEVE\/AAAAAAAAB8U\/STbRoYP-Vlo\/s144-c\/SRAZUPrilezitosti20LetTaboreniVProrubkach2012.jpg\" alt=\"\" width=\"83\" height=\"83\"><a href=\"https:\/\/www.zonerama.com\/yankee\" target=\"_blank\" rel=\"noopener noreferrer\"> SRAZ u p\u0159\u00edle\u017eitosti 20 let t\u00e1bo\u0159en\u00ed v&nbsp;Prorubk\u00e1ch 2012<\/a>&nbsp;&nbsp;&nbsp; (9.&nbsp;6.&nbsp;2012)<\/h4>\n<\/div>\n<\/div>\n<\/div>\n<div>\n<div>\n<div>\n<h4><img loading=\"lazy\" decoding=\"async\" src=\"https:\/\/lh5.googleusercontent.com\/-264LUy30cF0\/T9ewCRg9eYE\/AAAAAAAADZI\/2LJBU1qlmzc\/s144-c\/Prorubky2011VZajetiStrojeCasu.jpg\" alt=\"\" width=\"83\" height=\"83\"><a href=\"https:\/\/www.zonerama.com\/yankee\" target=\"_blank\" rel=\"noopener noreferrer\"> Prorubky 2011 &#8211; V&nbsp;zajet\u00ed stroje \u010dasu<\/a>&nbsp;&nbsp; (4.&nbsp;7.&nbsp;2011)<\/h4>\n<\/div>\n<\/div>\n<div>\n<div>\n<h4><img loading=\"lazy\" decoding=\"async\" src=\"https:\/\/lh3.googleusercontent.com\/-9w3ToBP-nNs\/T9emi20NNhE\/AAAAAAAACqQ\/wFPregcY06I\/s144-c\/Prorubky2010PokladTemplaruRytirskaCest.jpg\" alt=\"\" width=\"83\" height=\"83\"><a href=\"https:\/\/www.zonerama.com\/yankee\" target=\"_blank\" rel=\"noopener noreferrer\"> Prorubky 2010 &#8211; Poklad Templ\u00e1\u0159\u016f &#8211; ryt\u00ed\u0159sk\u00e1 \u010dest<\/a>&nbsp; (1.&nbsp;7.&nbsp;2010)<\/h4>\n<\/div>\n<\/div>\n<div>\n<div>\n<h4><img loading=\"lazy\" decoding=\"async\" src=\"https:\/\/lh5.googleusercontent.com\/-7MvBYIHB2SA\/SrfeXWaRNsE\/AAAAAAAABHs\/vEfoAGLTt0E\/s144-c\/MRMZakonceniLeta2009AnebMIMOSlavi30.jpg\" alt=\"\" width=\"83\" height=\"83\"><a href=\"https:\/\/www.zonerama.com\/yankee\" target=\"_blank\" rel=\"noopener noreferrer\"> MRM zakon\u010den\u00ed l\u00e9ta 2009 aneb MIMO slav\u00ed 30<\/a>&nbsp; (19.&nbsp;9.&nbsp;2009)<\/h4>\n<\/div>\n<\/div>\n<div>\n<div>\n<h4><img loading=\"lazy\" decoding=\"async\" src=\"https:\/\/lh3.googleusercontent.com\/-rxVop58K9pU\/SoURcq5sKiE\/AAAAAAAABCo\/LCyItLKArco\/s144-c\/Prorubky2009IndianaJonesATriZtraceneMasky.jpg\" alt=\"\" width=\"83\" height=\"83\"><a href=\"https:\/\/www.zonerama.com\/yankee\" target=\"_blank\" rel=\"noopener noreferrer\"> Prorubky 2009 &#8211; Indiana Jones a t\u0159i ztracen\u00e9 masky<\/a>&nbsp; (1.&nbsp;7.&nbsp;2009)<\/h4>\n<h4><img loading=\"lazy\" decoding=\"async\" src=\"https:\/\/lh6.googleusercontent.com\/-jxr_Pd8Yajk\/SNIjmiVOvnE\/AAAAAAAAAQ8\/3YOLk0sZKl0\/s144-c\/Prorubky2008ZHadaProkletRoduWerttimore.jpg\" alt=\"\" width=\"83\" height=\"83\"><a href=\"https:\/\/www.zonerama.com\/yankee\" target=\"_blank\" rel=\"noopener noreferrer\"> Prorubky 2008 &#8211; Z\u00e1hada proklet\u00ed rodu Werttimore<\/a>&nbsp;&nbsp; (1.&nbsp;7.&nbsp;2008)<\/h4>\n<h4><img loading=\"lazy\" decoding=\"async\" class=\"alignnone wp-image-1217\" src=\"http:\/\/www.mrmaci.com\/wp-content\/uploads\/2013\/04\/aster.jpg\" alt=\"aster\" width=\"84\" height=\"76\"><a href=\"https:\/\/www.zonerama.com\/yankee\" target=\"_blank\" rel=\"noopener noreferrer\"> Prorubky 2007 &#8211; Asterix a Obelix &#8211; ztracen\u00fd n\u00e1poj Gal\u016f<\/a> &nbsp; (13.&nbsp;7.&nbsp;2007)<\/h4>\n<h4><img loading=\"lazy\" decoding=\"async\" class=\"alignnone wp-image-1222\" src=\"http:\/\/www.mrmaci.com\/wp-content\/uploads\/2013\/04\/moon.jpg\" alt=\"moon\" width=\"85\" height=\"76\"><a href=\"https:\/\/www.zonerama.com\/yankee\" target=\"_blank\" rel=\"noopener noreferrer\"> Prorubky 2006 &#8211; Indi\u00e1ni<\/a> &nbsp; (14.&nbsp;7.&nbsp;2006)<\/h4>\n<\/div>\n<\/div>\n<div>\n<div>\n<h4><img loading=\"lazy\" decoding=\"async\" class=\"\" src=\"https:\/\/lh3.googleusercontent.com\/-MB1ZWI7F99w\/S9X0GDPqmDE\/AAAAAAAABfs\/ebbiSXu-ri4\/s144-c\/Prorubky2004OPokladKapitanaFlinta.jpg\" alt=\"\" width=\"83\" height=\"83\"><a href=\"https:\/\/www.zonerama.com\/yankee\" target=\"_blank\" rel=\"noopener noreferrer\"> Prorubky 2004 &#8211; O poklad kapit\u00e1na Flinta<\/a>&nbsp;&nbsp; (10.&nbsp;7.&nbsp;2004)<\/h4>\n<\/div>\n<\/div>\n<\/div>\n","protected":false},"excerpt":{"rendered":"<p>Za dlouh\u00fdch zimn\u00edch ve\u010der\u016f (a nebo kdykoli jindy) se m\u016f\u017eete mrknout na fotky z&nbsp;let minul\u00fdch&#8230; a t\u0159eba se zasm\u00e1t spolu s&nbsp;n\u00e1mi, jak jsme byli mlad\u00ed, kr\u00e1sn\u00ed a jak n\u00e1m to slu\u0161elo. Prorubky 2025 &#8211; Poklad Azt\u00e9k\u016f (11.7.2025) Prorubky 2024 &#8211; &hellip; <a href=\"https:\/\/www.mrmaci.com\/?page_id=86\">Cel\u00fd p\u0159\u00edsp\u011bvek <span class=\"meta-nav\">&rarr;<\/span><\/a><\/p>\n","protected":false},"author":1,"featured_media":0,"parent":0,"menu_order":0,"comment_status":"closed","ping_status":"closed","template":"onecolumn-page.php","meta":{"ngg_post_thumbnail":0,"footnotes":""},"class_list":["post-86","page","type-page","status-publish","hentry"],"_links":{"self":[{"href":"https:\/\/www.mrmaci.com\/index.php?rest_route=\/wp\/v2\/pages\/86"}],"collection":[{"href":"https:\/\/www.mrmaci.com\/index.php?rest_route=\/wp\/v2\/pages"}],"about":[{"href":"https:\/\/www.mrmaci.com\/index.php?rest_route=\/wp\/v2\/types\/page"}],"author":[{"embeddable":true,"href":"https:\/\/www.mrmaci.com\/index.php?rest_route=\/wp\/v2\/users\/1"}],"replies":[{"embeddable":true,"href":"https:\/\/www.mrmaci.com\/index.php?rest_route=%2Fwp%2Fv2%2Fcomments&post=86"}],"version-history":[{"count":41,"href":"https:\/\/www.mrmaci.com\/index.php?rest_route=\/wp\/v2\/pages\/86\/revisions"}],"predecessor-version":[{"id":2542,"href":"https:\/\/www.mrmaci.com\/index.php?rest_route=\/wp\/v2\/pages\/86\/revisions\/2542"}],"wp:attachment":[{"href":"https:\/\/www.mrmaci.com\/index.php?rest_route=%2Fwp%2Fv2%2Fmedia&parent=86"}],"curies":[{"name":"wp","href":"https:\/\/api.w.org\/{rel}","templated":true}]}}