{"id":743,"date":"2015-01-23T22:21:59","date_gmt":"2015-01-23T21:21:59","guid":{"rendered":"http:\/\/www.mrmaci.com\/?page_id=743"},"modified":"2024-01-08T19:27:21","modified_gmt":"2024-01-08T18:27:21","slug":"prorubky-2015-jiz-brzy-odtajnime","status":"publish","type":"page","link":"https:\/\/www.mrmaci.com\/?page_id=743","title":{"rendered":"Prorubky 2015 &#8211; Bo\u017esk\u00e9 pr\u00e1zdniny"},"content":{"rendered":"<p style=\"text-align: center;\"><span style=\"color: #000000;\"><strong><a title=\"Prorubky 2014 \u2013 Dobrodruzi od Zlat\u00e9 \u0159eky\" href=\"http:\/\/www.mrmaci.com\/?page_id=201\">2014 &lt;&lt;&lt;<\/a> <img loading=\"lazy\" decoding=\"async\" class=\"alignnone size-full wp-image-298\" src=\"http:\/\/www.mrmaci.com\/wp-content\/uploads\/2013\/12\/stany.jpg\" alt=\"stany\" width=\"132\" height=\"39\"><a href=\"http:\/\/www.mrmaci.com\/?page_id=925\">&gt;&gt;&gt; 2016<\/a><\/strong><\/span><br \/>\n<strong>t\u00e1borov\u00fd zp\u011bvn\u00ed\u010dek<\/strong> ve form\u00e1tu PDF <a href=\"http:\/\/www.mrmaci.com\/wp-content\/uploads\/2015\/07\/zpevnik-2015.pdf\">si m\u016f\u017eete st\u00e1hnout zde<\/a><\/p>\n<p style=\"text-align: center;\"><strong>FOTKY z&nbsp;t\u00e1bor\u016f<\/strong> <a title=\"Fotogalerie aneb Je na co vzpom\u00ednat !\" href=\"http:\/\/www.mrmaci.com\/?page_id=86\">m\u00e1me tady<\/a><b> <\/b><\/p>\n<p style=\"text-align: left;\"><strong><img loading=\"lazy\" decoding=\"async\" class=\"alignnone size-full wp-image-856\" src=\"http:\/\/www.mrmaci.com\/wp-content\/uploads\/2015\/01\/zluti2015.jpg\" alt=\"zluti2015\" width=\"850\" height=\"630\" srcset=\"https:\/\/www.mrmaci.com\/wp-content\/uploads\/2015\/01\/zluti2015.jpg 850w, https:\/\/www.mrmaci.com\/wp-content\/uploads\/2015\/01\/zluti2015-300x222.jpg 300w\" sizes=\"(max-width: 850px) 100vw, 850px\" \/> Pudingov\u00e9 <\/strong>(\u017elut\u00ed) &#8211; Yankee <strong>(Dion\u00fdsos)<\/strong> + Ane\u017eka<strong> (H\u00e9ra)<\/strong><\/p>\n<p><strong> <img loading=\"lazy\" decoding=\"async\" class=\"alignnone size-full wp-image-857\" src=\"http:\/\/www.mrmaci.com\/wp-content\/uploads\/2015\/01\/zeleni2015.jpg\" alt=\"zeleni2015\" width=\"850\" height=\"519\" srcset=\"https:\/\/www.mrmaci.com\/wp-content\/uploads\/2015\/01\/zeleni2015.jpg 850w, https:\/\/www.mrmaci.com\/wp-content\/uploads\/2015\/01\/zeleni2015-300x183.jpg 300w\" sizes=\"(max-width: 850px) 100vw, 850px\" \/> Tzatziky <\/strong>(zelen\u00ed) &#8211; Lenka <strong>(Artemis)<\/strong> + Terka <strong>(Palas Ath\u00e9na)<\/strong>+ Peky <strong>(Hermes)<\/strong> <img loading=\"lazy\" decoding=\"async\" class=\"alignnone size-full wp-image-858\" src=\"http:\/\/www.mrmaci.com\/wp-content\/uploads\/2015\/01\/modri2015.jpg\" alt=\"modri2015\" width=\"850\" height=\"534\" srcset=\"https:\/\/www.mrmaci.com\/wp-content\/uploads\/2015\/01\/modri2015.jpg 850w, https:\/\/www.mrmaci.com\/wp-content\/uploads\/2015\/01\/modri2015-300x188.jpg 300w\" sizes=\"(max-width: 850px) 100vw, 850px\" \/> <strong>Hastag blue<\/strong> (mod\u0159\u00ed) &#8211; Mimo <strong>(Poseidon)<\/strong> + Eva <strong>(Afrodit\u00e9)<\/strong> + Majda <strong>(Persef\u00f3na)<\/strong> <img loading=\"lazy\" decoding=\"async\" class=\"alignnone size-full wp-image-859\" src=\"http:\/\/www.mrmaci.com\/wp-content\/uploads\/2015\/01\/cerveni2015.jpg\" alt=\"cerveni2015\" width=\"850\" height=\"614\" srcset=\"https:\/\/www.mrmaci.com\/wp-content\/uploads\/2015\/01\/cerveni2015.jpg 850w, https:\/\/www.mrmaci.com\/wp-content\/uploads\/2015\/01\/cerveni2015-300x217.jpg 300w\" sizes=\"(max-width: 850px) 100vw, 850px\" \/> <strong>Illumin\u00e1ti<\/strong> (\u010derven\u00ed) &#8211; Major <strong>(Eros)<\/strong> + Honza <strong>(H\u00e1d\u00e9s)<\/strong> <strong><img loading=\"lazy\" decoding=\"async\" class=\"alignnone size-full wp-image-855\" src=\"http:\/\/www.mrmaci.com\/wp-content\/uploads\/2015\/01\/vedouci2015.jpg\" alt=\"vedouci2015\" width=\"850\" height=\"326\" srcset=\"https:\/\/www.mrmaci.com\/wp-content\/uploads\/2015\/01\/vedouci2015.jpg 850w, https:\/\/www.mrmaci.com\/wp-content\/uploads\/2015\/01\/vedouci2015-300x115.jpg 300w\" sizes=\"(max-width: 850px) 100vw, 850px\" \/> <img loading=\"lazy\" decoding=\"async\" class=\"alignnone size-full wp-image-861\" src=\"http:\/\/www.mrmaci.com\/wp-content\/uploads\/2015\/01\/bozi2015.jpg\" alt=\"bozi2015\" width=\"850\" height=\"282\" srcset=\"https:\/\/www.mrmaci.com\/wp-content\/uploads\/2015\/01\/bozi2015.jpg 850w, https:\/\/www.mrmaci.com\/wp-content\/uploads\/2015\/01\/bozi2015-300x100.jpg 300w\" sizes=\"(max-width: 850px) 100vw, 850px\" \/> <\/strong><span style=\"text-decoration: underline; color: #ff6600;\"><span style=\"font-size: 14pt;\"><strong>BO\u017dSK\u00c9 PR\u00c1ZDNINY <\/strong><strong>aneb<\/strong><strong> BOHOV\u00c9 NEJSOU V\u017dDY \u0160\u00cdLEN\u00cd (?)<\/strong><\/span><\/span> Bohov\u00e9 Olymp\u0161t\u00ed od prad\u00e1vna shl\u00ed\u017e\u00ed na na\u0161i zemi a tu v\u00edce, tu m\u00e9n\u011b nen\u00e1padn\u011b \u0159\u00edd\u00ed na\u0161e osudy. N\u011bkdy pomohou, n\u011bkdy zlomysln\u011b u\u0161kod\u00ed a n\u011bkdy se pro zm\u011bnu tv\u00e1\u0159\u00ed, \u017ee nic nevid\u00ed&#8230; Ka\u017edop\u00e1dn\u011b letos velik\u00fd Zeus a jeho bo\u017esk\u00e1 dru\u017eina bude obzvl\u00e1\u0161t\u011b pe\u010dliv\u011b sledovat a \u0159\u00eddit d\u011bn\u00ed v&nbsp;jedn\u00e9 mal\u00e9 t\u00e1borov\u00e9 osad\u011b kdesi u Orlick\u00fdch hor. Hera, Poseidon, Ath\u00e9na, Afrodit\u00e9, Apol\u00f3n \u2013 tato jm\u00e9na n\u00e1m nejsou ciz\u00ed, ale zn\u00e1me je dob\u0159e? V\u00edme, na koho se p\u0159\u00edpadn\u011b obr\u00e1tit s&nbsp;prosbou o pomoc a komu se rad\u011bji vyhnout obloukem? S&nbsp;v\u00fdk\u0159iky \u201cpro Boha\u201c, \u201eBoha jeho\u201c nebo \u201epane Bo\u017ee\u201c budeme muset letos opatrn\u011b \u2013 jak zn\u00e1mo, k&nbsp;rozhn\u011bv\u00e1n\u00ed obyvatel b\u00e1jn\u00e9ho Olympu sta\u010d\u00ed m\u00e1lo a provokovat se nevypl\u00e1c\u00ed&#8230; St\u0159etnout se s&nbsp;celou \u0159adou nestv\u016fr jako je nap\u0159\u00edklad Kentaur, Hydra, Harpyje nebo Med\u00faza je jen pro otrl\u00e9 a siln\u00e9 povahy&#8230; Ale to my vlastn\u011b jsme, ne ? <img loading=\"lazy\" decoding=\"async\" class=\"alignnone size-full wp-image-773\" src=\"http:\/\/www.mrmaci.com\/wp-content\/uploads\/2015\/01\/reklam.jpg\" alt=\"reklam\" width=\"850\" height=\"580\" srcset=\"https:\/\/www.mrmaci.com\/wp-content\/uploads\/2015\/01\/reklam.jpg 850w, https:\/\/www.mrmaci.com\/wp-content\/uploads\/2015\/01\/reklam-300x204.jpg 300w\" sizes=\"(max-width: 850px) 100vw, 850px\" \/><\/p>\n","protected":false},"excerpt":{"rendered":"<p>2014 &lt;&lt;&lt; &gt;&gt;&gt; 2016 t\u00e1borov\u00fd zp\u011bvn\u00ed\u010dek ve form\u00e1tu PDF si m\u016f\u017eete st\u00e1hnout zde FOTKY z&nbsp;t\u00e1bor\u016f m\u00e1me tady Pudingov\u00e9 (\u017elut\u00ed) &#8211; Yankee (Dion\u00fdsos) + Ane\u017eka (H\u00e9ra) Tzatziky (zelen\u00ed) &#8211; Lenka (Artemis) + Terka (Palas Ath\u00e9na)+ Peky (Hermes) Hastag blue (mod\u0159\u00ed) &#8211; &hellip; <a href=\"https:\/\/www.mrmaci.com\/?page_id=743\">Cel\u00fd p\u0159\u00edsp\u011bvek <span class=\"meta-nav\">&rarr;<\/span><\/a><\/p>\n","protected":false},"author":1,"featured_media":0,"parent":19,"menu_order":0,"comment_status":"open","ping_status":"closed","template":"onecolumn-page.php","meta":{"ngg_post_thumbnail":0,"footnotes":""},"class_list":["post-743","page","type-page","status-publish","hentry"],"_links":{"self":[{"href":"https:\/\/www.mrmaci.com\/index.php?rest_route=\/wp\/v2\/pages\/743"}],"collection":[{"href":"https:\/\/www.mrmaci.com\/index.php?rest_route=\/wp\/v2\/pages"}],"about":[{"href":"https:\/\/www.mrmaci.com\/index.php?rest_route=\/wp\/v2\/types\/page"}],"author":[{"embeddable":true,"href":"https:\/\/www.mrmaci.com\/index.php?rest_route=\/wp\/v2\/users\/1"}],"replies":[{"embeddable":true,"href":"https:\/\/www.mrmaci.com\/index.php?rest_route=%2Fwp%2Fv2%2Fcomments&post=743"}],"version-history":[{"count":28,"href":"https:\/\/www.mrmaci.com\/index.php?rest_route=\/wp\/v2\/pages\/743\/revisions"}],"predecessor-version":[{"id":2244,"href":"https:\/\/www.mrmaci.com\/index.php?rest_route=\/wp\/v2\/pages\/743\/revisions\/2244"}],"up":[{"embeddable":true,"href":"https:\/\/www.mrmaci.com\/index.php?rest_route=\/wp\/v2\/pages\/19"}],"wp:attachment":[{"href":"https:\/\/www.mrmaci.com\/index.php?rest_route=%2Fwp%2Fv2%2Fmedia&parent=743"}],"curies":[{"name":"wp","href":"https:\/\/api.w.org\/{rel}","templated":true}]}}