{"id":625,"date":"2014-06-11T23:19:42","date_gmt":"2014-06-11T21:19:42","guid":{"rendered":"http:\/\/www.mrmaci.com\/?page_id=625"},"modified":"2018-07-17T11:38:48","modified_gmt":"2018-07-17T09:38:48","slug":"taborovy-kviz-odpovedi","status":"publish","type":"page","link":"https:\/\/www.mrmaci.com\/?page_id=625","title":{"rendered":"T\u00e1borov\u00fd kv\u00edz &#8211; odpov\u011bdi"},"content":{"rendered":"<p><strong>1) Kolik m\u00e1me standardn\u011b postaven\u00fdch stan\u016f pro t\u00e1born\u00edky?<\/strong><br \/>\n24<br \/>\n<strong>2) Zn\u00e1\u0161 spr\u00e1vn\u00fd n\u00e1zev legend\u00e1rn\u00edch prorubsk\u00fdch kadibudek?<\/strong><br \/>\nKARI<br \/>\n<strong>3) Jak se jmenuje osada, kde t\u00e1bo\u0159\u00edme?<\/strong><br \/>\nU star\u00e9ho ml\u00fdna<br \/>\n<strong>4) A co \u0159\u00ed\u010dka, kter\u00e1 te\u010de kolem?<br \/>\n<\/strong>Kn\u011b\u017en\u00e1<br \/>\n<strong>5) A jezero nedaleko, kam chod\u00edme ob\u010das na v\u00fdlet nebo na p\u0159esp\u00e1n\u00ed?<\/strong><br \/>\nIvansk\u00e9 jezero<br \/>\n<strong>6) N\u00e1zev sv\u011btozn\u00e1me kapely, kter\u00e1 ob\u010das exkluzivn\u011b na t\u00e1bor zav\u00edt\u00e1 a zahraje?<\/strong><br \/>\nMRM band<br \/>\n<strong>7) Co na na\u0161em t\u00e1bo\u0159e rozhodn\u011b nenajde\u0161?<br \/>\n<\/strong>televizi<br \/>\n<strong>8) Kde maj\u00ed nedaleko kr\u00e1sn\u00fd historick\u00fd d\u0159ev\u011bn\u00fd kostel\u00edk?<\/strong><br \/>\nv&nbsp;Liberku<br \/>\n<strong>9) Jsou v&nbsp;\u201ena\u0161em\u201c \u00fadol\u00ed je\u0161t\u011b dal\u0161\u00ed t\u00e1bory?<\/strong><br \/>\nAno, ob\u011bma sm\u011bry od n\u00e1s<br \/>\n<strong>10) Kter\u00e9 pochutiny n\u00e1m tady, kdy\u017e je po\u010das\u00ed, p\u0159\u00edroda hojn\u011b nab\u00edz\u00ed?<\/strong><br \/>\nbor\u016fvky a lesn\u00ed jahody<br \/>\n<strong>11) V&nbsp;nejbli\u017e\u0161\u00edm m\u011bst\u011b Rychnov\u011b maj\u00ed:<\/strong><br \/>\nz\u00e1mek<br \/>\n<strong>12) Kdo v&nbsp;l\u00e9t\u011b symbolicky hl\u00edd\u00e1 t\u00e1bo\u0159i\u0161t\u011b?<\/strong><br \/>\nindi\u00e1nsk\u00fd totem<br \/>\n<strong>13) Co je b\u011b\u017enou n\u00e1pln\u00ed denn\u00ed t\u00e1borov\u00e9 slu\u017eby?<\/strong><br \/>\nmyt\u00ed n\u00e1dob\u00ed a pomoc kuchyni<br \/>\n<strong>14) Vodu pro kuchyni a na zahn\u00e1n\u00ed \u017e\u00edzn\u011b<\/strong><br \/>\npumpujeme z&nbsp;vlastn\u00ed studny<br \/>\n<strong>15) Ve stanech se sp\u00ed<br \/>\n<\/strong>ve vlastn\u00edm nebo p\u016fj\u010den\u00e9m spac\u00e1ku, jak jinak<br \/>\n<strong>16) Asi nej\u00fasp\u011b\u0161n\u011bj\u0161\u00ed p\u00edsni\u010dka z&nbsp;ve\u010dern\u00edch zp\u00edvanek je<\/strong><br \/>\nObluda (z&nbsp;CD &#8222;Pro\u010d bychom se netopili&#8220;)<br \/>\n<strong>17) Na\u0161e t\u00e1borov\u00e1 vlajka je<\/strong><br \/>\nslun\u00ed\u010dkov\u00e1<br \/>\n<strong>18) Pe\u010divo hlavn\u011b ke sn\u00eddani a ke sva\u010din\u011b<\/strong><br \/>\nn\u00e1m voz\u00ed peka\u0159 do t\u00e1bora<br \/>\n<strong>19) A kdy\u017e je volno, m\u016f\u017eeme si zahr\u00e1t t\u0159eba<\/strong><br \/>\nvolejbal, ping-pong, p\u0159ehazku<br \/>\n<strong>20) Kdo se chce vykoupat<br \/>\n<\/strong>m\u011bl by um\u011bt i plavat a po\u010d\u00edtat se studenou vodou<br \/>\n<strong>21) Na t\u00e1bor se tak \u010di tak vrac\u00edme<br \/>\n<\/strong>r\u00e1di, ka\u017ed\u00fd rok ne\u017e vyrosteme&#8230;<br \/>\nr\u00e1di, pokud mo\u017eno co nej\u010dast\u011bji&#8230;<br \/>\nr\u00e1di, nejl\u00e9pe se sv\u00fdmi kamar\u00e1dy&#8230;<\/p>\n","protected":false},"excerpt":{"rendered":"<p>1) Kolik m\u00e1me standardn\u011b postaven\u00fdch stan\u016f pro t\u00e1born\u00edky? 24&nbsp;2) Zn\u00e1\u0161 spr\u00e1vn\u00fd n\u00e1zev legend\u00e1rn\u00edch prorubsk\u00fdch kadibudek? KARI 3) Jak se jmenuje osada, kde t\u00e1bo\u0159\u00edme? U star\u00e9ho ml\u00fdna 4) A co \u0159\u00ed\u010dka, kter\u00e1 te\u010de kolem? Kn\u011b\u017en\u00e1 5) A jezero nedaleko, kam &hellip; <a href=\"https:\/\/www.mrmaci.com\/?page_id=625\">Cel\u00fd p\u0159\u00edsp\u011bvek <span class=\"meta-nav\">&rarr;<\/span><\/a><\/p>\n","protected":false},"author":1,"featured_media":0,"parent":615,"menu_order":0,"comment_status":"open","ping_status":"open","template":"onecolumn-page.php","meta":{"ngg_post_thumbnail":0,"footnotes":""},"class_list":["post-625","page","type-page","status-publish","hentry"],"_links":{"self":[{"href":"https:\/\/www.mrmaci.com\/index.php?rest_route=\/wp\/v2\/pages\/625"}],"collection":[{"href":"https:\/\/www.mrmaci.com\/index.php?rest_route=\/wp\/v2\/pages"}],"about":[{"href":"https:\/\/www.mrmaci.com\/index.php?rest_route=\/wp\/v2\/types\/page"}],"author":[{"embeddable":true,"href":"https:\/\/www.mrmaci.com\/index.php?rest_route=\/wp\/v2\/users\/1"}],"replies":[{"embeddable":true,"href":"https:\/\/www.mrmaci.com\/index.php?rest_route=%2Fwp%2Fv2%2Fcomments&post=625"}],"version-history":[{"count":3,"href":"https:\/\/www.mrmaci.com\/index.php?rest_route=\/wp\/v2\/pages\/625\/revisions"}],"predecessor-version":[{"id":1532,"href":"https:\/\/www.mrmaci.com\/index.php?rest_route=\/wp\/v2\/pages\/625\/revisions\/1532"}],"up":[{"embeddable":true,"href":"https:\/\/www.mrmaci.com\/index.php?rest_route=\/wp\/v2\/pages\/615"}],"wp:attachment":[{"href":"https:\/\/www.mrmaci.com\/index.php?rest_route=%2Fwp%2Fv2%2Fmedia&parent=625"}],"curies":[{"name":"wp","href":"https:\/\/api.w.org\/{rel}","templated":true}]}}