{"id":615,"date":"2014-06-11T23:08:55","date_gmt":"2014-06-11T21:08:55","guid":{"rendered":"http:\/\/www.mrmaci.com\/?page_id=615"},"modified":"2020-01-02T10:00:12","modified_gmt":"2020-01-02T09:00:12","slug":"taborovy-kviz-pro-nedockave","status":"publish","type":"page","link":"https:\/\/www.mrmaci.com\/?page_id=615","title":{"rendered":"T\u00e1borov\u00fd kv\u00edz pro nedo\u010dkav\u00e9&#8230;"},"content":{"rendered":"<p>Pro nedo\u010dkavce tu m\u00e1me Prorubsk\u00fd t\u00e1borov\u00fd kv\u00edz&#8230;n\u011bkoho, douf\u00e1me, rozesm\u011bje, n\u011bkoho navnad\u00ed a v&nbsp;n\u011bkom t\u0159eba vzbud\u00ed z\u00e1jem se k&nbsp;n\u00e1m na t\u00e1bor pod\u00edvat&#8230;a p\u0159idat se k&nbsp;n\u00e1m.<br \/>\n<a title=\"po\u010d\u00edtadlo p\u0159\u00edstup\u016f: pocitadlo.abz.cz\" href=\"http:\/\/pocitadlo.abz.cz\/\"><img decoding=\"async\" src=\"http:\/\/pocitadlo.abz.cz\/aip.php?tp=di\" alt=\"po\u010d\u00edtadlo.abz.cz\" border=\"0\"><\/a><br \/>\n<!-- ---- http:\/\/pocitadlo.abz.cz\/ ---- --><\/p>\n<p><strong>1) Kolik m\u00e1me standardn\u011b postaven\u00fdch stan\u016f pro t\u00e1born\u00edky?<br \/>\n<\/strong>18<br \/>\n20<br \/>\n29<\/p>\n<p><strong>&nbsp;2) Zn\u00e1\u0161 spr\u00e1vn\u00fd n\u00e1zev legend\u00e1rn\u00edch prorubsk\u00fdch kadibudek?<br \/>\n<\/strong>KAKI<br \/>\nKARI<br \/>\nKADI<\/p>\n<p><strong>3) Jak se jmenuje osada, kde t\u00e1bo\u0159\u00edme?<br \/>\n<\/strong>U doln\u00edho ml\u00fdna<br \/>\nU star\u00e9ho ml\u00fdna<br \/>\nU b\u00fdval\u00e9ho ml\u00fdna<\/p>\n<p><strong>4) A co \u0159\u00ed\u010dka, kter\u00e1 te\u010de kolem?<br \/>\n<\/strong>Kn\u011b\u017en\u00e1<br \/>\nKn\u011b\u017ena<br \/>\nSn\u011b\u017en\u00e1<\/p>\n<p><strong>5) A jezero nedaleko, kam chod\u00edme ob\u010das na v\u00fdlet nebo na p\u0159esp\u00e1n\u00ed?<br \/>\n<\/strong>Javornick\u00e9 jezero<br \/>\nIvansk\u00e9 jezero<br \/>\nHabrovsk\u00e9 jezero<\/p>\n<p><strong>6) N\u00e1zev sv\u011btozn\u00e1me kapely, kter\u00e1 ob\u010das exkluzivn\u011b na t\u00e1bor zav\u00edt\u00e1 a zahraje?<br \/>\n<\/strong>PROKY band<br \/>\nPAKA bend<br \/>\nMRM band<\/p>\n<p><strong>7) Co na na\u0161em t\u00e1bo\u0159e rozhodn\u011b nenajde\u0161?<br \/>\n<\/strong>televizi<br \/>\nteplou vodu<br \/>\ninternet<\/p>\n<p><strong>8) Kde maj\u00ed nedaleko kr\u00e1sn\u00fd historick\u00fd d\u0159ev\u011bn\u00fd kostel\u00edk?<br \/>\n<\/strong>v&nbsp;Javornici<br \/>\nv&nbsp;Pansk\u00e9 Habrov\u00e9<br \/>\nv&nbsp;Liberku<\/p>\n<p><strong>9) Jsou v&nbsp;\u201ena\u0161em\u201c \u00fadol\u00ed je\u0161t\u011b dal\u0161\u00ed t\u00e1bory?<br \/>\n<\/strong>Ano, proti proudu od n\u00e1s<br \/>\nAno, ob\u011bma sm\u011bry od n\u00e1s<br \/>\nAno, po proudu od n\u00e1s<\/p>\n<p><strong>10) Kter\u00e9 pochutiny n\u00e1m tady, kdy\u017e je po\u010das\u00ed, p\u0159\u00edroda hojn\u011b nab\u00edz\u00ed?<br \/>\n<\/strong>maliny a angre\u0161ty<br \/>\nbor\u016fvky a lesn\u00ed jahody<br \/>\nostru\u017einy a jahody<\/p>\n<p><strong>11) V&nbsp;nejbli\u017e\u0161\u00edm m\u011bst\u011b Rychnov\u011b nad Kn\u011b\u017enou maj\u00ed:<br \/>\n<\/strong>z\u0159\u00edceninu<br \/>\nhrad<br \/>\nz\u00e1mek<\/p>\n<p><strong>12) Kdo v&nbsp;l\u00e9t\u011b symbolicky hl\u00edd\u00e1 t\u00e1bo\u0159i\u0161t\u011b?<br \/>\n<\/strong>lesn\u00ed sk\u0159\u00edtci<br \/>\nindi\u00e1nsk\u00fd totem<br \/>\nstr\u00e1\u017en\u00ed v\u011b\u017e<\/p>\n<p><strong>13) Co je b\u011b\u017enou n\u00e1pln\u00ed denn\u00ed t\u00e1borov\u00e9 slu\u017eby?<br \/>\n<\/strong>dohl\u00ed\u017een\u00ed na ostatn\u00ed a bodov\u00e1n\u00ed stan\u016f<br \/>\nmyt\u00ed n\u00e1dob\u00ed a pomoc kuchyni<br \/>\npovinn\u00e1 no\u010dn\u00ed hl\u00eddka po celou noc<\/p>\n<p><strong>14) Vodu pro kuchyni a na zahn\u00e1n\u00ed \u017e\u00edzn\u011b<br \/>\n<\/strong>nos\u00edme ka\u017ed\u00fd den z&nbsp;Prorubek<br \/>\n\u010derp\u00e1me samosp\u00e1dem od pramene nad t\u00e1borem<br \/>\npumpujeme z&nbsp;vlastn\u00ed studny<\/p>\n<p><strong>15) Ve stanech se sp\u00ed<br \/>\n<\/strong>ve vlastn\u00edm nebo p\u016fj\u010den\u00e9m spac\u00e1ku, jak jinak<br \/>\nv&nbsp;denn\u011b p\u0159evl\u00e9kan\u00fdch pe\u0159in\u00e1ch, co\u017e je bezva<br \/>\nv&nbsp;tepl\u00ed\u010dku pod vojensk\u00fdmi dekami, ale kou\u0161ou<\/p>\n<p><strong>16) Asi nej\u00fasp\u011b\u0161n\u011bj\u0161\u00ed p\u00edsni\u010dka z&nbsp;ve\u010dern\u00edch zp\u00edvanek je<br \/>\n<\/strong>Vyplouv\u00e1 lo\u010f John B.<br \/>\nKdyby se v&nbsp;komnat\u00e1ch<br \/>\nObluda<\/p>\n<p><strong>17) Na\u0161e t\u00e1borov\u00e1 vlajka je<br \/>\n<\/strong>s&nbsp;ml\u00fdnsk\u00fdm kolem<br \/>\nslun\u00ed\u010dkov\u00e1<br \/>\nka\u017ed\u00fd rok jin\u00e1 podle celot\u00e1borov\u00e9 hry<\/p>\n<p><strong>18) Pe\u010divo hlavn\u011b ke sn\u00eddani a ke sva\u010din\u011b<br \/>\n<\/strong>n\u00e1m voz\u00ed peka\u0159&nbsp;do t\u00e1bora<br \/>\nn\u00e1m voz\u00ed n\u00e1\u0161 z\u00e1sobova\u010d nebo pro n\u011bj dob\u011bhneme<br \/>\nmoc nepot\u0159ebujeme, pe\u010deme si ho \u010dasto sami<\/p>\n<p><strong>19) A kdy\u017e je volno, m\u016f\u017eeme si zahr\u00e1t t\u0159eba<br \/>\n<\/strong>\u0161ipky, p\u0159ehazku, volejbal<br \/>\nvolejbal, ping-pong, p\u0159ehazku<br \/>\nfotb\u00e1lek, basket, \u0161ipky<\/p>\n<p><strong>20) Kdo se chce vykoupat<br \/>\n<\/strong>m\u011bl by um\u011bt i plavat a po\u010d\u00edtat se studenou vodou<br \/>\nm\u00e1 bohu\u017eel sm\u016flu, nen\u00ed kde, jedin\u011b ve vesnici<br \/>\nplavat um\u011bt nemus\u00ed, v\u0161ude je voda jen po kotn\u00edky<\/p>\n<p><strong>21) Na t\u00e1bor se tak \u010di tak vrac\u00edme<br \/>\n<\/strong>r\u00e1di, ka\u017ed\u00fd rok ne\u017e vyrosteme&#8230;<br \/>\nr\u00e1di, pokud mo\u017eno co nej\u010dast\u011bji&#8230;<br \/>\nr\u00e1di, nejl\u00e9pe se sv\u00fdmi kamar\u00e1dy&#8230;<\/p>\n<p><strong>A spr\u00e1vn\u00e9 odpov\u011bdi? Klikni na otazn\u00edk, p\u0159eci&#8230;<\/strong><\/p>\n<p><a title=\"T\u00e1borov\u00fd kv\u00edz \u2013 odpov\u011bdi\" href=\"http:\/\/www.mrmaci.com\/?page_id=625\"><img loading=\"lazy\" decoding=\"async\" class=\"wp-image-617 aligncenter\" src=\"http:\/\/www.mrmaci.com\/wp-content\/uploads\/2014\/06\/kviz.jpg\" alt=\"kviz\" width=\"219\" height=\"219\" srcset=\"https:\/\/www.mrmaci.com\/wp-content\/uploads\/2014\/06\/kviz.jpg 400w, https:\/\/www.mrmaci.com\/wp-content\/uploads\/2014\/06\/kviz-150x150.jpg 150w, https:\/\/www.mrmaci.com\/wp-content\/uploads\/2014\/06\/kviz-300x300.jpg 300w\" sizes=\"(max-width: 219px) 100vw, 219px\" \/><\/a><\/p>\n","protected":false},"excerpt":{"rendered":"<p>Pro nedo\u010dkavce tu m\u00e1me Prorubsk\u00fd t\u00e1borov\u00fd kv\u00edz&#8230;n\u011bkoho, douf\u00e1me, rozesm\u011bje, n\u011bkoho navnad\u00ed a v&nbsp;n\u011bkom t\u0159eba vzbud\u00ed z\u00e1jem se k&nbsp;n\u00e1m na t\u00e1bor pod\u00edvat&#8230;a p\u0159idat se k&nbsp;n\u00e1m. 1) Kolik m\u00e1me standardn\u011b postaven\u00fdch stan\u016f pro t\u00e1born\u00edky? 18&nbsp;20&nbsp;29 &nbsp;2) Zn\u00e1\u0161 spr\u00e1vn\u00fd n\u00e1zev legend\u00e1rn\u00edch &hellip; <a href=\"https:\/\/www.mrmaci.com\/?page_id=615\">Cel\u00fd p\u0159\u00edsp\u011bvek <span class=\"meta-nav\">&rarr;<\/span><\/a><\/p>\n","protected":false},"author":1,"featured_media":0,"parent":486,"menu_order":0,"comment_status":"open","ping_status":"open","template":"onecolumn-page.php","meta":{"ngg_post_thumbnail":0,"footnotes":""},"class_list":["post-615","page","type-page","status-publish","hentry"],"_links":{"self":[{"href":"https:\/\/www.mrmaci.com\/index.php?rest_route=\/wp\/v2\/pages\/615"}],"collection":[{"href":"https:\/\/www.mrmaci.com\/index.php?rest_route=\/wp\/v2\/pages"}],"about":[{"href":"https:\/\/www.mrmaci.com\/index.php?rest_route=\/wp\/v2\/types\/page"}],"author":[{"embeddable":true,"href":"https:\/\/www.mrmaci.com\/index.php?rest_route=\/wp\/v2\/users\/1"}],"replies":[{"embeddable":true,"href":"https:\/\/www.mrmaci.com\/index.php?rest_route=%2Fwp%2Fv2%2Fcomments&post=615"}],"version-history":[{"count":8,"href":"https:\/\/www.mrmaci.com\/index.php?rest_route=\/wp\/v2\/pages\/615\/revisions"}],"predecessor-version":[{"id":1661,"href":"https:\/\/www.mrmaci.com\/index.php?rest_route=\/wp\/v2\/pages\/615\/revisions\/1661"}],"up":[{"embeddable":true,"href":"https:\/\/www.mrmaci.com\/index.php?rest_route=\/wp\/v2\/pages\/486"}],"wp:attachment":[{"href":"https:\/\/www.mrmaci.com\/index.php?rest_route=%2Fwp%2Fv2%2Fmedia&parent=615"}],"curies":[{"name":"wp","href":"https:\/\/api.w.org\/{rel}","templated":true}]}}