{"id":372,"date":"2014-02-05T21:15:53","date_gmt":"2014-02-05T20:15:53","guid":{"rendered":"http:\/\/www.mrmaci.com\/?page_id=372"},"modified":"2025-08-22T20:38:12","modified_gmt":"2025-08-22T18:38:12","slug":"video-zkratky","status":"publish","type":"page","link":"https:\/\/www.mrmaci.com\/?page_id=372","title":{"rendered":"Video zkrat(k)y"},"content":{"rendered":"<h4><strong>T\u00e1borov\u00e9 pok\u0159iky &#8211; 2025&nbsp; &nbsp; &nbsp; &nbsp; &nbsp; &nbsp; &nbsp; &nbsp; &nbsp; &nbsp; &nbsp; &nbsp; &nbsp; &nbsp; &nbsp; &nbsp; &nbsp; &nbsp;<\/strong><strong>T\u00e1borov\u00e9 pok\u0159iky &#8211; 2024<br \/>\n<\/strong>(Poklad Azt\u00e9k\u016f)&nbsp; &nbsp; &nbsp; &nbsp; &nbsp; &nbsp; &nbsp; &nbsp; &nbsp; &nbsp; &nbsp; &nbsp; &nbsp; &nbsp; &nbsp; &nbsp; &nbsp; &nbsp; &nbsp; &nbsp; &nbsp; &nbsp; &nbsp; &nbsp; &nbsp; &nbsp; &nbsp; &nbsp; &nbsp; &nbsp; (Pevnost Boyard)&nbsp;<iframe loading=\"lazy\" title=\"T\u00e1borov\u00e9 pok\u0159iky - Poklad Azt\u00e9k\u016f\" src=\"https:\/\/www.youtube.com\/embed\/XoluDPv8xx4\" width=\"300\" height=\"300\" frameborder=\"0\" allowfullscreen=\"allowfullscreen\"><span style=\"display: inline-block; width: 0px; overflow: hidden; line-height: 0;\" data-mce-type=\"bookmark\" class=\"mce_SELRES_start\">\ufeff<\/span><\/iframe> <iframe loading=\"lazy\" title=\"T\u00e1borov\u00e9 pok\u0159iky - Pevnost Boyard\" src=\"https:\/\/www.youtube.com\/embed\/qlgM6rEDULU\" width=\"300\" height=\"300\" frameborder=\"0\" allowfullscreen=\"allowfullscreen\" data-mce-fragment=\"1\"><span data-mce-type=\"bookmark\" class=\"mce_SELRES_start\">\ufeff<\/span><\/iframe><\/h4>\n<h4><strong>T\u00e1borov\u00e9 pok\u0159iky &#8211; 2023&nbsp; &nbsp; &nbsp; &nbsp; &nbsp; &nbsp; &nbsp; &nbsp; &nbsp; &nbsp; &nbsp; &nbsp; &nbsp; &nbsp; &nbsp; &nbsp; &nbsp; &nbsp; &nbsp;T\u00e1borov\u00e9 pok\u0159iky &#8211; 2022<\/strong><strong><br \/>\n<\/strong>(Legenda o Aangovi)&nbsp; &nbsp; &nbsp; &nbsp; &nbsp; &nbsp; &nbsp; &nbsp; &nbsp; &nbsp; &nbsp; &nbsp; &nbsp; &nbsp; &nbsp; &nbsp; &nbsp; &nbsp; &nbsp; &nbsp; &nbsp; &nbsp; &nbsp; &nbsp; &nbsp; &nbsp; &nbsp; (Filmov\u00e9 l\u00e9to Vol.2)<br \/>\n<iframe loading=\"lazy\" src=\"https:\/\/www.youtube.com\/embed\/icRi_SKZ0ec\" width=\"300\" height=\"300\" frameborder=\"0\" allowfullscreen=\"allowfullscreen\" data-mce-fragment=\"1\"><span data-mce-type=\"bookmark\" class=\"mce_SELRES_start\">\ufeff<\/span><span data-mce-type=\"bookmark\" class=\"mce_SELRES_start\">\ufeff<\/span><\/iframe>&nbsp; &nbsp;<iframe loading=\"lazy\" src=\"https:\/\/www.youtube.com\/embed\/yuhI5osKUtk\" width=\"300\" height=\"300\" frameborder=\"0\" allowfullscreen=\"allowfullscreen\" data-mce-fragment=\"1\"><span data-mce-type=\"bookmark\" class=\"mce_SELRES_start\">\ufeff<\/span><span data-mce-type=\"bookmark\" class=\"mce_SELRES_start\">\ufeff<\/span><span data-mce-type=\"bookmark\" class=\"mce_SELRES_start\">\ufeff<\/span><\/iframe><\/h4>\n<h4><strong>T\u00e1borov\u00e9 pok\u0159iky &#8211; 2018&nbsp; &nbsp; &nbsp; &nbsp; &nbsp; &nbsp; &nbsp; &nbsp; &nbsp; &nbsp; &nbsp; &nbsp; &nbsp; &nbsp; &nbsp; &nbsp; &nbsp; &nbsp; &nbsp; <\/strong><strong>T\u00e1borov\u00e9 pok\u0159iky &#8211; 2017<br \/>\n<\/strong>(Filmov\u00e9 l\u00e9to Vol.2)&nbsp; &nbsp; &nbsp; &nbsp; &nbsp; &nbsp; &nbsp; &nbsp; &nbsp; &nbsp; &nbsp; &nbsp; &nbsp; &nbsp; &nbsp; &nbsp; &nbsp; &nbsp; &nbsp; &nbsp; &nbsp; &nbsp; &nbsp; &nbsp; &nbsp; &nbsp; &nbsp; &nbsp; (Egypt &#8211; Faraonova pomsta)<br \/>\n<iframe loading=\"lazy\" src=\"https:\/\/www.youtube.com\/embed\/bPv6pg-QeeA\" width=\"300\" height=\"300\" frameborder=\"0\" allowfullscreen=\"allowfullscreen\" data-mce-fragment=\"1\"><span data-mce-type=\"bookmark\" class=\"mce_SELRES_start\">\ufeff<\/span><span data-mce-type=\"bookmark\" class=\"mce_SELRES_start\">\ufeff<\/span><\/iframe>&nbsp;&nbsp; <iframe loading=\"lazy\" src=\"https:\/\/www.youtube.com\/embed\/Ooolhtfunqs\" width=\"300\" height=\"300\" frameborder=\"0\" allowfullscreen=\"allowfullscreen\" data-mce-fragment=\"1\"><span style=\"display: inline-block; width: 0px; overflow: hidden; line-height: 0;\" data-mce-type=\"bookmark\" class=\"mce_SELRES_start\">\ufeff<\/span><span style=\"display: inline-block; width: 0px; overflow: hidden; line-height: 0;\" data-mce-type=\"bookmark\" class=\"mce_SELRES_start\">\ufeff<\/span><span data-mce-type=\"bookmark\" class=\"mce_SELRES_start\">\ufeff<\/span><span data-mce-type=\"bookmark\" class=\"mce_SELRES_start\">\ufeff<\/span><\/iframe>&nbsp;&nbsp;<\/h4>\n<h4><strong>Z\u00e1v\u011bre\u010dn\u00e1 zdravice s&nbsp;titulky &#8211; 2016&nbsp;&nbsp;&nbsp;&nbsp;&nbsp;&nbsp;&nbsp;&nbsp;&nbsp;&nbsp;&nbsp;&nbsp;&nbsp;&nbsp;&nbsp; <\/strong><strong>T\u00e1borov\u00e9 pok\u0159iky &#8211; 2016<br \/>\n<\/strong>(Filmov\u00e9 l\u00e9to)&nbsp;&nbsp;&nbsp;&nbsp;&nbsp;&nbsp;&nbsp;&nbsp;&nbsp;&nbsp;&nbsp;&nbsp;&nbsp;&nbsp;&nbsp;&nbsp;&nbsp;&nbsp;&nbsp;&nbsp;&nbsp;&nbsp;&nbsp;&nbsp;&nbsp;&nbsp;&nbsp;&nbsp;&nbsp;&nbsp;&nbsp;&nbsp;&nbsp;&nbsp;&nbsp;&nbsp;&nbsp;&nbsp;&nbsp;&nbsp;&nbsp;&nbsp;&nbsp;&nbsp;&nbsp;&nbsp;&nbsp;&nbsp;&nbsp;&nbsp;&nbsp;&nbsp;&nbsp;&nbsp;&nbsp;&nbsp;&nbsp;&nbsp;&nbsp;&nbsp;&nbsp;&nbsp;&nbsp;&nbsp; (Filmov\u00e9 l\u00e9to)<br \/>\n<iframe loading=\"lazy\" src=\"https:\/\/www.youtube.com\/embed\/-ZbFYdFR-34\" width=\"300\" height=\"300\" frameborder=\"0\" allowfullscreen=\"allowfullscreen\"><\/iframe>&nbsp;&nbsp; <iframe loading=\"lazy\" title=\"T\u00e1borov\u00e9 pok\u0159iky - Filmov\u00e9 l\u00e9to\" src=\"https:\/\/www.youtube.com\/embed\/BQbp2YWp6Xo\" width=\"300\" height=\"300\" frameborder=\"0\" allowfullscreen=\"allowfullscreen\"><span style=\"display: inline-block; width: 0px; overflow: hidden; line-height: 0;\" data-mce-type=\"bookmark\" class=\"mce_SELRES_start\">\ufeff<\/span><span style=\"display: inline-block; width: 0px; overflow: hidden; line-height: 0;\" data-mce-type=\"bookmark\" class=\"mce_SELRES_start\">\ufeff<\/span><\/iframe><\/h4>\n<h4><strong><strong><strong><strong><strong><strong><strong><strong><strong><strong><strong><strong><strong><strong><strong><strong>Nov\u00e1 cesta na osadu &#8211; 2014&nbsp;&nbsp;&nbsp;&nbsp;&nbsp;&nbsp;&nbsp;&nbsp;&nbsp;&nbsp;&nbsp;&nbsp;&nbsp;&nbsp;&nbsp;&nbsp;&nbsp;&nbsp;&nbsp;&nbsp;&nbsp;&nbsp;&nbsp;&nbsp;&nbsp;&nbsp;&nbsp;&nbsp; <\/strong><\/strong><\/strong><\/strong><\/strong><\/strong><\/strong><\/strong><\/strong><\/strong><\/strong><\/strong><\/strong><\/strong><\/strong>Podzimn\u00ed pozdrav &#8211; 2015<strong><strong><strong><strong><strong><strong><strong><strong><strong><strong><strong><strong><strong><strong><strong><br \/>\n<\/strong><\/strong><\/strong><\/strong><\/strong><\/strong><\/strong><\/strong><\/strong><\/strong><\/strong><\/strong><\/strong><\/strong><\/strong><\/strong>(u\u017e si nebudeme l\u00e1mat kola u aut)&nbsp;&nbsp;&nbsp;&nbsp;&nbsp;&nbsp;&nbsp;&nbsp;&nbsp;&nbsp;&nbsp;&nbsp;&nbsp;&nbsp;&nbsp;&nbsp;&nbsp;&nbsp;&nbsp;&nbsp;&nbsp;&nbsp;&nbsp;&nbsp; (u\u017e na za\u010d\u00e1tku \u0161koln\u00edho roku se t\u011b\u0161\u00edme&#8230;)<br \/>\n<iframe loading=\"lazy\" src=\"\/\/www.youtube.com\/embed\/SxZd2muwheY\" width=\"300\" height=\"300\"><\/iframe>&nbsp;&nbsp;&nbsp; <iframe loading=\"lazy\" src=\"\/\/www.youtube.com\/embed\/2asfyxcB0-4\" width=\"300\" height=\"300\" allowfullscreen=\"allowfullscreen\"><\/iframe><br \/>\n<strong><br \/>\nO \u010dlov\u00ed\u010dkovi 2 &#8211; 2011&nbsp; &nbsp; &nbsp; &nbsp; &nbsp; &nbsp; &nbsp; &nbsp; &nbsp; &nbsp; &nbsp; &nbsp; &nbsp; &nbsp; &nbsp; &nbsp; &nbsp; &nbsp; &nbsp; &nbsp; &nbsp; &nbsp; &nbsp; &nbsp; B\u011bh\u00e1me&#8230; &#8211; 2011<br \/>\n<\/strong>(jak objevil hudebn\u00ed n\u00e1stroj a ani to nebolelo)&nbsp; &nbsp; &nbsp; &nbsp; &nbsp; &nbsp;(S&nbsp;V\u00e1mi N\u00e1s Bav\u00ed Sv\u011bt)<strong><strong><strong><strong><strong><strong><strong><strong><br \/>\n<iframe loading=\"lazy\" src=\"http:\/\/www.youtube.com\/embed\/PMdm0JLLhTA\" width=\"300\" height=\"300\" frameborder=\"0\"><\/iframe>&nbsp;&nbsp;&nbsp;&nbsp; <\/strong><\/strong><\/strong><\/strong><iframe loading=\"lazy\" src=\"http:\/\/www.youtube.com\/embed\/WE9xtIL3bU0\" width=\"300\" height=\"300\" frameborder=\"0\"><\/iframe><\/strong><\/strong><\/strong><\/strong><\/h4>\n<h4><strong><strong><strong>Vypr\u00e1v\u011bj &#8211; 2008&nbsp;&nbsp;&nbsp;&nbsp;&nbsp;&nbsp;&nbsp;&nbsp;&nbsp;&nbsp;&nbsp;&nbsp;&nbsp;&nbsp;&nbsp;&nbsp;&nbsp;&nbsp;&nbsp;&nbsp;&nbsp;&nbsp;&nbsp;&nbsp;&nbsp;&nbsp;&nbsp;&nbsp;&nbsp;&nbsp;&nbsp;&nbsp;&nbsp;&nbsp;&nbsp;&nbsp;&nbsp;&nbsp;&nbsp;&nbsp;&nbsp;&nbsp;&nbsp;&nbsp;&nbsp;&nbsp;&nbsp;&nbsp;&nbsp; <\/strong><\/strong>Lesn\u00ed hasi\u010dsk\u00fd speci\u00e1l &#8211; 2008<strong><strong><br \/>\n<\/strong><\/strong><\/strong>(nedosti\u017en\u00e9 t\u00e1borov\u00e9 pov\u00eddky Honzy N.)<strong><strong>&nbsp;&nbsp;&nbsp;&nbsp;&nbsp;&nbsp;&nbsp;&nbsp;&nbsp;&nbsp;&nbsp; <\/strong><\/strong>(a c\u00e1ka&#8230;a c\u00e1ka&#8230;)<strong><strong><br \/>\n<iframe loading=\"lazy\" src=\"http:\/\/www.youtube.com\/embed\/qz8dghJYRJE\" width=\"300\" height=\"300\" frameborder=\"0\"><\/iframe> &nbsp; &nbsp;&nbsp; <iframe loading=\"lazy\" src=\"http:\/\/www.youtube.com\/embed\/num-6MF-ogk\" width=\"300\" height=\"300\" frameborder=\"0\"><\/iframe><\/strong><\/strong><\/h4>\n<h4><strong><strong> Zadr\u017een\u00ed policejn\u00edm psem &#8211; 2008<\/strong>&nbsp;&nbsp;&nbsp;&nbsp;&nbsp;&nbsp;&nbsp;&nbsp;&nbsp;&nbsp;&nbsp;&nbsp;&nbsp;&nbsp;&nbsp; Zp\u00edv\u00e1n\u00ed u ohn\u011b &#8211; 2008<br \/>\n<\/strong>(zase takov\u00e1 legrace to nebyla&#8230; :-))&nbsp;&nbsp;&nbsp;&nbsp;&nbsp;&nbsp;&nbsp;&nbsp;&nbsp;&nbsp;&nbsp;&nbsp;&nbsp;&nbsp;&nbsp;&nbsp;&nbsp;&nbsp;&nbsp;&nbsp; &nbsp; (z\u00e1znam ni\u017e\u0161\u00ed kvality, le\u010d historicky cenn\u00fd)<br \/>\n<strong><iframe loading=\"lazy\" src=\"http:\/\/www.youtube.com\/embed\/QHSMIHBM8EU\" width=\"300\" height=\"300\" frameborder=\"0\"><\/iframe>&nbsp;&nbsp;&nbsp;&nbsp;&nbsp; <\/strong><iframe loading=\"lazy\" src=\"http:\/\/www.youtube.com\/embed\/yy5Tqs-P6ng\" width=\"300\" height=\"300\" frameborder=\"0\"><\/iframe><strong><br \/>\n<\/strong><\/h4>\n","protected":false},"excerpt":{"rendered":"<p>T\u00e1borov\u00e9 pok\u0159iky &#8211; 2025&nbsp; &nbsp; &nbsp; &nbsp; &nbsp; &nbsp; &nbsp; &nbsp; &nbsp; &nbsp; &nbsp; &nbsp; &nbsp; &nbsp; &nbsp; &nbsp; &nbsp; &nbsp;T\u00e1borov\u00e9 pok\u0159iky &#8211; 2024 (Poklad Azt\u00e9k\u016f)&nbsp; &nbsp; &nbsp; &nbsp; &nbsp; &nbsp; &nbsp; &nbsp; &nbsp; &nbsp; &nbsp; &nbsp; &nbsp; &nbsp; &nbsp; &hellip; <a href=\"https:\/\/www.mrmaci.com\/?page_id=372\">Cel\u00fd p\u0159\u00edsp\u011bvek <span class=\"meta-nav\">&rarr;<\/span><\/a><\/p>\n","protected":false},"author":1,"featured_media":0,"parent":0,"menu_order":0,"comment_status":"closed","ping_status":"closed","template":"onecolumn-page.php","meta":{"ngg_post_thumbnail":0,"footnotes":""},"class_list":["post-372","page","type-page","status-publish","hentry"],"_links":{"self":[{"href":"https:\/\/www.mrmaci.com\/index.php?rest_route=\/wp\/v2\/pages\/372"}],"collection":[{"href":"https:\/\/www.mrmaci.com\/index.php?rest_route=\/wp\/v2\/pages"}],"about":[{"href":"https:\/\/www.mrmaci.com\/index.php?rest_route=\/wp\/v2\/types\/page"}],"author":[{"embeddable":true,"href":"https:\/\/www.mrmaci.com\/index.php?rest_route=\/wp\/v2\/users\/1"}],"replies":[{"embeddable":true,"href":"https:\/\/www.mrmaci.com\/index.php?rest_route=%2Fwp%2Fv2%2Fcomments&post=372"}],"version-history":[{"count":41,"href":"https:\/\/www.mrmaci.com\/index.php?rest_route=\/wp\/v2\/pages\/372\/revisions"}],"predecessor-version":[{"id":2521,"href":"https:\/\/www.mrmaci.com\/index.php?rest_route=\/wp\/v2\/pages\/372\/revisions\/2521"}],"wp:attachment":[{"href":"https:\/\/www.mrmaci.com\/index.php?rest_route=%2Fwp%2Fv2%2Fmedia&parent=372"}],"curies":[{"name":"wp","href":"https:\/\/api.w.org\/{rel}","templated":true}]}}