{"id":2106,"date":"2022-11-09T17:57:53","date_gmt":"2022-11-09T16:57:53","guid":{"rendered":"https:\/\/www.mrmaci.com\/?page_id=2106"},"modified":"2024-12-16T19:09:39","modified_gmt":"2024-12-16T18:09:39","slug":"prorubky-2023-2","status":"publish","type":"page","link":"https:\/\/www.mrmaci.com\/?page_id=2106","title":{"rendered":"Prorubky 2023 &#8211; Legenda o Aangovi (Avatar)"},"content":{"rendered":"<p style=\"text-align: center;\"><a href=\"https:\/\/www.mrmaci.com\/?page_id=1955\"><strong>2022 &lt;&lt;&lt;<\/strong><\/a> <img loading=\"lazy\" decoding=\"async\" class=\"size-full wp-image-298 alignnone\" src=\"http:\/\/www.mrmaci.com\/wp-content\/uploads\/2013\/12\/stany.jpg\" alt=\"stany\" width=\"132\" height=\"39\"><strong><a href=\"https:\/\/www.mrmaci.com\/?page_id=2189\">&gt;&gt;&gt; 2024<\/a><br \/>\n<\/strong><\/p>\n<p style=\"text-align: center;\">t\u00e1borov\u00fd zp\u011bvn\u00ed\u010dek ve form\u00e1tu PDF si m\u016f\u017eete <a href=\"http:\/\/www.mrmaci.com\/wp-content\/uploads\/2023\/07\/zpevnik_2023.pdf\" target=\"_blank\" rel=\"noopener\">st\u00e1hnout ZDE<\/a><\/p>\n<h3 id=\"h_260661635211577953490116\" style=\"text-align: center;\"><strong>FOTKY z&nbsp;t\u00e1bor\u016f<\/strong> <a title=\"Fotogalerie aneb Je na co vzpom\u00ednat !\" href=\"http:\/\/www.mrmaci.com\/?page_id=86\">m\u00e1me tady<\/a><\/h3>\n<p style=\"text-align: center;\"><img loading=\"lazy\" decoding=\"async\" class=\"alignnone size-full wp-image-2160\" src=\"http:\/\/www.mrmaci.com\/wp-content\/uploads\/2023\/07\/zeleni-17x.jpg\" alt=\"\" width=\"1800\" height=\"1230\" srcset=\"https:\/\/www.mrmaci.com\/wp-content\/uploads\/2023\/07\/zeleni-17x.jpg 1800w, https:\/\/www.mrmaci.com\/wp-content\/uploads\/2023\/07\/zeleni-17x-300x205.jpg 300w, https:\/\/www.mrmaci.com\/wp-content\/uploads\/2023\/07\/zeleni-17x-1024x700.jpg 1024w, https:\/\/www.mrmaci.com\/wp-content\/uploads\/2023\/07\/zeleni-17x-768x525.jpg 768w, https:\/\/www.mrmaci.com\/wp-content\/uploads\/2023\/07\/zeleni-17x-1536x1050.jpg 1536w\" sizes=\"(max-width: 1800px) 100vw, 1800px\" \/><img loading=\"lazy\" decoding=\"async\" class=\"alignnone size-full wp-image-2161\" src=\"http:\/\/www.mrmaci.com\/wp-content\/uploads\/2023\/07\/zluti-17x.jpg\" alt=\"\" width=\"1800\" height=\"1308\" srcset=\"https:\/\/www.mrmaci.com\/wp-content\/uploads\/2023\/07\/zluti-17x.jpg 1800w, https:\/\/www.mrmaci.com\/wp-content\/uploads\/2023\/07\/zluti-17x-300x218.jpg 300w, https:\/\/www.mrmaci.com\/wp-content\/uploads\/2023\/07\/zluti-17x-1024x744.jpg 1024w, https:\/\/www.mrmaci.com\/wp-content\/uploads\/2023\/07\/zluti-17x-768x558.jpg 768w, https:\/\/www.mrmaci.com\/wp-content\/uploads\/2023\/07\/zluti-17x-1536x1116.jpg 1536w\" sizes=\"(max-width: 1800px) 100vw, 1800px\" \/> <img loading=\"lazy\" decoding=\"async\" class=\"alignnone size-full wp-image-2155\" src=\"http:\/\/www.mrmaci.com\/wp-content\/uploads\/2023\/07\/cerveni-16x.jpg\" alt=\"\" width=\"1800\" height=\"1273\" srcset=\"https:\/\/www.mrmaci.com\/wp-content\/uploads\/2023\/07\/cerveni-16x.jpg 1800w, https:\/\/www.mrmaci.com\/wp-content\/uploads\/2023\/07\/cerveni-16x-300x212.jpg 300w, https:\/\/www.mrmaci.com\/wp-content\/uploads\/2023\/07\/cerveni-16x-1024x724.jpg 1024w, https:\/\/www.mrmaci.com\/wp-content\/uploads\/2023\/07\/cerveni-16x-768x543.jpg 768w, https:\/\/www.mrmaci.com\/wp-content\/uploads\/2023\/07\/cerveni-16x-1536x1086.jpg 1536w\" sizes=\"(max-width: 1800px) 100vw, 1800px\" \/><img loading=\"lazy\" decoding=\"async\" class=\"alignnone size-full wp-image-2158\" src=\"http:\/\/www.mrmaci.com\/wp-content\/uploads\/2023\/07\/modri-16x.jpg\" alt=\"\" width=\"1800\" height=\"1229\" srcset=\"https:\/\/www.mrmaci.com\/wp-content\/uploads\/2023\/07\/modri-16x.jpg 1800w, https:\/\/www.mrmaci.com\/wp-content\/uploads\/2023\/07\/modri-16x-300x205.jpg 300w, https:\/\/www.mrmaci.com\/wp-content\/uploads\/2023\/07\/modri-16x-1024x699.jpg 1024w, https:\/\/www.mrmaci.com\/wp-content\/uploads\/2023\/07\/modri-16x-768x524.jpg 768w, https:\/\/www.mrmaci.com\/wp-content\/uploads\/2023\/07\/modri-16x-1536x1049.jpg 1536w\" sizes=\"(max-width: 1800px) 100vw, 1800px\" \/> <img loading=\"lazy\" decoding=\"async\" class=\"alignnone size-full wp-image-2156\" src=\"http:\/\/www.mrmaci.com\/wp-content\/uploads\/2023\/07\/k1.jpg\" alt=\"\" width=\"1600\" height=\"1161\" srcset=\"https:\/\/www.mrmaci.com\/wp-content\/uploads\/2023\/07\/k1.jpg 1600w, https:\/\/www.mrmaci.com\/wp-content\/uploads\/2023\/07\/k1-300x218.jpg 300w, https:\/\/www.mrmaci.com\/wp-content\/uploads\/2023\/07\/k1-1024x743.jpg 1024w, https:\/\/www.mrmaci.com\/wp-content\/uploads\/2023\/07\/k1-768x557.jpg 768w, https:\/\/www.mrmaci.com\/wp-content\/uploads\/2023\/07\/k1-1536x1115.jpg 1536w\" sizes=\"(max-width: 1600px) 100vw, 1600px\" \/> <img loading=\"lazy\" decoding=\"async\" class=\"alignnone size-full wp-image-2157\" src=\"http:\/\/www.mrmaci.com\/wp-content\/uploads\/2023\/07\/k2.jpg\" alt=\"\" width=\"1600\" height=\"1169\" srcset=\"https:\/\/www.mrmaci.com\/wp-content\/uploads\/2023\/07\/k2.jpg 1600w, https:\/\/www.mrmaci.com\/wp-content\/uploads\/2023\/07\/k2-300x219.jpg 300w, https:\/\/www.mrmaci.com\/wp-content\/uploads\/2023\/07\/k2-1024x748.jpg 1024w, https:\/\/www.mrmaci.com\/wp-content\/uploads\/2023\/07\/k2-768x561.jpg 768w, https:\/\/www.mrmaci.com\/wp-content\/uploads\/2023\/07\/k2-1536x1122.jpg 1536w\" sizes=\"(max-width: 1600px) 100vw, 1600px\" \/>&nbsp; <img loading=\"lazy\" decoding=\"async\" class=\"alignnone size-full wp-image-2159\" src=\"http:\/\/www.mrmaci.com\/wp-content\/uploads\/2023\/07\/vedoucky.jpg\" alt=\"\" width=\"1600\" height=\"1069\" srcset=\"https:\/\/www.mrmaci.com\/wp-content\/uploads\/2023\/07\/vedoucky.jpg 1600w, https:\/\/www.mrmaci.com\/wp-content\/uploads\/2023\/07\/vedoucky-300x200.jpg 300w, https:\/\/www.mrmaci.com\/wp-content\/uploads\/2023\/07\/vedoucky-1024x684.jpg 1024w, https:\/\/www.mrmaci.com\/wp-content\/uploads\/2023\/07\/vedoucky-768x513.jpg 768w, https:\/\/www.mrmaci.com\/wp-content\/uploads\/2023\/07\/vedoucky-1536x1026.jpg 1536w\" sizes=\"(max-width: 1600px) 100vw, 1600px\" \/><img loading=\"lazy\" decoding=\"async\" class=\"alignnone size-full wp-image-2154\" src=\"http:\/\/www.mrmaci.com\/wp-content\/uploads\/2023\/07\/avatari.jpg\" alt=\"\" width=\"1800\" height=\"1082\" srcset=\"https:\/\/www.mrmaci.com\/wp-content\/uploads\/2023\/07\/avatari.jpg 1800w, https:\/\/www.mrmaci.com\/wp-content\/uploads\/2023\/07\/avatari-300x180.jpg 300w, https:\/\/www.mrmaci.com\/wp-content\/uploads\/2023\/07\/avatari-1024x616.jpg 1024w, https:\/\/www.mrmaci.com\/wp-content\/uploads\/2023\/07\/avatari-768x462.jpg 768w, https:\/\/www.mrmaci.com\/wp-content\/uploads\/2023\/07\/avatari-1536x923.jpg 1536w\" sizes=\"(max-width: 1800px) 100vw, 1800px\" \/><\/p>\n<p style=\"text-align: center;\"><img loading=\"lazy\" decoding=\"async\" class=\"alignnone size-full wp-image-2122\" src=\"http:\/\/www.mrmaci.com\/wp-content\/uploads\/2023\/02\/avatar-logo-1.jpg\" alt=\"\" width=\"1994\" height=\"1283\" srcset=\"https:\/\/www.mrmaci.com\/wp-content\/uploads\/2023\/02\/avatar-logo-1.jpg 1994w, https:\/\/www.mrmaci.com\/wp-content\/uploads\/2023\/02\/avatar-logo-1-300x193.jpg 300w, https:\/\/www.mrmaci.com\/wp-content\/uploads\/2023\/02\/avatar-logo-1-1024x659.jpg 1024w, https:\/\/www.mrmaci.com\/wp-content\/uploads\/2023\/02\/avatar-logo-1-768x494.jpg 768w, https:\/\/www.mrmaci.com\/wp-content\/uploads\/2023\/02\/avatar-logo-1-1536x988.jpg 1536w\" sizes=\"(max-width: 1994px) 100vw, 1994px\" \/><\/p>\n<p>Legenda o Aangovi a 4 z\u00e1kladn\u00ed elementy: Voda, Zem\u011b, Ohe\u0148 a Vzduch.<br \/>\nV&nbsp;d\u00e1vn\u00fdch dob\u00e1ch spolu \u017eily \u010dty\u0159i n\u00e1rody t\u011bchto \u017eivl\u016f v&nbsp;souladu. V\u0161e se ale zm\u011bnilo, kdy\u017e n\u00e1rod Ohn\u011b rozpoutal rozep\u0159e a h\u00e1dky.<br \/>\nJedin\u011b Avatar je m\u016f\u017ee zastavit!<br \/>\nAvatar jako jedin\u00fd dok\u00e1\u017ee ovl\u00e1dat v\u0161echny \u010dty\u0159i \u017eivly a jeho posl\u00e1n\u00edm je udr\u017eovat citlivou<br \/>\nrovnov\u00e1hu ve sv\u011bt\u011b.<br \/>\nJenom\u017ee kdy\u017e ho nyn\u00ed sv\u011bt nejv\u00edce pot\u0159ebuje, nen\u00ed k&nbsp;nalezen\u00ed&#8230;<br \/>\nOdkryj s&nbsp;n\u00e1mi p\u0159\u00edb\u011bhy d\u00e1vn\u00fdch \u010das\u016f. Vydej se na dlouhou cestu za pozn\u00e1n\u00edm jednotliv\u00fdch<br \/>\n\u017eivl\u016f a zkus se je nau\u010dit ovl\u00e1dat. Poda\u0159\u00ed se op\u011bt nastolit rovnov\u00e1hu mezi vodn\u00edmi kmeny,<br \/>\nkr\u00e1lovstv\u00edm zem\u011b, n\u00e1rodem ohn\u011b a vzdu\u0161n\u00fdmi nom\u00e1dy?<br \/>\nJak\u00e1 dal\u0161\u00ed tajemstv\u00ed a n\u00e1strahy n\u00e1s na na\u0161\u00ed spole\u010dn\u00e9 dobrodru\u017en\u00e9 v\u00fdprav\u011b \u010dekaj\u00ed?<\/p>\n<p style=\"text-align: center;\"><img loading=\"lazy\" decoding=\"async\" class=\"alignnone size-full wp-image-2114\" src=\"http:\/\/www.mrmaci.com\/wp-content\/uploads\/2023\/02\/kalendar-2023.jpg\" alt=\"\" width=\"2127\" height=\"1544\" srcset=\"https:\/\/www.mrmaci.com\/wp-content\/uploads\/2023\/02\/kalendar-2023.jpg 2127w, https:\/\/www.mrmaci.com\/wp-content\/uploads\/2023\/02\/kalendar-2023-300x218.jpg 300w, https:\/\/www.mrmaci.com\/wp-content\/uploads\/2023\/02\/kalendar-2023-1024x743.jpg 1024w, https:\/\/www.mrmaci.com\/wp-content\/uploads\/2023\/02\/kalendar-2023-768x557.jpg 768w, https:\/\/www.mrmaci.com\/wp-content\/uploads\/2023\/02\/kalendar-2023-1536x1115.jpg 1536w, https:\/\/www.mrmaci.com\/wp-content\/uploads\/2023\/02\/kalendar-2023-2048x1487.jpg 2048w\" sizes=\"(max-width: 2127px) 100vw, 2127px\" \/><\/p>\n","protected":false},"excerpt":{"rendered":"<p>2022 &lt;&lt;&lt; &gt;&gt;&gt; 2024 t\u00e1borov\u00fd zp\u011bvn\u00ed\u010dek ve form\u00e1tu PDF si m\u016f\u017eete st\u00e1hnout ZDE FOTKY z&nbsp;t\u00e1bor\u016f m\u00e1me tady &nbsp; Legenda o Aangovi a 4 z\u00e1kladn\u00ed elementy: Voda, Zem\u011b, Ohe\u0148 a Vzduch. V&nbsp;d\u00e1vn\u00fdch dob\u00e1ch spolu \u017eily \u010dty\u0159i n\u00e1rody t\u011bchto \u017eivl\u016f v&nbsp;souladu. V\u0161e &hellip; <a href=\"https:\/\/www.mrmaci.com\/?page_id=2106\">Cel\u00fd p\u0159\u00edsp\u011bvek <span class=\"meta-nav\">&rarr;<\/span><\/a><\/p>\n","protected":false},"author":1,"featured_media":0,"parent":19,"menu_order":0,"comment_status":"closed","ping_status":"closed","template":"onecolumn-page.php","meta":{"ngg_post_thumbnail":0,"footnotes":""},"class_list":["post-2106","page","type-page","status-publish","hentry"],"_links":{"self":[{"href":"https:\/\/www.mrmaci.com\/index.php?rest_route=\/wp\/v2\/pages\/2106"}],"collection":[{"href":"https:\/\/www.mrmaci.com\/index.php?rest_route=\/wp\/v2\/pages"}],"about":[{"href":"https:\/\/www.mrmaci.com\/index.php?rest_route=\/wp\/v2\/types\/page"}],"author":[{"embeddable":true,"href":"https:\/\/www.mrmaci.com\/index.php?rest_route=\/wp\/v2\/users\/1"}],"replies":[{"embeddable":true,"href":"https:\/\/www.mrmaci.com\/index.php?rest_route=%2Fwp%2Fv2%2Fcomments&post=2106"}],"version-history":[{"count":17,"href":"https:\/\/www.mrmaci.com\/index.php?rest_route=\/wp\/v2\/pages\/2106\/revisions"}],"predecessor-version":[{"id":2314,"href":"https:\/\/www.mrmaci.com\/index.php?rest_route=\/wp\/v2\/pages\/2106\/revisions\/2314"}],"up":[{"embeddable":true,"href":"https:\/\/www.mrmaci.com\/index.php?rest_route=\/wp\/v2\/pages\/19"}],"wp:attachment":[{"href":"https:\/\/www.mrmaci.com\/index.php?rest_route=%2Fwp%2Fv2%2Fmedia&parent=2106"}],"curies":[{"name":"wp","href":"https:\/\/api.w.org\/{rel}","templated":true}]}}