{"id":201,"date":"2013-12-22T22:47:34","date_gmt":"2013-12-22T21:47:34","guid":{"rendered":"http:\/\/www.mrmaci.com\/?page_id=201"},"modified":"2024-01-08T19:28:18","modified_gmt":"2024-01-08T18:28:18","slug":"prorubky-2014","status":"publish","type":"page","link":"https:\/\/www.mrmaci.com\/?page_id=201","title":{"rendered":"Prorubky 2014 &#8211; Dobrodruzi od Zlat\u00e9 \u0159eky"},"content":{"rendered":"<p style=\"text-align: center;\"><span style=\"color: #000000;\"><strong><a title=\"Prorubky 2013 \u2013 Tajemstv\u00ed Afriky\" href=\"http:\/\/www.mrmaci.com\/?page_id=2\"><strong><strong> 2013 &lt;&lt;&lt;<\/strong><\/strong><\/a><strong><strong> <img loading=\"lazy\" decoding=\"async\" class=\"alignnone size-full wp-image-298\" src=\"http:\/\/www.mrmaci.com\/wp-content\/uploads\/2013\/12\/stany.jpg\" alt=\"stany\" width=\"132\" height=\"39\"><a title=\"Prorubky 2015 \u2013 BO\u017dSK\u00c9 PR\u00c1ZDNINY aneb BOHOV\u00c9 NEJSOU V\u017dDY \u0160\u00cdLEN\u00cd (?)\" href=\"http:\/\/www.mrmaci.com\/?page_id=743\">&gt;&gt;&gt; 2015<\/a><\/strong><\/strong><\/strong><\/span><br \/>\n<strong><strong>t\u00e1borov\u00fd zp\u011bvn\u00ed\u010dek<\/strong> <\/strong>ve form\u00e1tu PDF <a href=\"http:\/\/www.mrmaci.com\/wp-content\/uploads\/2014\/07\/zpevnik-2014.pdf\">si m\u016f\u017eete st\u00e1hnout zde<\/a><\/p>\n<p style=\"text-align: center;\"><strong>FOTKY z&nbsp;t\u00e1bor\u016f<\/strong> <a title=\"Fotogalerie aneb Je na co vzpom\u00ednat !\" href=\"http:\/\/www.mrmaci.com\/?page_id=86\">m\u00e1me tady<\/a><b><br \/>\n<\/b><\/p>\n<p><img loading=\"lazy\" decoding=\"async\" class=\"alignnone size-full wp-image-670\" src=\"http:\/\/www.mrmaci.com\/wp-content\/uploads\/2013\/12\/Prorubky-2014-zluti.jpg\" alt=\"Prorubky 2014 - zluti\" width=\"640\" height=\"440\" srcset=\"https:\/\/www.mrmaci.com\/wp-content\/uploads\/2013\/12\/Prorubky-2014-zluti.jpg 640w, https:\/\/www.mrmaci.com\/wp-content\/uploads\/2013\/12\/Prorubky-2014-zluti-300x206.jpg 300w\" sizes=\"(max-width: 640px) 100vw, 640px\" \/><br \/>\n<span style=\"color: #000000;\"><strong><strong><strong><img loading=\"lazy\" decoding=\"async\" class=\"alignnone wp-image-675 size-full\" src=\"http:\/\/www.mrmaci.com\/wp-content\/uploads\/2013\/12\/Prorubky-2014-cerveni.jpg\" alt=\"Prorubky 2014 - cerveni\" width=\"640\" height=\"443\" srcset=\"https:\/\/www.mrmaci.com\/wp-content\/uploads\/2013\/12\/Prorubky-2014-cerveni.jpg 640w, https:\/\/www.mrmaci.com\/wp-content\/uploads\/2013\/12\/Prorubky-2014-cerveni-300x207.jpg 300w\" sizes=\"(max-width: 640px) 100vw, 640px\" \/><\/strong><\/strong><\/strong><\/span><br \/>\n<span style=\"color: #000000;\"><strong><strong><strong><img loading=\"lazy\" decoding=\"async\" class=\"alignnone wp-image-672 size-full\" src=\"http:\/\/www.mrmaci.com\/wp-content\/uploads\/2013\/12\/Prorubky-2014-zeleni.jpg\" alt=\"Prorubky 2014 - zeleni\" width=\"640\" height=\"429\" srcset=\"https:\/\/www.mrmaci.com\/wp-content\/uploads\/2013\/12\/Prorubky-2014-zeleni.jpg 640w, https:\/\/www.mrmaci.com\/wp-content\/uploads\/2013\/12\/Prorubky-2014-zeleni-300x201.jpg 300w\" sizes=\"(max-width: 640px) 100vw, 640px\" \/><\/strong><\/strong><\/strong><\/span><br \/>\n<span style=\"color: #000000;\"><strong><strong><strong><img loading=\"lazy\" decoding=\"async\" class=\"alignnone wp-image-673 size-full\" src=\"http:\/\/www.mrmaci.com\/wp-content\/uploads\/2013\/12\/Prorubky-2014-vedouci-trika.jpg\" alt=\"Prorubky 2014 - vedouci trika\" width=\"640\" height=\"427\" srcset=\"https:\/\/www.mrmaci.com\/wp-content\/uploads\/2013\/12\/Prorubky-2014-vedouci-trika.jpg 640w, https:\/\/www.mrmaci.com\/wp-content\/uploads\/2013\/12\/Prorubky-2014-vedouci-trika-300x200.jpg 300w\" sizes=\"(max-width: 640px) 100vw, 640px\" \/><\/strong><\/strong><\/strong><\/span><br \/>\n<span style=\"color: #000000;\"><strong><strong><strong><img loading=\"lazy\" decoding=\"async\" class=\"alignnone wp-image-671 size-full\" src=\"http:\/\/www.mrmaci.com\/wp-content\/uploads\/2013\/12\/Prorubky-2014-vedouci-kostymy.jpg\" alt=\"Prorubky 2014 - vedouci kostymy\" width=\"640\" height=\"427\" srcset=\"https:\/\/www.mrmaci.com\/wp-content\/uploads\/2013\/12\/Prorubky-2014-vedouci-kostymy.jpg 640w, https:\/\/www.mrmaci.com\/wp-content\/uploads\/2013\/12\/Prorubky-2014-vedouci-kostymy-300x200.jpg 300w\" sizes=\"(max-width: 640px) 100vw, 640px\" \/><br \/>\n<\/strong><\/strong><\/strong><\/span><img loading=\"lazy\" decoding=\"async\" class=\"alignnone size-full wp-image-789\" src=\"http:\/\/www.mrmaci.com\/wp-content\/uploads\/2013\/12\/prollar.jpg\" alt=\"prollar\" width=\"640\" height=\"484\" srcset=\"https:\/\/www.mrmaci.com\/wp-content\/uploads\/2013\/12\/prollar.jpg 640w, https:\/\/www.mrmaci.com\/wp-content\/uploads\/2013\/12\/prollar-300x226.jpg 300w\" sizes=\"(max-width: 640px) 100vw, 640px\" \/><br \/>\n<span style=\"color: #000000;\"><strong><strong><strong><img loading=\"lazy\" decoding=\"async\" class=\"alignnone wp-image-659\" src=\"http:\/\/www.mrmaci.com\/wp-content\/uploads\/2014\/07\/countrybal.jpg\" alt=\"countrybal\" width=\"640\" height=\"700\" srcset=\"https:\/\/www.mrmaci.com\/wp-content\/uploads\/2014\/07\/countrybal.jpg 715w, https:\/\/www.mrmaci.com\/wp-content\/uploads\/2014\/07\/countrybal-274x300.jpg 274w\" sizes=\"(max-width: 640px) 100vw, 640px\" \/><\/strong><\/strong><\/strong><\/span><\/p>\n<p style=\"text-align: center;\"><b><span style=\"font-size: x-large; background-color: #ffffff;\"><b><span style=\"text-decoration: underline;\"><b><span style=\"background-color: #ffffff;\"><strong><strong><img loading=\"lazy\" decoding=\"async\" class=\"alignnone size-full wp-image-641\" src=\"http:\/\/www.mrmaci.com\/wp-content\/uploads\/2013\/12\/kj-2014-1.jpg\" alt=\"kj-2014-1\" width=\"850\" height=\"1217\" srcset=\"https:\/\/www.mrmaci.com\/wp-content\/uploads\/2013\/12\/kj-2014-1.jpg 850w, https:\/\/www.mrmaci.com\/wp-content\/uploads\/2013\/12\/kj-2014-1-209x300.jpg 209w, https:\/\/www.mrmaci.com\/wp-content\/uploads\/2013\/12\/kj-2014-1-715x1024.jpg 715w\" sizes=\"(max-width: 850px) 100vw, 850px\" \/><\/strong><\/strong><\/span><\/b><\/span><\/b><\/span><\/b><br \/>\n<span style=\"background-color: #ffffff;\"><b><span style=\"font-size: x-large;\"><b><span style=\"text-decoration: underline;\"><b><span style=\"background-color: #ffffff;\"><strong><strong><img loading=\"lazy\" decoding=\"async\" class=\"alignnone size-full wp-image-642\" src=\"http:\/\/www.mrmaci.com\/wp-content\/uploads\/2013\/12\/kj-2014-2.jpg\" alt=\"kj-2014-2\" width=\"850\" height=\"1208\" srcset=\"https:\/\/www.mrmaci.com\/wp-content\/uploads\/2013\/12\/kj-2014-2.jpg 850w, https:\/\/www.mrmaci.com\/wp-content\/uploads\/2013\/12\/kj-2014-2-211x300.jpg 211w, https:\/\/www.mrmaci.com\/wp-content\/uploads\/2013\/12\/kj-2014-2-720x1024.jpg 720w\" sizes=\"(max-width: 850px) 100vw, 850px\" \/><\/strong><\/strong><\/span><\/b><\/span><\/b><\/span><\/b><\/span><\/p>\n<p><img loading=\"lazy\" decoding=\"async\" class=\"size-full wp-image-358 alignleft\" src=\"http:\/\/www.mrmaci.com\/wp-content\/uploads\/2014\/01\/gold2.jpg\" alt=\"zlato\" width=\"286\" height=\"190\" srcset=\"https:\/\/www.mrmaci.com\/wp-content\/uploads\/2014\/01\/gold2.jpg 600w, https:\/\/www.mrmaci.com\/wp-content\/uploads\/2014\/01\/gold2-300x199.jpg 300w\" sizes=\"(max-width: 286px) 100vw, 286px\" \/>Kanada, Klondike, Yukon, Dawson City, Bonanza \u2013 kdo jen trochu prahne po chuti dobrodru\u017estv\u00ed a drsn\u00e9 romantiky, na tato jm\u00e9na ji\u017e jist\u011b narazil. V\u0161echny je spojuje jedno bly\u0161tiv\u00e9 poj\u00edtko \u2013 zlato a zlat\u00e1 hore\u010dka na Klondiku v&nbsp;letech 1896-1898.<\/p>\n<p>My se v\u0161ak dost\u00e1v\u00e1me do Dawson City v&nbsp;dob\u011b, kdy se ji\u017e v\u0161ichni zlatokopov\u00e9 p\u0159esunuli d\u00e1le na Alja\u0161ku a m\u011bsto Dawson ji\u017e nen\u00ed st\u0159edem zlat\u00e9ho snu&#8230; Ale to neznamen\u00e1, \u017ee nad\u011bje na pro\u017eit\u00ed podobn\u00e9ho dobrodru\u017estv\u00ed ode\u0161la tak\u00e9, \u010dek\u00e1 na n\u00e1s v\u0161ude kolem, jen na ni narazit&#8230;<\/p>\n<p>M\u011bsto zlatokop\u016f \u017eije d\u00e1l a s&nbsp;n\u00edm i jeho tajemstv\u00ed a zvyky z&nbsp;doby, kter\u00e1 ovlivnila miliony hleda\u010d\u016f zlata. Existuje opravdu zlat\u00e1 \u017e\u00edla nebo je to jen plan\u00e1 zoufal\u00e1 nad\u011bje? Je mo\u017en\u00e9, \u017ee t\u0159eba n\u011bco m\u00e1lo zlat\u00fdch nugget\u016f zbylo i na n\u00e1s? Ale na druhou stranu&#8230;je zlato opravdu v\u0161echno? Nen\u00ed samotn\u00e1 radost ze \u017eivota v\u00edc? Vydr\u017e\u00edme tuto zkou\u0161ku?<\/p>\n<p style=\"text-align: center;\">&nbsp;<span style=\"color: #000000;\"><strong><a title=\"Prorubky 2013 \u2013 Tajemstv\u00ed Afriky\" href=\"http:\/\/www.mrmaci.com\/?page_id=2\"><strong><strong>2013&lt;&lt;&lt;<\/strong><\/strong><\/a><strong><strong> <img loading=\"lazy\" decoding=\"async\" class=\"alignnone size-full wp-image-298\" src=\"http:\/\/www.mrmaci.com\/wp-content\/uploads\/2013\/12\/stany.jpg\" alt=\"stany\" width=\"132\" height=\"39\"><a title=\"Prorubky 2015 \u2013 BO\u017dSK\u00c9 PR\u00c1ZDNINY aneb BOHOV\u00c9 NEJSOU V\u017dDY \u0160\u00cdLEN\u00cd (?)\" href=\"http:\/\/www.mrmaci.com\/?page_id=743\">&gt;&gt;&gt;2015<\/a><\/strong><\/strong><\/strong><\/span><\/p>\n","protected":false},"excerpt":{"rendered":"<p>2013 &lt;&lt;&lt; &gt;&gt;&gt; 2015 t\u00e1borov\u00fd zp\u011bvn\u00ed\u010dek ve form\u00e1tu PDF si m\u016f\u017eete st\u00e1hnout zde FOTKY z&nbsp;t\u00e1bor\u016f m\u00e1me tady Kanada, Klondike, Yukon, Dawson City, Bonanza \u2013 kdo jen trochu prahne po chuti dobrodru\u017estv\u00ed a drsn\u00e9 romantiky, na tato jm\u00e9na ji\u017e jist\u011b narazil. &hellip; <a href=\"https:\/\/www.mrmaci.com\/?page_id=201\">Cel\u00fd p\u0159\u00edsp\u011bvek <span class=\"meta-nav\">&rarr;<\/span><\/a><\/p>\n","protected":false},"author":1,"featured_media":0,"parent":19,"menu_order":0,"comment_status":"open","ping_status":"closed","template":"onecolumn-page.php","meta":{"ngg_post_thumbnail":0,"footnotes":""},"class_list":["post-201","page","type-page","status-publish","hentry"],"_links":{"self":[{"href":"https:\/\/www.mrmaci.com\/index.php?rest_route=\/wp\/v2\/pages\/201"}],"collection":[{"href":"https:\/\/www.mrmaci.com\/index.php?rest_route=\/wp\/v2\/pages"}],"about":[{"href":"https:\/\/www.mrmaci.com\/index.php?rest_route=\/wp\/v2\/types\/page"}],"author":[{"embeddable":true,"href":"https:\/\/www.mrmaci.com\/index.php?rest_route=\/wp\/v2\/users\/1"}],"replies":[{"embeddable":true,"href":"https:\/\/www.mrmaci.com\/index.php?rest_route=%2Fwp%2Fv2%2Fcomments&post=201"}],"version-history":[{"count":50,"href":"https:\/\/www.mrmaci.com\/index.php?rest_route=\/wp\/v2\/pages\/201\/revisions"}],"predecessor-version":[{"id":2245,"href":"https:\/\/www.mrmaci.com\/index.php?rest_route=\/wp\/v2\/pages\/201\/revisions\/2245"}],"up":[{"embeddable":true,"href":"https:\/\/www.mrmaci.com\/index.php?rest_route=\/wp\/v2\/pages\/19"}],"wp:attachment":[{"href":"https:\/\/www.mrmaci.com\/index.php?rest_route=%2Fwp%2Fv2%2Fmedia&parent=201"}],"curies":[{"name":"wp","href":"https:\/\/api.w.org\/{rel}","templated":true}]}}