{"id":1955,"date":"2021-12-03T19:08:30","date_gmt":"2021-12-03T18:08:30","guid":{"rendered":"https:\/\/www.mrmaci.com\/?page_id=1955"},"modified":"2024-01-04T19:25:34","modified_gmt":"2024-01-04T18:25:34","slug":"prorubky-2022-filmove-leto-vol-2","status":"publish","type":"page","link":"https:\/\/www.mrmaci.com\/?page_id=1955","title":{"rendered":"Prorubky 2022 &#8211; Filmov\u00e9 l\u00e9to Vol.2"},"content":{"rendered":"<p style=\"text-align: center;\"><strong><a href=\"https:\/\/www.mrmaci.com\/?page_id=1847\">2021 &lt;&lt;&lt;<\/a><\/strong> <img loading=\"lazy\" decoding=\"async\" class=\"size-full wp-image-298 alignnone\" src=\"http:\/\/www.mrmaci.com\/wp-content\/uploads\/2013\/12\/stany.jpg\" alt=\"stany\" width=\"132\" height=\"39\"><strong><a href=\"https:\/\/www.mrmaci.com\/?page_id=2106\">&gt;&gt;&gt; 2023<\/a><br \/>\n<\/strong><\/p>\n<p style=\"text-align: center;\"><span style=\"color: #ff0000;\"><strong>jubilejn\u00ed 30.&nbsp;t\u00e1bor na Prorubk\u00e1ch<\/strong><\/span><\/p>\n<p style=\"text-align: center;\">t\u00e1borov\u00fd zp\u011bvn\u00ed\u010dek ve form\u00e1tu PDF si m\u016f\u017eete <a href=\"http:\/\/www.mrmaci.com\/wp-content\/uploads\/2022\/07\/zpevnik2022.pdf\" target=\"_blank\" rel=\"noopener\">st\u00e1hnout ZDE<\/a><\/p>\n<h3 id=\"h_260661635211577953490116\" style=\"text-align: center;\"><strong>FOTKY z&nbsp;t\u00e1bor\u016f<\/strong> <a title=\"Fotogalerie aneb Je na co vzpom\u00ednat !\" href=\"http:\/\/www.mrmaci.com\/?page_id=86\">m\u00e1me tady<\/a><\/h3>\n<p style=\"text-align: center;\"><strong>A co \u017ee jsme to s&nbsp;d\u011btmi tohoto l\u00e9ta nato\u010dili? Nab\u00eddka je pestr\u00e1&#8230;<br \/>\n<\/strong><\/p>\n<table style=\"border-collapse: collapse; width: 114.063%;\">\n<tbody>\n<tr>\n<td style=\"width: 26.819%;\"><strong>Trikov\u00fd film<\/strong><\/td>\n<td style=\"width: 17.7042%;\"><a href=\"https:\/\/youtu.be\/DtijBb-OZJE\" target=\"_blank\" rel=\"noopener\"><strong><img loading=\"lazy\" decoding=\"async\" class=\"alignnone wp-image-2056\" src=\"http:\/\/www.mrmaci.com\/wp-content\/uploads\/2022\/07\/univer.jpg\" alt=\"\" width=\"91\" height=\"64\"><\/strong><\/a><\/td>\n<td style=\"width: 18.4302%;\"><a href=\"https:\/\/youtu.be\/C-mSLOxVC3A%20\" target=\"_blank\" rel=\"noopener\"><strong><img loading=\"lazy\" decoding=\"async\" class=\"alignnone wp-image-2057\" src=\"http:\/\/www.mrmaci.com\/wp-content\/uploads\/2022\/07\/param.jpg\" alt=\"\" width=\"95\" height=\"65\"><\/strong><\/a><\/td>\n<td style=\"width: 18.3163%;\"><a href=\"https:\/\/youtu.be\/wdbUyp2XWXs\" target=\"_blank\" rel=\"noopener\"><strong><img loading=\"lazy\" decoding=\"async\" class=\"alignnone wp-image-2058\" src=\"http:\/\/www.mrmaci.com\/wp-content\/uploads\/2022\/07\/mgm.jpg\" alt=\"\" width=\"86\" height=\"65\"><\/strong><\/a><\/td>\n<td style=\"width: 35.274%;\"><a href=\"https:\/\/youtu.be\/p8v3-WerJLU%20\" target=\"_blank\" rel=\"noopener\"><strong><img loading=\"lazy\" decoding=\"async\" class=\"alignnone wp-image-2059\" src=\"http:\/\/www.mrmaci.com\/wp-content\/uploads\/2022\/07\/wb.jpg\" alt=\"\" width=\"74\" height=\"68\"><\/strong><\/a><\/td>\n<\/tr>\n<tr>\n<td style=\"width: 26.819%;\"><strong>dokument<br \/>\nZe \u017eivota zv\u00ed\u0159at<\/strong><\/td>\n<td style=\"width: 17.7042%;\"><a href=\"https:\/\/www.youtube.com\/watch?v=vqXLA3gVM54\" target=\"_blank\" rel=\"noopener\"><strong><img loading=\"lazy\" decoding=\"async\" class=\"alignnone wp-image-2056\" src=\"http:\/\/www.mrmaci.com\/wp-content\/uploads\/2022\/07\/univer.jpg\" alt=\"\" width=\"91\" height=\"64\"><\/strong><\/a><\/td>\n<td style=\"width: 18.4302%;\"><a href=\"https:\/\/youtu.be\/O_GzC2DzMTI\" target=\"_blank\" rel=\"noopener\"><strong><img loading=\"lazy\" decoding=\"async\" class=\"alignnone wp-image-2057\" src=\"http:\/\/www.mrmaci.com\/wp-content\/uploads\/2022\/07\/param.jpg\" alt=\"\" width=\"95\" height=\"65\"><\/strong><\/a><\/td>\n<td style=\"width: 18.3163%;\"><a href=\"https:\/\/youtu.be\/iKy38Gum_AQ\" target=\"_blank\" rel=\"noopener\"><strong><img loading=\"lazy\" decoding=\"async\" class=\"alignnone wp-image-2058\" src=\"http:\/\/www.mrmaci.com\/wp-content\/uploads\/2022\/07\/mgm.jpg\" alt=\"\" width=\"86\" height=\"65\"><\/strong><\/a><\/td>\n<td style=\"width: 35.274%;\"><a href=\"https:\/\/youtu.be\/Mmq77wrwKHk%20\" target=\"_blank\" rel=\"noopener\"><strong><img loading=\"lazy\" decoding=\"async\" class=\"alignnone wp-image-2059\" src=\"http:\/\/www.mrmaci.com\/wp-content\/uploads\/2022\/07\/wb.jpg\" alt=\"\" width=\"74\" height=\"68\"><\/strong><\/a><\/td>\n<\/tr>\n<tr>\n<td style=\"width: 26.819%;\"><strong>Videoklipy<\/strong><\/td>\n<td style=\"width: 17.7042%;\"><a href=\"https:\/\/youtu.be\/Zdh2RSfeWPo%20\" target=\"_blank\" rel=\"noopener\"><strong><img loading=\"lazy\" decoding=\"async\" class=\"alignnone wp-image-2056\" src=\"http:\/\/www.mrmaci.com\/wp-content\/uploads\/2022\/07\/univer.jpg\" alt=\"\" width=\"91\" height=\"64\"><\/strong><\/a><\/td>\n<td style=\"width: 18.4302%;\"><a href=\"https:\/\/youtu.be\/MrWddFEgbpU%20\" target=\"_blank\" rel=\"noopener\"><strong><img loading=\"lazy\" decoding=\"async\" class=\"alignnone wp-image-2057\" src=\"http:\/\/www.mrmaci.com\/wp-content\/uploads\/2022\/07\/param.jpg\" alt=\"\" width=\"95\" height=\"65\"><\/strong><\/a><\/td>\n<td style=\"width: 18.3163%;\"><a href=\"https:\/\/youtu.be\/xO6_x0J1Hho%20\" target=\"_blank\" rel=\"noopener\"><strong><img loading=\"lazy\" decoding=\"async\" class=\"alignnone wp-image-2058\" src=\"http:\/\/www.mrmaci.com\/wp-content\/uploads\/2022\/07\/mgm.jpg\" alt=\"\" width=\"86\" height=\"65\"><\/strong><\/a><\/td>\n<td style=\"width: 35.274%;\"><a href=\"https:\/\/youtu.be\/no0umUQBrOs%20\" target=\"_blank\" rel=\"noopener\"><strong><img loading=\"lazy\" decoding=\"async\" class=\"alignnone wp-image-2059\" src=\"http:\/\/www.mrmaci.com\/wp-content\/uploads\/2022\/07\/wb.jpg\" alt=\"\" width=\"74\" height=\"68\"><\/strong><\/a><\/td>\n<\/tr>\n<tr>\n<td style=\"width: 26.819%;\"><strong>V\u0161ichni m\u00e1me talent<\/strong><\/td>\n<td style=\"width: 17.7042%;\"><a href=\"https:\/\/youtu.be\/R1qNgHW1Gtc%20\" target=\"_blank\" rel=\"noopener\"><strong><img loading=\"lazy\" decoding=\"async\" class=\"alignnone wp-image-2056\" src=\"http:\/\/www.mrmaci.com\/wp-content\/uploads\/2022\/07\/univer.jpg\" alt=\"\" width=\"91\" height=\"64\"><\/strong><\/a><\/td>\n<td style=\"width: 18.4302%;\"><a href=\"https:\/\/youtu.be\/ys1imIHLJCo%20\" target=\"_blank\" rel=\"noopener\"><strong><img loading=\"lazy\" decoding=\"async\" class=\"alignnone wp-image-2057\" src=\"http:\/\/www.mrmaci.com\/wp-content\/uploads\/2022\/07\/param.jpg\" alt=\"\" width=\"95\" height=\"65\"><\/strong><\/a><\/td>\n<td style=\"width: 18.3163%;\"><a href=\"https:\/\/youtu.be\/guBTXVjWTgk%20\" target=\"_blank\" rel=\"noopener\"><strong><img loading=\"lazy\" decoding=\"async\" class=\"alignnone wp-image-2058\" src=\"http:\/\/www.mrmaci.com\/wp-content\/uploads\/2022\/07\/mgm.jpg\" alt=\"\" width=\"86\" height=\"65\"><\/strong><\/a><\/td>\n<td style=\"width: 35.274%;\"><a href=\"https:\/\/youtu.be\/rFw0wCyaVak%20\" target=\"_blank\" rel=\"noopener\"><strong><img loading=\"lazy\" decoding=\"async\" class=\"alignnone wp-image-2059\" src=\"http:\/\/www.mrmaci.com\/wp-content\/uploads\/2022\/07\/wb.jpg\" alt=\"\" width=\"74\" height=\"68\"><\/strong><\/a><\/td>\n<\/tr>\n<tr>\n<td style=\"width: 26.819%;\"><strong>Voln\u00e9 t\u00e9ma<\/strong><\/td>\n<td style=\"width: 17.7042%;\"><a href=\"https:\/\/youtu.be\/9BIfNnJqmKk%20\" target=\"_blank\" rel=\"noopener\"><strong><img loading=\"lazy\" decoding=\"async\" class=\"alignnone wp-image-2056\" src=\"http:\/\/www.mrmaci.com\/wp-content\/uploads\/2022\/07\/univer.jpg\" alt=\"\" width=\"91\" height=\"64\"><\/strong><\/a><\/td>\n<td style=\"width: 18.4302%;\"><a href=\"https:\/\/youtu.be\/nga7lM2cgvY%20\" target=\"_blank\" rel=\"noopener\"><strong><img loading=\"lazy\" decoding=\"async\" class=\"alignnone wp-image-2057\" src=\"http:\/\/www.mrmaci.com\/wp-content\/uploads\/2022\/07\/param.jpg\" alt=\"\" width=\"95\" height=\"65\"><\/strong><\/a><\/td>\n<td style=\"width: 18.3163%;\"><a href=\"https:\/\/youtu.be\/aEnt9zKogso%20\" target=\"_blank\" rel=\"noopener\"><strong><img loading=\"lazy\" decoding=\"async\" class=\"alignnone wp-image-2058\" src=\"http:\/\/www.mrmaci.com\/wp-content\/uploads\/2022\/07\/mgm.jpg\" alt=\"\" width=\"86\" height=\"65\"><\/strong><\/a><\/td>\n<td style=\"width: 35.274%;\"><a href=\"https:\/\/youtu.be\/eiVF7ktIP6E%20\" target=\"_blank\" rel=\"noopener\"><strong><img loading=\"lazy\" decoding=\"async\" class=\"alignnone wp-image-2059\" src=\"http:\/\/www.mrmaci.com\/wp-content\/uploads\/2022\/07\/wb.jpg\" alt=\"\" width=\"74\" height=\"68\"><\/strong><\/a><\/td>\n<\/tr>\n<\/tbody>\n<\/table>\n<h4 style=\"text-align: center;\"><strong>&#8230;co d\u011bl\u00e1 kuchyn\u011b, kdy\u017e nejsme v&nbsp;t\u00e1bo\u0159e&#8230;<\/strong> <a href=\"https:\/\/youtu.be\/i3Qq1hGobss\" target=\"_blank\" rel=\"noopener noreferrer\"><strong>uvid\u00edte ZDE<\/strong><\/a><\/h4>\n<p><strong>&#8230;v\u0161elico jsme napov\u00eddali do mikrofonu, prof\u00edci z&nbsp;\u010cRo to sest\u0159\u00edhali a v\u00fdsledek si m\u016f\u017eete <a href=\"https:\/\/hradec.rozhlas.cz\/klapka-jedeem-z-taborove-osady-v-prorubkach-u-rychnova-nad-kneznou-je-pres-leto-8794948?fbclid=IwAR3RyXCId_kYJcp1NKZfZUWnxG_EYcag0OWgGvqelwfjI6wJDWS-9ZV_rmI\" target=\"_blank\" rel=\"noopener\">p\u0159e\u010d\u00edst a poslechnout \ud83d\ude42<\/a><\/strong><\/p>\n<p style=\"text-align: center;\"><strong>&#8230;no a nakonec t\u00e1borov\u00e9 zdravice od hv\u011bzd \u0161oubyznysu &#8211; <a href=\"https:\/\/youtu.be\/xi9YTfPOrqk%20\" target=\"_blank\" rel=\"noopener\">D\u011aKUJEME !!<\/a><\/strong><\/p>\n<p><img loading=\"lazy\" decoding=\"async\" class=\"alignnone size-full wp-image-2015\" src=\"http:\/\/www.mrmaci.com\/wp-content\/uploads\/2022\/07\/cerveni22.jpg\" alt=\"\" width=\"1920\" height=\"1349\" srcset=\"https:\/\/www.mrmaci.com\/wp-content\/uploads\/2022\/07\/cerveni22.jpg 1920w, https:\/\/www.mrmaci.com\/wp-content\/uploads\/2022\/07\/cerveni22-300x211.jpg 300w, https:\/\/www.mrmaci.com\/wp-content\/uploads\/2022\/07\/cerveni22-1024x719.jpg 1024w, https:\/\/www.mrmaci.com\/wp-content\/uploads\/2022\/07\/cerveni22-768x540.jpg 768w, https:\/\/www.mrmaci.com\/wp-content\/uploads\/2022\/07\/cerveni22-1536x1079.jpg 1536w\" sizes=\"(max-width: 1920px) 100vw, 1920px\" \/> <img loading=\"lazy\" decoding=\"async\" class=\"alignnone size-full wp-image-2016\" src=\"http:\/\/www.mrmaci.com\/wp-content\/uploads\/2022\/07\/modri22.jpg\" alt=\"\" width=\"1920\" height=\"1357\" srcset=\"https:\/\/www.mrmaci.com\/wp-content\/uploads\/2022\/07\/modri22.jpg 1920w, https:\/\/www.mrmaci.com\/wp-content\/uploads\/2022\/07\/modri22-300x212.jpg 300w, https:\/\/www.mrmaci.com\/wp-content\/uploads\/2022\/07\/modri22-1024x724.jpg 1024w, https:\/\/www.mrmaci.com\/wp-content\/uploads\/2022\/07\/modri22-768x543.jpg 768w, https:\/\/www.mrmaci.com\/wp-content\/uploads\/2022\/07\/modri22-1536x1086.jpg 1536w\" sizes=\"(max-width: 1920px) 100vw, 1920px\" \/> <img loading=\"lazy\" decoding=\"async\" class=\"alignnone size-full wp-image-2017\" src=\"http:\/\/www.mrmaci.com\/wp-content\/uploads\/2022\/07\/zeleni22.jpg\" alt=\"\" width=\"1920\" height=\"1423\" srcset=\"https:\/\/www.mrmaci.com\/wp-content\/uploads\/2022\/07\/zeleni22.jpg 1920w, https:\/\/www.mrmaci.com\/wp-content\/uploads\/2022\/07\/zeleni22-300x222.jpg 300w, https:\/\/www.mrmaci.com\/wp-content\/uploads\/2022\/07\/zeleni22-1024x759.jpg 1024w, https:\/\/www.mrmaci.com\/wp-content\/uploads\/2022\/07\/zeleni22-768x569.jpg 768w, https:\/\/www.mrmaci.com\/wp-content\/uploads\/2022\/07\/zeleni22-1536x1138.jpg 1536w\" sizes=\"(max-width: 1920px) 100vw, 1920px\" \/> <img loading=\"lazy\" decoding=\"async\" class=\"alignnone size-full wp-image-2018\" src=\"http:\/\/www.mrmaci.com\/wp-content\/uploads\/2022\/07\/zluti22.jpg\" alt=\"\" width=\"1920\" height=\"1081\" srcset=\"https:\/\/www.mrmaci.com\/wp-content\/uploads\/2022\/07\/zluti22.jpg 1920w, https:\/\/www.mrmaci.com\/wp-content\/uploads\/2022\/07\/zluti22-300x169.jpg 300w, https:\/\/www.mrmaci.com\/wp-content\/uploads\/2022\/07\/zluti22-1024x577.jpg 1024w, https:\/\/www.mrmaci.com\/wp-content\/uploads\/2022\/07\/zluti22-768x432.jpg 768w, https:\/\/www.mrmaci.com\/wp-content\/uploads\/2022\/07\/zluti22-1536x865.jpg 1536w\" sizes=\"(max-width: 1920px) 100vw, 1920px\" \/><img loading=\"lazy\" decoding=\"async\" class=\"alignnone size-full wp-image-2078\" src=\"http:\/\/www.mrmaci.com\/wp-content\/uploads\/2022\/07\/vedouci.jpg\" alt=\"\" width=\"1272\" height=\"751\" srcset=\"https:\/\/www.mrmaci.com\/wp-content\/uploads\/2022\/07\/vedouci.jpg 1272w, https:\/\/www.mrmaci.com\/wp-content\/uploads\/2022\/07\/vedouci-300x177.jpg 300w, https:\/\/www.mrmaci.com\/wp-content\/uploads\/2022\/07\/vedouci-1024x605.jpg 1024w, https:\/\/www.mrmaci.com\/wp-content\/uploads\/2022\/07\/vedouci-768x453.jpg 768w\" sizes=\"(max-width: 1272px) 100vw, 1272px\" \/> <img loading=\"lazy\" decoding=\"async\" class=\"alignnone size-full wp-image-2079\" src=\"http:\/\/www.mrmaci.com\/wp-content\/uploads\/2022\/07\/kuchyne.jpg\" alt=\"\" width=\"1252\" height=\"964\" srcset=\"https:\/\/www.mrmaci.com\/wp-content\/uploads\/2022\/07\/kuchyne.jpg 1252w, https:\/\/www.mrmaci.com\/wp-content\/uploads\/2022\/07\/kuchyne-300x231.jpg 300w, https:\/\/www.mrmaci.com\/wp-content\/uploads\/2022\/07\/kuchyne-1024x788.jpg 1024w, https:\/\/www.mrmaci.com\/wp-content\/uploads\/2022\/07\/kuchyne-768x591.jpg 768w\" sizes=\"(max-width: 1252px) 100vw, 1252px\" \/> <img loading=\"lazy\" decoding=\"async\" class=\"alignnone size-full wp-image-2080\" src=\"http:\/\/www.mrmaci.com\/wp-content\/uploads\/2022\/07\/skok.jpg\" alt=\"\" width=\"1387\" height=\"739\" srcset=\"https:\/\/www.mrmaci.com\/wp-content\/uploads\/2022\/07\/skok.jpg 1387w, https:\/\/www.mrmaci.com\/wp-content\/uploads\/2022\/07\/skok-300x160.jpg 300w, https:\/\/www.mrmaci.com\/wp-content\/uploads\/2022\/07\/skok-1024x546.jpg 1024w, https:\/\/www.mrmaci.com\/wp-content\/uploads\/2022\/07\/skok-768x409.jpg 768w\" sizes=\"(max-width: 1387px) 100vw, 1387px\" \/><\/p>\n<p><img loading=\"lazy\" decoding=\"async\" class=\"alignnone size-full wp-image-1983\" src=\"http:\/\/www.mrmaci.com\/wp-content\/uploads\/2022\/02\/logo2022.jpg\" alt=\"\" width=\"1200\" height=\"840\" srcset=\"https:\/\/www.mrmaci.com\/wp-content\/uploads\/2022\/02\/logo2022.jpg 1200w, https:\/\/www.mrmaci.com\/wp-content\/uploads\/2022\/02\/logo2022-300x210.jpg 300w, https:\/\/www.mrmaci.com\/wp-content\/uploads\/2022\/02\/logo2022-1024x717.jpg 1024w, https:\/\/www.mrmaci.com\/wp-content\/uploads\/2022\/02\/logo2022-768x538.jpg 768w\" sizes=\"(max-width: 1200px) 100vw, 1200px\" \/>P\u0159\u00edrodn\u00ed filmov\u00e9 ateli\u00e9ry PRORUBKOOW op\u011bt o\u017e\u00edvaj\u00ed a to znamen\u00e1, \u017ee cel\u00fd filmov\u00fd sv\u011bt je op\u011bt na nohou! I kdy\u017e se, stejn\u011b jako u sportu, nikdy dop\u0159edu nev\u00ed, jak to vlastn\u011b dopadne, o\u010dek\u00e1v\u00e1n\u00ed jsou velmi napjat\u00e1.. To potvrzuje i vyj\u00e1d\u0159en\u00ed p\u0159edn\u00ed uzn\u00e1van\u00e9 filmov\u00e9 kriti\u010dky Mirky Sp\u00e1\u010dilov\u00e9, kter\u00e1 vzk\u00e1zala jen jednu v\u011btu: \u201eNedoufala jsem, \u017ee se toho je\u0161t\u011b do\u017eiji.\u201c Slavn\u00e1 sv\u011btov\u00e1 filmov\u00e1 studia se ji\u017e oz\u00fdvaj\u00ed s&nbsp;nab\u00eddkami spolupr\u00e1ce, ale v&nbsp;tom my m\u00e1me jasno\u2026 Je to p\u0159edev\u0161\u00edm o pr\u00e1ci cel\u00e9ho filmov\u00e9ho \u0161t\u00e1bu, kde m\u00e1 ka\u017ed\u00fd na starost ten sv\u016fj d\u016fle\u017eit\u00fd kousek filmov\u00e9 skl\u00e1da\u010dky, kter\u00e9 se potom tak kr\u00e1sn\u011b a jednodu\u0161e \u0159\u00edk\u00e1 <strong>FILM<\/strong>.<br \/>\nB\u011bh\u00e1 v\u00e1m p\u0159i tom pomy\u0161len\u00ed lehce mr\u00e1z po z\u00e1dech? To je dob\u0159e, jsi tedy n\u00e1\u0161 \u010dlov\u011bk!<br \/>\nPoj\u010fme si to na chv\u00edli zkusit, exteri\u00e9ry m\u00e1me na Prorubk\u00e1ch kr\u00e1sn\u00e9 a hned po ruce.<br \/>\nV\u017edy\u0165 p\u0159eci sta\u010d\u00ed \u201ejen tak m\u00e1lo\u201c \u2013 v\u0161ichni na sv\u00e1 m\u00edsta, ticho kolem, p\u0159ipravit, nat\u00e1\u010d\u00edme\u2026<\/p>\n<p style=\"text-align: center;\">KAMERA &#8211; KLAPKA \u2013 AKCE &#8211; A JED\u00c9\u00c9\u00c9\u00c9\u00c9M!<\/p>\n<p><img loading=\"lazy\" decoding=\"async\" class=\"size-full wp-image-1973 aligncenter\" src=\"http:\/\/www.mrmaci.com\/wp-content\/uploads\/2022\/02\/kalendar-2022.jpg\" alt=\"\" width=\"2134\" height=\"1542\" srcset=\"https:\/\/www.mrmaci.com\/wp-content\/uploads\/2022\/02\/kalendar-2022.jpg 2134w, https:\/\/www.mrmaci.com\/wp-content\/uploads\/2022\/02\/kalendar-2022-300x217.jpg 300w, https:\/\/www.mrmaci.com\/wp-content\/uploads\/2022\/02\/kalendar-2022-1024x740.jpg 1024w, https:\/\/www.mrmaci.com\/wp-content\/uploads\/2022\/02\/kalendar-2022-768x555.jpg 768w, https:\/\/www.mrmaci.com\/wp-content\/uploads\/2022\/02\/kalendar-2022-1536x1110.jpg 1536w, https:\/\/www.mrmaci.com\/wp-content\/uploads\/2022\/02\/kalendar-2022-2048x1480.jpg 2048w\" sizes=\"(max-width: 2134px) 100vw, 2134px\" \/><\/p>\n","protected":false},"excerpt":{"rendered":"<p>2021 &lt;&lt;&lt; &gt;&gt;&gt; 2023 jubilejn\u00ed 30.&nbsp;t\u00e1bor na Prorubk\u00e1ch t\u00e1borov\u00fd zp\u011bvn\u00ed\u010dek ve form\u00e1tu PDF si m\u016f\u017eete st\u00e1hnout ZDE FOTKY z&nbsp;t\u00e1bor\u016f m\u00e1me tady A co \u017ee jsme to s&nbsp;d\u011btmi tohoto l\u00e9ta nato\u010dili? Nab\u00eddka je pestr\u00e1&#8230; Trikov\u00fd film dokument Ze \u017eivota zv\u00ed\u0159at Videoklipy &hellip; <a href=\"https:\/\/www.mrmaci.com\/?page_id=1955\">Cel\u00fd p\u0159\u00edsp\u011bvek <span class=\"meta-nav\">&rarr;<\/span><\/a><\/p>\n","protected":false},"author":1,"featured_media":0,"parent":19,"menu_order":0,"comment_status":"closed","ping_status":"closed","template":"onecolumn-page.php","meta":{"ngg_post_thumbnail":0,"footnotes":""},"class_list":["post-1955","page","type-page","status-publish","hentry"],"_links":{"self":[{"href":"https:\/\/www.mrmaci.com\/index.php?rest_route=\/wp\/v2\/pages\/1955"}],"collection":[{"href":"https:\/\/www.mrmaci.com\/index.php?rest_route=\/wp\/v2\/pages"}],"about":[{"href":"https:\/\/www.mrmaci.com\/index.php?rest_route=\/wp\/v2\/types\/page"}],"author":[{"embeddable":true,"href":"https:\/\/www.mrmaci.com\/index.php?rest_route=\/wp\/v2\/users\/1"}],"replies":[{"embeddable":true,"href":"https:\/\/www.mrmaci.com\/index.php?rest_route=%2Fwp%2Fv2%2Fcomments&post=1955"}],"version-history":[{"count":67,"href":"https:\/\/www.mrmaci.com\/index.php?rest_route=\/wp\/v2\/pages\/1955\/revisions"}],"predecessor-version":[{"id":2207,"href":"https:\/\/www.mrmaci.com\/index.php?rest_route=\/wp\/v2\/pages\/1955\/revisions\/2207"}],"up":[{"embeddable":true,"href":"https:\/\/www.mrmaci.com\/index.php?rest_route=\/wp\/v2\/pages\/19"}],"wp:attachment":[{"href":"https:\/\/www.mrmaci.com\/index.php?rest_route=%2Fwp%2Fv2%2Fmedia&parent=1955"}],"curies":[{"name":"wp","href":"https:\/\/api.w.org\/{rel}","templated":true}]}}