{"id":1847,"date":"2021-02-09T18:48:31","date_gmt":"2021-02-09T17:48:31","guid":{"rendered":"http:\/\/www.mrmaci.com\/?page_id=1847"},"modified":"2026-01-15T19:03:38","modified_gmt":"2026-01-15T18:03:38","slug":"prorubky-2021-jumanji","status":"publish","type":"page","link":"https:\/\/www.mrmaci.com\/?page_id=1847","title":{"rendered":"Prorubky 2021 &#8211; Jumanji"},"content":{"rendered":"<p style=\"text-align: center;\"><a href=\"https:\/\/www.mrmaci.com\/?page_id=1654\"><strong>2020 &lt;&lt;&lt;<\/strong><\/a> <img loading=\"lazy\" decoding=\"async\" class=\"size-full wp-image-298 alignnone\" src=\"http:\/\/www.mrmaci.com\/wp-content\/uploads\/2013\/12\/stany.jpg\" alt=\"stany\" width=\"132\" height=\"39\"><a href=\"https:\/\/www.mrmaci.com\/?page_id=1955\"><strong>&gt;&gt;&gt; 2022<\/strong><\/a><\/p>\n<p style=\"text-align: center;\">t\u00e1borov\u00fd zp\u011bvn\u00ed\u010dek ve form\u00e1tu PDF si <a href=\"http:\/\/www.mrmaci.com\/wp-content\/uploads\/2021\/07\/zpevnik-2021-final.pdf\">m\u016f\u017eete st\u00e1hnout ZDE<\/a><\/p>\n<h3 id=\"h_260661635211577953490116\" style=\"text-align: center;\"><strong>FOTKY z&nbsp;t\u00e1bor\u016f<\/strong> <a title=\"Fotogalerie aneb Je na co vzpom\u00ednat !\" href=\"http:\/\/www.mrmaci.com\/?page_id=86\">m\u00e1me tady<\/a><\/h3>\n<p><img loading=\"lazy\" decoding=\"async\" class=\"alignnone size-full wp-image-1914\" src=\"http:\/\/www.mrmaci.com\/wp-content\/uploads\/2021\/07\/cerveni2021.jpg\" alt=\"\" width=\"1200\" height=\"778\" srcset=\"https:\/\/www.mrmaci.com\/wp-content\/uploads\/2021\/07\/cerveni2021.jpg 1200w, https:\/\/www.mrmaci.com\/wp-content\/uploads\/2021\/07\/cerveni2021-300x195.jpg 300w, https:\/\/www.mrmaci.com\/wp-content\/uploads\/2021\/07\/cerveni2021-1024x664.jpg 1024w, https:\/\/www.mrmaci.com\/wp-content\/uploads\/2021\/07\/cerveni2021-768x498.jpg 768w\" sizes=\"(max-width: 1200px) 100vw, 1200px\" \/><br \/>\n<img loading=\"lazy\" decoding=\"async\" class=\"alignnone size-full wp-image-1915\" src=\"http:\/\/www.mrmaci.com\/wp-content\/uploads\/2021\/07\/modri2021.jpg\" alt=\"\" width=\"1200\" height=\"837\" srcset=\"https:\/\/www.mrmaci.com\/wp-content\/uploads\/2021\/07\/modri2021.jpg 1200w, https:\/\/www.mrmaci.com\/wp-content\/uploads\/2021\/07\/modri2021-300x209.jpg 300w, https:\/\/www.mrmaci.com\/wp-content\/uploads\/2021\/07\/modri2021-1024x714.jpg 1024w, https:\/\/www.mrmaci.com\/wp-content\/uploads\/2021\/07\/modri2021-768x536.jpg 768w\" sizes=\"(max-width: 1200px) 100vw, 1200px\" \/><br \/>\n<img loading=\"lazy\" decoding=\"async\" class=\"alignnone size-full wp-image-1913\" src=\"http:\/\/www.mrmaci.com\/wp-content\/uploads\/2021\/07\/zeleni2021.jpg\" alt=\"\" width=\"1200\" height=\"834\" srcset=\"https:\/\/www.mrmaci.com\/wp-content\/uploads\/2021\/07\/zeleni2021.jpg 1200w, https:\/\/www.mrmaci.com\/wp-content\/uploads\/2021\/07\/zeleni2021-300x209.jpg 300w, https:\/\/www.mrmaci.com\/wp-content\/uploads\/2021\/07\/zeleni2021-1024x712.jpg 1024w, https:\/\/www.mrmaci.com\/wp-content\/uploads\/2021\/07\/zeleni2021-768x534.jpg 768w\" sizes=\"(max-width: 1200px) 100vw, 1200px\" \/><br \/>\n<img loading=\"lazy\" decoding=\"async\" class=\"alignnone size-full wp-image-1912\" src=\"http:\/\/www.mrmaci.com\/wp-content\/uploads\/2021\/07\/zluti2021.jpg\" alt=\"\" width=\"1200\" height=\"765\" srcset=\"https:\/\/www.mrmaci.com\/wp-content\/uploads\/2021\/07\/zluti2021.jpg 1200w, https:\/\/www.mrmaci.com\/wp-content\/uploads\/2021\/07\/zluti2021-300x191.jpg 300w, https:\/\/www.mrmaci.com\/wp-content\/uploads\/2021\/07\/zluti2021-1024x653.jpg 1024w, https:\/\/www.mrmaci.com\/wp-content\/uploads\/2021\/07\/zluti2021-768x490.jpg 768w\" sizes=\"(max-width: 1200px) 100vw, 1200px\" \/><br \/>\n<img loading=\"lazy\" decoding=\"async\" class=\"alignnone size-full wp-image-1909\" src=\"http:\/\/www.mrmaci.com\/wp-content\/uploads\/2021\/07\/vsichni2021.jpg\" alt=\"\" width=\"1200\" height=\"551\" srcset=\"https:\/\/www.mrmaci.com\/wp-content\/uploads\/2021\/07\/vsichni2021.jpg 1200w, https:\/\/www.mrmaci.com\/wp-content\/uploads\/2021\/07\/vsichni2021-300x138.jpg 300w, https:\/\/www.mrmaci.com\/wp-content\/uploads\/2021\/07\/vsichni2021-1024x470.jpg 1024w, https:\/\/www.mrmaci.com\/wp-content\/uploads\/2021\/07\/vsichni2021-768x353.jpg 768w\" sizes=\"(max-width: 1200px) 100vw, 1200px\" \/><br \/>\n<img loading=\"lazy\" decoding=\"async\" class=\"alignnone size-full wp-image-1910\" src=\"http:\/\/www.mrmaci.com\/wp-content\/uploads\/2021\/07\/vedouci2021.jpg\" alt=\"\" width=\"1200\" height=\"725\" srcset=\"https:\/\/www.mrmaci.com\/wp-content\/uploads\/2021\/07\/vedouci2021.jpg 1200w, https:\/\/www.mrmaci.com\/wp-content\/uploads\/2021\/07\/vedouci2021-300x181.jpg 300w, https:\/\/www.mrmaci.com\/wp-content\/uploads\/2021\/07\/vedouci2021-1024x619.jpg 1024w, https:\/\/www.mrmaci.com\/wp-content\/uploads\/2021\/07\/vedouci2021-768x464.jpg 768w\" sizes=\"(max-width: 1200px) 100vw, 1200px\" \/><img loading=\"lazy\" decoding=\"async\" class=\"alignnone size-full wp-image-1908\" src=\"http:\/\/www.mrmaci.com\/wp-content\/uploads\/2021\/07\/mladi2021.jpg\" alt=\"\" width=\"1200\" height=\"762\" srcset=\"https:\/\/www.mrmaci.com\/wp-content\/uploads\/2021\/07\/mladi2021.jpg 1200w, https:\/\/www.mrmaci.com\/wp-content\/uploads\/2021\/07\/mladi2021-300x191.jpg 300w, https:\/\/www.mrmaci.com\/wp-content\/uploads\/2021\/07\/mladi2021-1024x650.jpg 1024w, https:\/\/www.mrmaci.com\/wp-content\/uploads\/2021\/07\/mladi2021-768x488.jpg 768w\" sizes=\"(max-width: 1200px) 100vw, 1200px\" \/> <img loading=\"lazy\" decoding=\"async\" class=\"alignnone size-full wp-image-1911\" src=\"http:\/\/www.mrmaci.com\/wp-content\/uploads\/2021\/07\/kuchyne2021.jpg\" alt=\"\" width=\"1200\" height=\"834\" srcset=\"https:\/\/www.mrmaci.com\/wp-content\/uploads\/2021\/07\/kuchyne2021.jpg 1200w, https:\/\/www.mrmaci.com\/wp-content\/uploads\/2021\/07\/kuchyne2021-300x209.jpg 300w, https:\/\/www.mrmaci.com\/wp-content\/uploads\/2021\/07\/kuchyne2021-1024x712.jpg 1024w, https:\/\/www.mrmaci.com\/wp-content\/uploads\/2021\/07\/kuchyne2021-768x534.jpg 768w\" sizes=\"(max-width: 1200px) 100vw, 1200px\" \/><\/p>\n<p style=\"text-align: center;\"><img loading=\"lazy\" decoding=\"async\" class=\"alignnone size-full wp-image-1892\" src=\"http:\/\/www.mrmaci.com\/wp-content\/uploads\/2021\/06\/ura1-1.jpg\" alt=\"\" width=\"1186\" height=\"1704\" srcset=\"https:\/\/www.mrmaci.com\/wp-content\/uploads\/2021\/06\/ura1-1.jpg 1186w, https:\/\/www.mrmaci.com\/wp-content\/uploads\/2021\/06\/ura1-1-209x300.jpg 209w, https:\/\/www.mrmaci.com\/wp-content\/uploads\/2021\/06\/ura1-1-713x1024.jpg 713w, https:\/\/www.mrmaci.com\/wp-content\/uploads\/2021\/06\/ura1-1-768x1103.jpg 768w, https:\/\/www.mrmaci.com\/wp-content\/uploads\/2021\/06\/ura1-1-1069x1536.jpg 1069w\" sizes=\"(max-width: 1186px) 100vw, 1186px\" \/><\/p>\n<p><img loading=\"lazy\" decoding=\"async\" class=\"alignnone size-full wp-image-1893\" src=\"http:\/\/www.mrmaci.com\/wp-content\/uploads\/2021\/06\/ura1-2.jpg\" alt=\"\" width=\"1165\" height=\"1625\" srcset=\"https:\/\/www.mrmaci.com\/wp-content\/uploads\/2021\/06\/ura1-2.jpg 1165w, https:\/\/www.mrmaci.com\/wp-content\/uploads\/2021\/06\/ura1-2-215x300.jpg 215w, https:\/\/www.mrmaci.com\/wp-content\/uploads\/2021\/06\/ura1-2-734x1024.jpg 734w, https:\/\/www.mrmaci.com\/wp-content\/uploads\/2021\/06\/ura1-2-768x1071.jpg 768w, https:\/\/www.mrmaci.com\/wp-content\/uploads\/2021\/06\/ura1-2-1101x1536.jpg 1101w\" sizes=\"(max-width: 1165px) 100vw, 1165px\" \/><\/p>\n<p><img loading=\"lazy\" decoding=\"async\" class=\"alignnone size-full wp-image-1900\" src=\"http:\/\/www.mrmaci.com\/wp-content\/uploads\/2021\/06\/uragan2-1.jpg\" alt=\"\" width=\"1103\" height=\"1558\" srcset=\"https:\/\/www.mrmaci.com\/wp-content\/uploads\/2021\/06\/uragan2-1.jpg 1103w, https:\/\/www.mrmaci.com\/wp-content\/uploads\/2021\/06\/uragan2-1-212x300.jpg 212w, https:\/\/www.mrmaci.com\/wp-content\/uploads\/2021\/06\/uragan2-1-725x1024.jpg 725w, https:\/\/www.mrmaci.com\/wp-content\/uploads\/2021\/06\/uragan2-1-768x1085.jpg 768w, https:\/\/www.mrmaci.com\/wp-content\/uploads\/2021\/06\/uragan2-1-1087x1536.jpg 1087w\" sizes=\"(max-width: 1103px) 100vw, 1103px\" \/><\/p>\n<p><img loading=\"lazy\" decoding=\"async\" class=\"alignnone size-full wp-image-1901\" src=\"http:\/\/www.mrmaci.com\/wp-content\/uploads\/2021\/06\/uragan2-2.jpg\" alt=\"\" width=\"1090\" height=\"1581\" srcset=\"https:\/\/www.mrmaci.com\/wp-content\/uploads\/2021\/06\/uragan2-2.jpg 1090w, https:\/\/www.mrmaci.com\/wp-content\/uploads\/2021\/06\/uragan2-2-207x300.jpg 207w, https:\/\/www.mrmaci.com\/wp-content\/uploads\/2021\/06\/uragan2-2-706x1024.jpg 706w, https:\/\/www.mrmaci.com\/wp-content\/uploads\/2021\/06\/uragan2-2-768x1114.jpg 768w, https:\/\/www.mrmaci.com\/wp-content\/uploads\/2021\/06\/uragan2-2-1059x1536.jpg 1059w\" sizes=\"(max-width: 1090px) 100vw, 1090px\" \/><\/p>\n<p>Pro\u010d u\u017e ani v&nbsp;lese nem\u016f\u017ee b\u00fdt klid..? Pro\u010d se tu oz\u00fdv\u00e1 onen typick\u00fd vzd\u00e1len\u00fd a tajemn\u00fd zvuk<br \/>\nbubn\u016f..jako bychom byli snad n\u011bkde v&nbsp;d\u017eungli..? Pro\u010d n\u011bkter\u00e1 star\u00e1 tajemstv\u00ed prost\u011b<br \/>\nnemohou z\u016fstat nav\u017edy zakopan\u00e1 hluboko v&nbsp;zemi, aby je u\u017e nikdy nikdo nena\u0161el?<br \/>\nSam\u00e1 pro\u010d!<br \/>\nV\u017edy\u0165 u\u017e jenom pomy\u0161len\u00ed na v\u011btu \u201e&#8230;v&nbsp;d\u017eungli bude\u0161 tolik let, ne\u017e na kostce padne p\u011bt&#8230;\u201c<br \/>\nst\u00e1le trochu nah\u00e1n\u00ed strach a hus\u00ed k\u016f\u017ei.<br \/>\nVysv\u011btlen\u00ed ale asi existuje. Jen m\u00e1lokdo toti\u017e odol\u00e1 siln\u00e9 touze si onu fantastickou a<br \/>\nkr\u00e1snou, i kdy\u017e pon\u011bkud nebezpe\u010dnou, hru zahr\u00e1t. A\u010dkoli v\u0161ichni moc dob\u0159e v\u011bd\u00ed, \u017ee to ale<br \/>\nopravdu nen\u00ed dobr\u00fd n\u00e1pad, hodit si jen tak kostkami&#8230;<br \/>\nA tak\u00e9 je nutn\u00e9 m\u00edt na pam\u011bti: NEZA\u010c\u00cdNEJ TUTO HRU HR\u00c1T, POKUD JI NECHCE\u0160&nbsp; DOKON\u010cIT!<\/p>\n<p><img loading=\"lazy\" decoding=\"async\" class=\"alignnone size-full wp-image-1858\" src=\"http:\/\/www.mrmaci.com\/wp-content\/uploads\/2021\/02\/jumanji-logo-3m.jpg\" alt=\"\" width=\"800\" height=\"880\" srcset=\"https:\/\/www.mrmaci.com\/wp-content\/uploads\/2021\/02\/jumanji-logo-3m.jpg 800w, https:\/\/www.mrmaci.com\/wp-content\/uploads\/2021\/02\/jumanji-logo-3m-273x300.jpg 273w, https:\/\/www.mrmaci.com\/wp-content\/uploads\/2021\/02\/jumanji-logo-3m-768x845.jpg 768w\" sizes=\"(max-width: 800px) 100vw, 800px\" \/><\/p>\n<p><img loading=\"lazy\" decoding=\"async\" class=\"alignnone size-full wp-image-1855\" src=\"http:\/\/www.mrmaci.com\/wp-content\/uploads\/2021\/02\/kalendar2021.jpg\" alt=\"\" width=\"1200\" height=\"836\" srcset=\"https:\/\/www.mrmaci.com\/wp-content\/uploads\/2021\/02\/kalendar2021.jpg 1200w, https:\/\/www.mrmaci.com\/wp-content\/uploads\/2021\/02\/kalendar2021-300x209.jpg 300w, https:\/\/www.mrmaci.com\/wp-content\/uploads\/2021\/02\/kalendar2021-1024x713.jpg 1024w, https:\/\/www.mrmaci.com\/wp-content\/uploads\/2021\/02\/kalendar2021-768x535.jpg 768w\" sizes=\"(max-width: 1200px) 100vw, 1200px\" \/><\/p>\n","protected":false},"excerpt":{"rendered":"<p>2020 &lt;&lt;&lt; &gt;&gt;&gt; 2022 t\u00e1borov\u00fd zp\u011bvn\u00ed\u010dek ve form\u00e1tu PDF si m\u016f\u017eete st\u00e1hnout ZDE FOTKY z&nbsp;t\u00e1bor\u016f m\u00e1me tady Pro\u010d u\u017e ani v&nbsp;lese nem\u016f\u017ee b\u00fdt klid..? Pro\u010d se tu oz\u00fdv\u00e1 onen typick\u00fd vzd\u00e1len\u00fd a tajemn\u00fd zvuk bubn\u016f..jako bychom byli snad n\u011bkde v&nbsp;d\u017eungli..? &hellip; <a href=\"https:\/\/www.mrmaci.com\/?page_id=1847\">Cel\u00fd p\u0159\u00edsp\u011bvek <span class=\"meta-nav\">&rarr;<\/span><\/a><\/p>\n","protected":false},"author":1,"featured_media":0,"parent":19,"menu_order":0,"comment_status":"closed","ping_status":"closed","template":"onecolumn-page.php","meta":{"ngg_post_thumbnail":0,"footnotes":""},"class_list":["post-1847","page","type-page","status-publish","hentry"],"_links":{"self":[{"href":"https:\/\/www.mrmaci.com\/index.php?rest_route=\/wp\/v2\/pages\/1847"}],"collection":[{"href":"https:\/\/www.mrmaci.com\/index.php?rest_route=\/wp\/v2\/pages"}],"about":[{"href":"https:\/\/www.mrmaci.com\/index.php?rest_route=\/wp\/v2\/types\/page"}],"author":[{"embeddable":true,"href":"https:\/\/www.mrmaci.com\/index.php?rest_route=\/wp\/v2\/users\/1"}],"replies":[{"embeddable":true,"href":"https:\/\/www.mrmaci.com\/index.php?rest_route=%2Fwp%2Fv2%2Fcomments&post=1847"}],"version-history":[{"count":22,"href":"https:\/\/www.mrmaci.com\/index.php?rest_route=\/wp\/v2\/pages\/1847\/revisions"}],"predecessor-version":[{"id":2565,"href":"https:\/\/www.mrmaci.com\/index.php?rest_route=\/wp\/v2\/pages\/1847\/revisions\/2565"}],"up":[{"embeddable":true,"href":"https:\/\/www.mrmaci.com\/index.php?rest_route=\/wp\/v2\/pages\/19"}],"wp:attachment":[{"href":"https:\/\/www.mrmaci.com\/index.php?rest_route=%2Fwp%2Fv2%2Fmedia&parent=1847"}],"curies":[{"name":"wp","href":"https:\/\/api.w.org\/{rel}","templated":true}]}}