{"id":1654,"date":"2020-01-02T09:22:31","date_gmt":"2020-01-02T08:22:31","guid":{"rendered":"http:\/\/www.mrmaci.com\/?page_id=1654"},"modified":"2024-01-08T19:25:50","modified_gmt":"2024-01-08T18:25:50","slug":"prorubky-2020","status":"publish","type":"page","link":"https:\/\/www.mrmaci.com\/?page_id=1654","title":{"rendered":"Prorubky 2020 &#8211; Z\u00e1hada prorubsk\u00e9ho hlavolamu"},"content":{"rendered":"<p style=\"text-align: center;\"><a href=\"http:\/\/www.mrmaci.com\/?page_id=1551\"><strong>2019 &lt;&lt;&lt;<\/strong><\/a> <img loading=\"lazy\" decoding=\"async\" class=\"size-full wp-image-298 alignnone\" src=\"http:\/\/www.mrmaci.com\/wp-content\/uploads\/2013\/12\/stany.jpg\" alt=\"stany\" width=\"132\" height=\"39\"><a href=\"http:\/\/www.mrmaci.com\/?page_id=1847\"><strong>&gt;&gt;&gt; 2021<\/strong><\/a><\/p>\n<p style=\"text-align: center;\">t\u00e1borov\u00fd zp\u011bvn\u00ed\u010dek ve form\u00e1tu PDF si <a href=\"http:\/\/www.mrmaci.com\/wp-content\/uploads\/2020\/07\/zpevnik-2020-final.pdf\" target=\"_blank\" rel=\"noopener noreferrer\">m\u016f\u017eete st\u00e1hnout <strong>ZDE<\/strong><\/a><strong><br \/>\n<\/strong><\/p>\n<h3 id=\"h_260661635211577953490116\" style=\"text-align: center;\"><strong>FOTKY z&nbsp;t\u00e1bor\u016f<\/strong> <a title=\"Fotogalerie aneb Je na co vzpom\u00ednat !\" href=\"http:\/\/www.mrmaci.com\/?page_id=86\">m\u00e1me tady<\/a><\/h3>\n<p><img loading=\"lazy\" decoding=\"async\" class=\"size-full wp-image-1754 aligncenter\" src=\"http:\/\/www.mrmaci.com\/wp-content\/uploads\/2020\/07\/cerveni2020.jpg\" alt=\"\" width=\"1024\" height=\"683\" srcset=\"https:\/\/www.mrmaci.com\/wp-content\/uploads\/2020\/07\/cerveni2020.jpg 1024w, https:\/\/www.mrmaci.com\/wp-content\/uploads\/2020\/07\/cerveni2020-300x200.jpg 300w, https:\/\/www.mrmaci.com\/wp-content\/uploads\/2020\/07\/cerveni2020-768x512.jpg 768w\" sizes=\"(max-width: 1024px) 100vw, 1024px\" \/><img loading=\"lazy\" decoding=\"async\" class=\"alignnone size-full wp-image-1755\" src=\"http:\/\/www.mrmaci.com\/wp-content\/uploads\/2020\/07\/modri2020.jpg\" alt=\"\" width=\"1024\" height=\"683\" srcset=\"https:\/\/www.mrmaci.com\/wp-content\/uploads\/2020\/07\/modri2020.jpg 1024w, https:\/\/www.mrmaci.com\/wp-content\/uploads\/2020\/07\/modri2020-300x200.jpg 300w, https:\/\/www.mrmaci.com\/wp-content\/uploads\/2020\/07\/modri2020-768x512.jpg 768w\" sizes=\"(max-width: 1024px) 100vw, 1024px\" \/><img loading=\"lazy\" decoding=\"async\" class=\"alignnone size-full wp-image-1756\" src=\"http:\/\/www.mrmaci.com\/wp-content\/uploads\/2020\/07\/zluti2020.jpg\" alt=\"\" width=\"1024\" height=\"683\" srcset=\"https:\/\/www.mrmaci.com\/wp-content\/uploads\/2020\/07\/zluti2020.jpg 1024w, https:\/\/www.mrmaci.com\/wp-content\/uploads\/2020\/07\/zluti2020-300x200.jpg 300w, https:\/\/www.mrmaci.com\/wp-content\/uploads\/2020\/07\/zluti2020-768x512.jpg 768w\" sizes=\"(max-width: 1024px) 100vw, 1024px\" \/><img loading=\"lazy\" decoding=\"async\" class=\"alignnone size-full wp-image-1757\" src=\"http:\/\/www.mrmaci.com\/wp-content\/uploads\/2020\/07\/zeleni2020.jpg\" alt=\"\" width=\"1024\" height=\"683\" srcset=\"https:\/\/www.mrmaci.com\/wp-content\/uploads\/2020\/07\/zeleni2020.jpg 1024w, https:\/\/www.mrmaci.com\/wp-content\/uploads\/2020\/07\/zeleni2020-300x200.jpg 300w, https:\/\/www.mrmaci.com\/wp-content\/uploads\/2020\/07\/zeleni2020-768x512.jpg 768w\" sizes=\"(max-width: 1024px) 100vw, 1024px\" \/><img loading=\"lazy\" decoding=\"async\" class=\"alignnone size-full wp-image-1758\" src=\"http:\/\/www.mrmaci.com\/wp-content\/uploads\/2020\/07\/vsichni2020.jpg\" alt=\"\" width=\"5816\" height=\"2259\" srcset=\"https:\/\/www.mrmaci.com\/wp-content\/uploads\/2020\/07\/vsichni2020.jpg 5816w, https:\/\/www.mrmaci.com\/wp-content\/uploads\/2020\/07\/vsichni2020-300x117.jpg 300w, https:\/\/www.mrmaci.com\/wp-content\/uploads\/2020\/07\/vsichni2020-768x298.jpg 768w, https:\/\/www.mrmaci.com\/wp-content\/uploads\/2020\/07\/vsichni2020-1024x398.jpg 1024w\" sizes=\"(max-width: 5816px) 100vw, 5816px\" \/><img loading=\"lazy\" decoding=\"async\" class=\"alignnone size-full wp-image-1759\" src=\"http:\/\/www.mrmaci.com\/wp-content\/uploads\/2020\/07\/kuchyne2020.jpg\" alt=\"\" width=\"6425\" height=\"4013\" srcset=\"https:\/\/www.mrmaci.com\/wp-content\/uploads\/2020\/07\/kuchyne2020.jpg 6425w, https:\/\/www.mrmaci.com\/wp-content\/uploads\/2020\/07\/kuchyne2020-300x187.jpg 300w, https:\/\/www.mrmaci.com\/wp-content\/uploads\/2020\/07\/kuchyne2020-768x480.jpg 768w, https:\/\/www.mrmaci.com\/wp-content\/uploads\/2020\/07\/kuchyne2020-1024x640.jpg 1024w\" sizes=\"(max-width: 6425px) 100vw, 6425px\" \/><img loading=\"lazy\" decoding=\"async\" class=\"alignnone size-full wp-image-1760\" src=\"http:\/\/www.mrmaci.com\/wp-content\/uploads\/2020\/07\/vedouci2020.jpg\" alt=\"\" width=\"1920\" height=\"1016\" srcset=\"https:\/\/www.mrmaci.com\/wp-content\/uploads\/2020\/07\/vedouci2020.jpg 1920w, https:\/\/www.mrmaci.com\/wp-content\/uploads\/2020\/07\/vedouci2020-300x159.jpg 300w, https:\/\/www.mrmaci.com\/wp-content\/uploads\/2020\/07\/vedouci2020-768x406.jpg 768w, https:\/\/www.mrmaci.com\/wp-content\/uploads\/2020\/07\/vedouci2020-1024x542.jpg 1024w\" sizes=\"(max-width: 1920px) 100vw, 1920px\" \/><\/p>\n<p>Je rok 2020 a mohlo by se zd\u00e1t, \u017ee Rychl\u00e9 \u0161\u00edpy a jejich ide\u00e1ly jsou ji\u017e d\u00e1vno zapomenuty, stejn\u011b jako jejich autor &#8211; pan Jaroslav Foglar. V\u0161ak u\u017e je to tak\u00e9 80 let, co je za\u010dal poprv\u00e9 uve\u0159ej\u0148ovat, jako komiks, \u010dasopis Mlad\u00fd hlasatel! Po Vontsk\u00e9m hnut\u00ed se slehla zem, o tajupln\u00e9 postav\u011b \u0160iroko ani nemluv\u011b, ani n\u00e1vod na legend\u00e1rn\u00ed Tleska\u010dovo l\u00e9taj\u00edc\u00ed kolo se nikdy nena\u0161el a je\u017eek v&nbsp;kleci se kupuje v&nbsp;hra\u010dk\u00e1rn\u011b&#8230; To cel\u00e9 ale m\u016f\u017ee b\u00fdt jen zd\u00e1n\u00ed, mo\u017en\u00e1 schv\u00e1ln\u011b maskovan\u00e9, aby n\u011bkter\u00e9 v\u011bci prost\u011b z\u016fstaly skryt\u00e9 a nebyly poni\u010deny p\u0159\u00edpadn\u00fdm z\u00e1jmem sou\u010dasn\u00e9ho sv\u011bta. P\u0159esto se zd\u00e1, \u017ee se n\u011bco za\u010d\u00edn\u00e1 d\u00edt&#8230; Prosakuj\u00ed zpr\u00e1vy, \u017ee existuj\u00ed utajen\u00ed n\u00e1sledn\u00edci hnut\u00ed Vont\u016f, jak\u00fdsi novodob\u00ed str\u00e1\u017eci \u201etajemstv\u00ed\u201c, kte\u0159\u00ed se staraj\u00ed o to, aby tato legenda nezmizela nav\u017edy, jen ji chr\u00e1n\u00ed p\u0159ed ne\u017e\u00e1douc\u00ed p\u0159\u00edli\u0161nou publicitou. A co je skryt\u00e9 a tv\u00e1\u0159\u00ed se tajemn\u011b, to n\u00e1s zaj\u00edm\u00e1! Poda\u0159\u00ed se n\u00e1m se s&nbsp;nimi spojit? Jsme toho v\u016fbec hodni? A co n\u00e1strahy, kter\u00e9 asi potk\u00e1me..?<\/p>\n<p><img loading=\"lazy\" decoding=\"async\" class=\"alignnone size-full wp-image-1699\" src=\"http:\/\/www.mrmaci.com\/wp-content\/uploads\/2020\/02\/zahada1.jpg\" alt=\"\" width=\"900\" height=\"369\" srcset=\"https:\/\/www.mrmaci.com\/wp-content\/uploads\/2020\/02\/zahada1.jpg 900w, https:\/\/www.mrmaci.com\/wp-content\/uploads\/2020\/02\/zahada1-300x123.jpg 300w, https:\/\/www.mrmaci.com\/wp-content\/uploads\/2020\/02\/zahada1-768x315.jpg 768w\" sizes=\"(max-width: 900px) 100vw, 900px\" \/><\/p>\n<p><img loading=\"lazy\" decoding=\"async\" class=\"alignnone size-full wp-image-1697\" src=\"http:\/\/www.mrmaci.com\/wp-content\/uploads\/2020\/02\/zahada.jpg\" alt=\"\" width=\"960\" height=\"480\" srcset=\"https:\/\/www.mrmaci.com\/wp-content\/uploads\/2020\/02\/zahada.jpg 960w, https:\/\/www.mrmaci.com\/wp-content\/uploads\/2020\/02\/zahada-300x150.jpg 300w, https:\/\/www.mrmaci.com\/wp-content\/uploads\/2020\/02\/zahada-768x384.jpg 768w\" sizes=\"(max-width: 960px) 100vw, 960px\" \/><\/p>\n<p><img loading=\"lazy\" decoding=\"async\" class=\"size-full wp-image-1683 aligncenter\" src=\"http:\/\/www.mrmaci.com\/wp-content\/uploads\/2020\/01\/kalendar-2020.jpg\" alt=\"\" width=\"1200\" height=\"861\" srcset=\"https:\/\/www.mrmaci.com\/wp-content\/uploads\/2020\/01\/kalendar-2020.jpg 1200w, https:\/\/www.mrmaci.com\/wp-content\/uploads\/2020\/01\/kalendar-2020-300x215.jpg 300w, https:\/\/www.mrmaci.com\/wp-content\/uploads\/2020\/01\/kalendar-2020-768x551.jpg 768w, https:\/\/www.mrmaci.com\/wp-content\/uploads\/2020\/01\/kalendar-2020-1024x735.jpg 1024w\" sizes=\"(max-width: 1200px) 100vw, 1200px\" \/><\/p>\n","protected":false},"excerpt":{"rendered":"<p>2019 &lt;&lt;&lt; &gt;&gt;&gt; 2021 t\u00e1borov\u00fd zp\u011bvn\u00ed\u010dek ve form\u00e1tu PDF si m\u016f\u017eete st\u00e1hnout ZDE FOTKY z&nbsp;t\u00e1bor\u016f m\u00e1me tady Je rok 2020 a mohlo by se zd\u00e1t, \u017ee Rychl\u00e9 \u0161\u00edpy a jejich ide\u00e1ly jsou ji\u017e d\u00e1vno zapomenuty, stejn\u011b jako jejich autor &#8211; &hellip; <a href=\"https:\/\/www.mrmaci.com\/?page_id=1654\">Cel\u00fd p\u0159\u00edsp\u011bvek <span class=\"meta-nav\">&rarr;<\/span><\/a><\/p>\n","protected":false},"author":1,"featured_media":0,"parent":19,"menu_order":0,"comment_status":"closed","ping_status":"closed","template":"onecolumn-page.php","meta":{"ngg_post_thumbnail":0,"footnotes":""},"class_list":["post-1654","page","type-page","status-publish","hentry"],"_links":{"self":[{"href":"https:\/\/www.mrmaci.com\/index.php?rest_route=\/wp\/v2\/pages\/1654"}],"collection":[{"href":"https:\/\/www.mrmaci.com\/index.php?rest_route=\/wp\/v2\/pages"}],"about":[{"href":"https:\/\/www.mrmaci.com\/index.php?rest_route=\/wp\/v2\/types\/page"}],"author":[{"embeddable":true,"href":"https:\/\/www.mrmaci.com\/index.php?rest_route=\/wp\/v2\/users\/1"}],"replies":[{"embeddable":true,"href":"https:\/\/www.mrmaci.com\/index.php?rest_route=%2Fwp%2Fv2%2Fcomments&post=1654"}],"version-history":[{"count":45,"href":"https:\/\/www.mrmaci.com\/index.php?rest_route=\/wp\/v2\/pages\/1654\/revisions"}],"predecessor-version":[{"id":2243,"href":"https:\/\/www.mrmaci.com\/index.php?rest_route=\/wp\/v2\/pages\/1654\/revisions\/2243"}],"up":[{"embeddable":true,"href":"https:\/\/www.mrmaci.com\/index.php?rest_route=\/wp\/v2\/pages\/19"}],"wp:attachment":[{"href":"https:\/\/www.mrmaci.com\/index.php?rest_route=%2Fwp%2Fv2%2Fmedia&parent=1654"}],"curies":[{"name":"wp","href":"https:\/\/api.w.org\/{rel}","templated":true}]}}