{"id":1551,"date":"2018-12-26T12:17:41","date_gmt":"2018-12-26T11:17:41","guid":{"rendered":"http:\/\/www.mrmaci.com\/?page_id=1551"},"modified":"2020-06-03T17:48:03","modified_gmt":"2020-06-03T15:48:03","slug":"prorubky-2019-stoleti-vynalezu","status":"publish","type":"page","link":"https:\/\/www.mrmaci.com\/?page_id=1551","title":{"rendered":"Prorubky 2019 \u2013 Stolet\u00ed vyn\u00e1lez\u016f"},"content":{"rendered":"<p style=\"text-align: center;\"><a href=\"http:\/\/www.mrmaci.com\/?page_id=1425\"><strong>2018 &lt;&lt;&lt;<\/strong><\/a> <img loading=\"lazy\" decoding=\"async\" class=\"size-full wp-image-298 alignnone\" src=\"http:\/\/www.mrmaci.com\/wp-content\/uploads\/2013\/12\/stany.jpg\" alt=\"stany\" width=\"132\" height=\"39\"><a href=\"http:\/\/www.mrmaci.com\/?page_id=1654\"><strong>&gt;&gt;&gt; 2020<\/strong><\/a><br \/>\n<strong>t\u00e1borov\u00fd zp\u011bvn\u00ed\u010dek<\/strong> ve form\u00e1tu PDF <a href=\"http:\/\/www.mrmaci.com\/wp-content\/uploads\/2019\/07\/zpevnik-2019.pdf\">si m\u016f\u017eete st\u00e1hnout ZDE<\/a><\/p>\n<h3 id=\"h_260661635211577953490116\" style=\"text-align: center;\"><strong>FOTKY z&nbsp;t\u00e1bor\u016f<\/strong> <a title=\"Fotogalerie aneb Je na co vzpom\u00ednat !\" href=\"http:\/\/www.mrmaci.com\/?page_id=86\">m\u00e1me tady<\/a><\/h3>\n<h3 style=\"text-align: center;\"><strong><img loading=\"lazy\" decoding=\"async\" class=\"alignnone size-full wp-image-1613\" src=\"http:\/\/www.mrmaci.com\/wp-content\/uploads\/2019\/07\/vsici.jpg\" alt=\"\" width=\"1920\" height=\"719\" srcset=\"https:\/\/www.mrmaci.com\/wp-content\/uploads\/2019\/07\/vsici.jpg 1920w, https:\/\/www.mrmaci.com\/wp-content\/uploads\/2019\/07\/vsici-300x112.jpg 300w, https:\/\/www.mrmaci.com\/wp-content\/uploads\/2019\/07\/vsici-768x288.jpg 768w, https:\/\/www.mrmaci.com\/wp-content\/uploads\/2019\/07\/vsici-1024x383.jpg 1024w\" sizes=\"(max-width: 1920px) 100vw, 1920px\" \/><br \/>\n<img loading=\"lazy\" decoding=\"async\" class=\"alignnone size-full wp-image-1612\" src=\"http:\/\/www.mrmaci.com\/wp-content\/uploads\/2019\/07\/vedouci-13x.jpg\" alt=\"\" width=\"2023\" height=\"1240\" srcset=\"https:\/\/www.mrmaci.com\/wp-content\/uploads\/2019\/07\/vedouci-13x.jpg 2023w, https:\/\/www.mrmaci.com\/wp-content\/uploads\/2019\/07\/vedouci-13x-300x184.jpg 300w, https:\/\/www.mrmaci.com\/wp-content\/uploads\/2019\/07\/vedouci-13x-768x471.jpg 768w, https:\/\/www.mrmaci.com\/wp-content\/uploads\/2019\/07\/vedouci-13x-1024x628.jpg 1024w\" sizes=\"(max-width: 2023px) 100vw, 2023px\" \/><br \/>\n<img loading=\"lazy\" decoding=\"async\" class=\"alignnone size-full wp-image-1610\" src=\"http:\/\/www.mrmaci.com\/wp-content\/uploads\/2019\/07\/cerveni-17x.jpg\" alt=\"\" width=\"2099\" height=\"1240\" srcset=\"https:\/\/www.mrmaci.com\/wp-content\/uploads\/2019\/07\/cerveni-17x.jpg 2099w, https:\/\/www.mrmaci.com\/wp-content\/uploads\/2019\/07\/cerveni-17x-300x177.jpg 300w, https:\/\/www.mrmaci.com\/wp-content\/uploads\/2019\/07\/cerveni-17x-768x454.jpg 768w, https:\/\/www.mrmaci.com\/wp-content\/uploads\/2019\/07\/cerveni-17x-1024x605.jpg 1024w\" sizes=\"(max-width: 2099px) 100vw, 2099px\" \/><br \/>\n<img loading=\"lazy\" decoding=\"async\" class=\"alignnone size-full wp-image-1614\" src=\"http:\/\/www.mrmaci.com\/wp-content\/uploads\/2019\/07\/zeleni-16x.jpg\" alt=\"\" width=\"2056\" height=\"1240\" srcset=\"https:\/\/www.mrmaci.com\/wp-content\/uploads\/2019\/07\/zeleni-16x.jpg 2056w, https:\/\/www.mrmaci.com\/wp-content\/uploads\/2019\/07\/zeleni-16x-300x181.jpg 300w, https:\/\/www.mrmaci.com\/wp-content\/uploads\/2019\/07\/zeleni-16x-768x463.jpg 768w, https:\/\/www.mrmaci.com\/wp-content\/uploads\/2019\/07\/zeleni-16x-1024x618.jpg 1024w\" sizes=\"(max-width: 2056px) 100vw, 2056px\" \/><br \/>\n<img loading=\"lazy\" decoding=\"async\" class=\"alignnone size-full wp-image-1615\" src=\"http:\/\/www.mrmaci.com\/wp-content\/uploads\/2019\/07\/zluti-15x.jpg\" alt=\"\" width=\"1960\" height=\"1240\" srcset=\"https:\/\/www.mrmaci.com\/wp-content\/uploads\/2019\/07\/zluti-15x.jpg 1960w, https:\/\/www.mrmaci.com\/wp-content\/uploads\/2019\/07\/zluti-15x-300x190.jpg 300w, https:\/\/www.mrmaci.com\/wp-content\/uploads\/2019\/07\/zluti-15x-768x486.jpg 768w, https:\/\/www.mrmaci.com\/wp-content\/uploads\/2019\/07\/zluti-15x-1024x648.jpg 1024w\" sizes=\"(max-width: 1960px) 100vw, 1960px\" \/><br \/>\n<img loading=\"lazy\" decoding=\"async\" class=\"alignnone size-full wp-image-1611\" src=\"http:\/\/www.mrmaci.com\/wp-content\/uploads\/2019\/07\/modri-15x.jpg\" alt=\"\" width=\"1816\" height=\"1240\" srcset=\"https:\/\/www.mrmaci.com\/wp-content\/uploads\/2019\/07\/modri-15x.jpg 1816w, https:\/\/www.mrmaci.com\/wp-content\/uploads\/2019\/07\/modri-15x-300x205.jpg 300w, https:\/\/www.mrmaci.com\/wp-content\/uploads\/2019\/07\/modri-15x-768x524.jpg 768w, https:\/\/www.mrmaci.com\/wp-content\/uploads\/2019\/07\/modri-15x-1024x699.jpg 1024w\" sizes=\"(max-width: 1816px) 100vw, 1816px\" \/><br \/>\n<img loading=\"lazy\" decoding=\"async\" class=\"alignnone size-full wp-image-1620\" src=\"http:\/\/www.mrmaci.com\/wp-content\/uploads\/2019\/07\/kuch.jpg\" alt=\"\" width=\"1200\" height=\"948\" srcset=\"https:\/\/www.mrmaci.com\/wp-content\/uploads\/2019\/07\/kuch.jpg 1200w, https:\/\/www.mrmaci.com\/wp-content\/uploads\/2019\/07\/kuch-300x237.jpg 300w, https:\/\/www.mrmaci.com\/wp-content\/uploads\/2019\/07\/kuch-768x607.jpg 768w, https:\/\/www.mrmaci.com\/wp-content\/uploads\/2019\/07\/kuch-1024x809.jpg 1024w\" sizes=\"(max-width: 1200px) 100vw, 1200px\" \/><br \/>\n<\/strong><\/h3>\n<p>O proslul\u00e9m v\u011bdeck\u00e9m centru <strong>Prorubky Valley<\/strong> se v\u00ed, \u017ee je, ale u\u017e nikdo moc nev\u00ed, kde p\u0159esn\u011b se nach\u00e1z\u00ed&#8230;A co\u017e teprve jeho v\u011bdeck\u00fd i finan\u010dn\u00ed mecen\u00e1\u0161 a stvo\u0159itel !! To je tak trochu z\u00e1hada sama o sob\u011b\u2026 <strong>Profesor Federico Testa<\/strong> se toti\u017e moc na ve\u0159ejnosti neukazuje.<br \/>\nOv\u0161em v&nbsp;n\u00e1valu v\u011bdeck\u00e9 pr\u00e1ce nyn\u00ed naznal, \u017ee bude pot\u0159ebovat n\u011bjak\u00e9 pomocn\u00edky a tak zve z\u00e1jemce do p\u0159\u00edrodn\u00edho v\u011bdeck\u00e9ho kempu na utajen\u00e9 m\u00edsto.<br \/>\nPravda, dostat se do t\u00fdmu k&nbsp;samotn\u00e9mu profesorovi mohou jen ti nejlep\u0161\u00ed a nebude to asi snadn\u00e9, ale v\u0161ichni maj\u00ed stejnou \u0161anci poprat se o tuto p\u0159\u00edle\u017eitost.<br \/>\nPokud se neboj\u00ed\u0161 a chce\u0161 zkusit n\u011bco nov\u00e9ho, je to ta spr\u00e1vn\u00e1 chv\u00edle pr\u00e1v\u011b pro tebe!<br \/>\n\u017de jde o v\u011bdeckou senzaci celosv\u011btov\u00e9ho m\u011b\u0159\u00edtka dokazuje i fakt, \u017ee v\u0161e bude prob\u00edhat pod drobnohledem dvojice novin\u00e1\u0159\u016f, kte\u0159\u00ed budou reportovat sna\u017een\u00ed mlad\u00fdch v\u011bdc\u016f m\u00e9di\u00edm.<br \/>\nU\u017e jen profesor\u016fv souhlas, \u017ee si nech\u00e1 nakouknout pod pokli\u010dku sv\u00e9 pr\u00e1ce je z\u00e1zrak\u2026<br \/>\n<strong><img loading=\"lazy\" decoding=\"async\" class=\"wp-image-1567 alignleft\" src=\"http:\/\/www.mrmaci.com\/wp-content\/uploads\/2019\/02\/scientist1.jpg\" alt=\"\" width=\"169\" height=\"231\" srcset=\"https:\/\/www.mrmaci.com\/wp-content\/uploads\/2019\/02\/scientist1.jpg 564w, https:\/\/www.mrmaci.com\/wp-content\/uploads\/2019\/02\/scientist1-220x300.jpg 220w\" sizes=\"(max-width: 169px) 100vw, 169px\" \/>Zaj\u00edm\u00e1 t\u011b alespo\u0148 trochu v\u011bda?<img loading=\"lazy\" decoding=\"async\" class=\" wp-image-1566 alignright\" src=\"http:\/\/www.mrmaci.com\/wp-content\/uploads\/2019\/02\/klobouk.jpg\" alt=\"\" width=\"209\" height=\"209\" srcset=\"https:\/\/www.mrmaci.com\/wp-content\/uploads\/2019\/02\/klobouk.jpg 500w, https:\/\/www.mrmaci.com\/wp-content\/uploads\/2019\/02\/klobouk-150x150.jpg 150w, https:\/\/www.mrmaci.com\/wp-content\/uploads\/2019\/02\/klobouk-300x300.jpg 300w\" sizes=\"(max-width: 209px) 100vw, 209px\" \/><br \/>\nA co z\u00e1hady?<br \/>\nM\u00e1\u0161 sklony k&nbsp;vynal\u00e9z\u00e1n\u00ed?<br \/>\nTebe p\u0159esn\u011b hled\u00e1me!<\/strong><\/p>\n<p>&nbsp;<\/p>\n<p>&nbsp;<\/p>\n<p>&nbsp;<\/p>\n<p><img loading=\"lazy\" decoding=\"async\" class=\"alignnone wp-image-1574 size-full\" src=\"http:\/\/www.mrmaci.com\/wp-content\/uploads\/2019\/02\/logo_SV.jpg\" alt=\"\" width=\"1564\" height=\"1561\" srcset=\"https:\/\/www.mrmaci.com\/wp-content\/uploads\/2019\/02\/logo_SV.jpg 1564w, https:\/\/www.mrmaci.com\/wp-content\/uploads\/2019\/02\/logo_SV-150x150.jpg 150w, https:\/\/www.mrmaci.com\/wp-content\/uploads\/2019\/02\/logo_SV-300x300.jpg 300w, https:\/\/www.mrmaci.com\/wp-content\/uploads\/2019\/02\/logo_SV-768x767.jpg 768w, https:\/\/www.mrmaci.com\/wp-content\/uploads\/2019\/02\/logo_SV-1024x1022.jpg 1024w\" sizes=\"(max-width: 1564px) 100vw, 1564px\" \/><\/p>\n<p><img loading=\"lazy\" decoding=\"async\" class=\"alignnone wp-image-1565 size-full\" src=\"http:\/\/www.mrmaci.com\/wp-content\/uploads\/2019\/02\/kalendar-2019.jpg\" alt=\"\" width=\"1920\" height=\"1337\" srcset=\"https:\/\/www.mrmaci.com\/wp-content\/uploads\/2019\/02\/kalendar-2019.jpg 1920w, https:\/\/www.mrmaci.com\/wp-content\/uploads\/2019\/02\/kalendar-2019-300x209.jpg 300w, https:\/\/www.mrmaci.com\/wp-content\/uploads\/2019\/02\/kalendar-2019-768x535.jpg 768w, https:\/\/www.mrmaci.com\/wp-content\/uploads\/2019\/02\/kalendar-2019-1024x713.jpg 1024w\" sizes=\"(max-width: 1920px) 100vw, 1920px\" \/><\/p>\n","protected":false},"excerpt":{"rendered":"<p>2018 &lt;&lt;&lt; &gt;&gt;&gt; 2020 t\u00e1borov\u00fd zp\u011bvn\u00ed\u010dek ve form\u00e1tu PDF si m\u016f\u017eete st\u00e1hnout ZDE FOTKY z&nbsp;t\u00e1bor\u016f m\u00e1me tady O proslul\u00e9m v\u011bdeck\u00e9m centru Prorubky Valley se v\u00ed, \u017ee je, ale u\u017e nikdo moc nev\u00ed, kde p\u0159esn\u011b se nach\u00e1z\u00ed&#8230;A co\u017e teprve jeho v\u011bdeck\u00fd &hellip; <a href=\"https:\/\/www.mrmaci.com\/?page_id=1551\">Cel\u00fd p\u0159\u00edsp\u011bvek <span class=\"meta-nav\">&rarr;<\/span><\/a><\/p>\n","protected":false},"author":1,"featured_media":0,"parent":19,"menu_order":0,"comment_status":"closed","ping_status":"closed","template":"onecolumn-page.php","meta":{"ngg_post_thumbnail":0,"footnotes":""},"class_list":["post-1551","page","type-page","status-publish","hentry"],"_links":{"self":[{"href":"https:\/\/www.mrmaci.com\/index.php?rest_route=\/wp\/v2\/pages\/1551"}],"collection":[{"href":"https:\/\/www.mrmaci.com\/index.php?rest_route=\/wp\/v2\/pages"}],"about":[{"href":"https:\/\/www.mrmaci.com\/index.php?rest_route=\/wp\/v2\/types\/page"}],"author":[{"embeddable":true,"href":"https:\/\/www.mrmaci.com\/index.php?rest_route=\/wp\/v2\/users\/1"}],"replies":[{"embeddable":true,"href":"https:\/\/www.mrmaci.com\/index.php?rest_route=%2Fwp%2Fv2%2Fcomments&post=1551"}],"version-history":[{"count":32,"href":"https:\/\/www.mrmaci.com\/index.php?rest_route=\/wp\/v2\/pages\/1551\/revisions"}],"predecessor-version":[{"id":1743,"href":"https:\/\/www.mrmaci.com\/index.php?rest_route=\/wp\/v2\/pages\/1551\/revisions\/1743"}],"up":[{"embeddable":true,"href":"https:\/\/www.mrmaci.com\/index.php?rest_route=\/wp\/v2\/pages\/19"}],"wp:attachment":[{"href":"https:\/\/www.mrmaci.com\/index.php?rest_route=%2Fwp%2Fv2%2Fmedia&parent=1551"}],"curies":[{"name":"wp","href":"https:\/\/api.w.org\/{rel}","templated":true}]}}