{"id":127,"date":"2013-04-29T17:20:05","date_gmt":"2013-04-29T15:20:05","guid":{"rendered":"http:\/\/www.mrmaci.com\/?page_id=127"},"modified":"2024-01-08T19:48:48","modified_gmt":"2024-01-08T18:48:48","slug":"2010-poklad-templaru-rytirska-cest","status":"publish","type":"page","link":"https:\/\/www.mrmaci.com\/?page_id=127","title":{"rendered":"Prorubky 2010 &#8211; Poklad Templ\u00e1\u0159\u016f &#8211; ryt\u00ed\u0159sk\u00e1 \u010dest"},"content":{"rendered":"<p style=\"text-align: center;\"><strong><strong><a title=\"Prorubky 2009 \u2013 Indiana Jones \u2013 T\u0159i ztracen\u00e9 masky\" href=\"http:\/\/www.mrmaci.com\/?page_id=208\"><strong><strong>2009 &lt;&lt;&lt; <\/strong><\/strong><\/a><img loading=\"lazy\" decoding=\"async\" class=\"size-full wp-image-298 alignnone\" src=\"http:\/\/www.mrmaci.com\/wp-content\/uploads\/2013\/12\/stany.jpg\" alt=\"stany\" width=\"132\" height=\"39\"><a title=\"Prorubky 2011 \u2013 V zajet\u00ed stroje \u010dasu\" href=\"http:\/\/www.mrmaci.com\/?page_id=101\"><strong><strong> &gt;&gt;&gt; 2011<br \/>\n<\/strong><\/strong><\/a><strong><strong><strong>t\u00e1borov\u00fd zp\u011bvn\u00ed\u010dek<\/strong> <\/strong><\/strong><\/strong><\/strong>si ve form\u00e1tu PDF <a href=\"http:\/\/www.mrmaci.com\/wp-content\/uploads\/2013\/12\/zpevnik2010.pdf\">m\u016f\u017eete st\u00e1hnout zde&#8230;&gt;&gt;&gt;<\/a><\/p>\n<p style=\"text-align: center;\"><strong>FOTKY z&nbsp;t\u00e1bor\u016f<\/strong> <a title=\"Fotogalerie aneb Je na co vzpom\u00ednat !\" href=\"http:\/\/www.mrmaci.com\/?page_id=86\">m\u00e1me tady<\/a><b><br \/>\n<\/b><\/p>\n<p><img loading=\"lazy\" decoding=\"async\" class=\"alignnone size-full wp-image-134\" src=\"http:\/\/www.mrmaci.com\/wp-content\/uploads\/2013\/04\/modri2.jpg\" alt=\"\" width=\"640\" height=\"480\" srcset=\"https:\/\/www.mrmaci.com\/wp-content\/uploads\/2013\/04\/modri2.jpg 640w, https:\/\/www.mrmaci.com\/wp-content\/uploads\/2013\/04\/modri2-300x225.jpg 300w\" sizes=\"(max-width: 640px) 100vw, 640px\" \/><br \/>\n<strong><span style=\"color: #0000ff;\">Prorub\u00e1ci z&nbsp;Modrova <\/span><strong><span style=\"color: #0000ff;\">\u2191<\/span><br \/>\n<\/strong><\/strong>Jsme \u010destn\u00ed, v\u011brn\u00ed, oddan\u00ed, spolehliv\u00ed, pravdomluvn\u00ed.<br \/>\nJsme moud\u0159\u00ed mod\u0159\u00ed.<br \/>\nJsme Prorub\u00e1ci z&nbsp;Modrova.<br \/>\nJsme t\u00fdm.<br \/>\nJ\u00e1 v\u00edm !<\/p>\n<p><img loading=\"lazy\" decoding=\"async\" class=\"alignnone size-full wp-image-133\" src=\"http:\/\/www.mrmaci.com\/wp-content\/uploads\/2013\/04\/zluti2.jpg\" alt=\"\" width=\"640\" height=\"523\" srcset=\"https:\/\/www.mrmaci.com\/wp-content\/uploads\/2013\/04\/zluti2.jpg 640w, https:\/\/www.mrmaci.com\/wp-content\/uploads\/2013\/04\/zluti2-300x245.jpg 300w\" sizes=\"(max-width: 640px) 100vw, 640px\" \/><br \/>\n<strong><span style=\"color: #0000ff;\">Maja Nanas <\/span><strong><span style=\"color: #0000ff;\">\u2191<\/span><br \/>\n<\/strong><\/strong>My jsme ti Maja Nanas,<br \/>\nvzbuzujem respekt u v\u00e1s,<br \/>\nvy v\u0161ichni bojte se n\u00e1s.<br \/>\nMaja Nanas \u2013 nemaj na n\u00e1s !<\/p>\n<p><img loading=\"lazy\" decoding=\"async\" class=\"alignnone size-full wp-image-132\" src=\"http:\/\/www.mrmaci.com\/wp-content\/uploads\/2013\/04\/zeleni2.jpg\" alt=\"\" width=\"640\" height=\"518\" srcset=\"https:\/\/www.mrmaci.com\/wp-content\/uploads\/2013\/04\/zeleni2.jpg 640w, https:\/\/www.mrmaci.com\/wp-content\/uploads\/2013\/04\/zeleni2-300x242.jpg 300w\" sizes=\"(max-width: 640px) 100vw, 640px\" \/><br \/>\n<span style=\"color: #0000ff;\"><strong>zelen\u00ed\u2191<\/strong><\/span><br \/>\nNejsme \u017e\u00e1dn\u00ed zelen\u00e1\u010di,<br \/>\nani \u017e\u00e1dn\u00ed p\u0159i zdi sp\u00e1\u010di!<br \/>\nJuch\u016f\u016f !<\/p>\n<p><img loading=\"lazy\" decoding=\"async\" class=\"alignnone size-full wp-image-131\" src=\"http:\/\/www.mrmaci.com\/wp-content\/uploads\/2013\/04\/cerveni2.jpg\" alt=\"\" width=\"640\" height=\"480\" srcset=\"https:\/\/www.mrmaci.com\/wp-content\/uploads\/2013\/04\/cerveni2.jpg 640w, https:\/\/www.mrmaci.com\/wp-content\/uploads\/2013\/04\/cerveni2-300x225.jpg 300w\" sizes=\"(max-width: 640px) 100vw, 640px\" \/><br \/>\n<strong><span style=\"color: #0000ff;\">\u010cerv\u00ed ryt\u00ed\u0159i\u2191<\/span><br \/>\n<\/strong>My jsme \u010cerv\u00ed ryt\u00ed\u0159i, nejsme \u017e\u00e1dn\u00ed kejkl\u00ed\u0159i,<br \/>\nbydl\u00edme na hradu bl\u00edzko KARI smradu,<br \/>\nv&nbsp;bitv\u011b v\u017edycky vyhrajem a v\u00edt\u011bzstv\u00ed zapijem.<br \/>\n\u010cajem, \u010cajem. \u010cajem? N\u00e9 !<\/p>\n<p><img loading=\"lazy\" decoding=\"async\" class=\"alignnone size-full wp-image-135\" src=\"http:\/\/www.mrmaci.com\/wp-content\/uploads\/2013\/04\/vedouci1.jpg\" alt=\"\" width=\"640\" height=\"443\" srcset=\"https:\/\/www.mrmaci.com\/wp-content\/uploads\/2013\/04\/vedouci1.jpg 640w, https:\/\/www.mrmaci.com\/wp-content\/uploads\/2013\/04\/vedouci1-300x207.jpg 300w\" sizes=\"(max-width: 640px) 100vw, 640px\" \/><\/p>\n<p><img loading=\"lazy\" decoding=\"async\" class=\"alignnone wp-image-138\" src=\"http:\/\/www.mrmaci.com\/wp-content\/uploads\/2013\/04\/bitva.jpg\" alt=\"bitva\" width=\"700\" height=\"525\" srcset=\"https:\/\/www.mrmaci.com\/wp-content\/uploads\/2013\/04\/bitva.jpg 700w, https:\/\/www.mrmaci.com\/wp-content\/uploads\/2013\/04\/bitva-300x225.jpg 300w\" sizes=\"(max-width: 700px) 100vw, 700px\" \/> <img loading=\"lazy\" decoding=\"async\" class=\"size-full wp-image-137 aligncenter\" src=\"http:\/\/www.mrmaci.com\/wp-content\/uploads\/2013\/04\/logo-male.jpg\" alt=\"logo-male\" width=\"400\" height=\"400\" srcset=\"https:\/\/www.mrmaci.com\/wp-content\/uploads\/2013\/04\/logo-male.jpg 400w, https:\/\/www.mrmaci.com\/wp-content\/uploads\/2013\/04\/logo-male-150x150.jpg 150w, https:\/\/www.mrmaci.com\/wp-content\/uploads\/2013\/04\/logo-male-300x300.jpg 300w\" sizes=\"(max-width: 400px) 100vw, 400px\" \/> <img loading=\"lazy\" decoding=\"async\" class=\"alignnone wp-image-136\" src=\"http:\/\/www.mrmaci.com\/wp-content\/uploads\/2013\/04\/legenda.jpg\" alt=\"legenda\" width=\"700\" height=\"980\" srcset=\"https:\/\/www.mrmaci.com\/wp-content\/uploads\/2013\/04\/legenda.jpg 700w, https:\/\/www.mrmaci.com\/wp-content\/uploads\/2013\/04\/legenda-214x300.jpg 214w\" sizes=\"(max-width: 700px) 100vw, 700px\" \/><br \/>\n<img loading=\"lazy\" decoding=\"async\" class=\"alignnone size-full wp-image-142\" src=\"http:\/\/www.mrmaci.com\/wp-content\/uploads\/2013\/04\/cervprap.jpg\" alt=\"cervprap\" width=\"188\" height=\"300\"> <img loading=\"lazy\" decoding=\"async\" class=\"alignnone size-full wp-image-141\" src=\"http:\/\/www.mrmaci.com\/wp-content\/uploads\/2013\/04\/modrprap.jpg\" alt=\"modrprap\" width=\"191\" height=\"300\"><br \/>\n<img loading=\"lazy\" decoding=\"async\" class=\"alignnone size-full wp-image-140\" src=\"http:\/\/www.mrmaci.com\/wp-content\/uploads\/2013\/04\/zlutprap.jpg\" alt=\"zlutprap\" width=\"213\" height=\"300\"> <img loading=\"lazy\" decoding=\"async\" class=\"alignnone size-full wp-image-139\" src=\"http:\/\/www.mrmaci.com\/wp-content\/uploads\/2013\/04\/zeleprap.jpg\" alt=\"zeleprap\" width=\"186\" height=\"300\"><\/p>\n","protected":false},"excerpt":{"rendered":"<p>2009 &lt;&lt;&lt; &gt;&gt;&gt; 2011 t\u00e1borov\u00fd zp\u011bvn\u00ed\u010dek si ve form\u00e1tu PDF m\u016f\u017eete st\u00e1hnout zde&#8230;&gt;&gt;&gt; FOTKY z&nbsp;t\u00e1bor\u016f m\u00e1me tady Prorub\u00e1ci z&nbsp;Modrova \u2191 Jsme \u010destn\u00ed, v\u011brn\u00ed, oddan\u00ed, spolehliv\u00ed, pravdomluvn\u00ed. Jsme moud\u0159\u00ed mod\u0159\u00ed. Jsme Prorub\u00e1ci z&nbsp;Modrova. Jsme t\u00fdm. J\u00e1 v\u00edm ! Maja Nanas \u2191 &hellip; <a href=\"https:\/\/www.mrmaci.com\/?page_id=127\">Cel\u00fd p\u0159\u00edsp\u011bvek <span class=\"meta-nav\">&rarr;<\/span><\/a><\/p>\n","protected":false},"author":1,"featured_media":0,"parent":19,"menu_order":0,"comment_status":"open","ping_status":"closed","template":"onecolumn-page.php","meta":{"ngg_post_thumbnail":0,"footnotes":""},"class_list":["post-127","page","type-page","status-publish","hentry"],"_links":{"self":[{"href":"https:\/\/www.mrmaci.com\/index.php?rest_route=\/wp\/v2\/pages\/127"}],"collection":[{"href":"https:\/\/www.mrmaci.com\/index.php?rest_route=\/wp\/v2\/pages"}],"about":[{"href":"https:\/\/www.mrmaci.com\/index.php?rest_route=\/wp\/v2\/types\/page"}],"author":[{"embeddable":true,"href":"https:\/\/www.mrmaci.com\/index.php?rest_route=\/wp\/v2\/users\/1"}],"replies":[{"embeddable":true,"href":"https:\/\/www.mrmaci.com\/index.php?rest_route=%2Fwp%2Fv2%2Fcomments&post=127"}],"version-history":[{"count":24,"href":"https:\/\/www.mrmaci.com\/index.php?rest_route=\/wp\/v2\/pages\/127\/revisions"}],"predecessor-version":[{"id":2249,"href":"https:\/\/www.mrmaci.com\/index.php?rest_route=\/wp\/v2\/pages\/127\/revisions\/2249"}],"up":[{"embeddable":true,"href":"https:\/\/www.mrmaci.com\/index.php?rest_route=\/wp\/v2\/pages\/19"}],"wp:attachment":[{"href":"https:\/\/www.mrmaci.com\/index.php?rest_route=%2Fwp%2Fv2%2Fmedia&parent=127"}],"curies":[{"name":"wp","href":"https:\/\/api.w.org\/{rel}","templated":true}]}}