{"id":101,"date":"2013-04-16T22:01:54","date_gmt":"2013-04-16T20:01:54","guid":{"rendered":"http:\/\/www.mrmaci.com\/?page_id=101"},"modified":"2024-01-08T19:32:38","modified_gmt":"2024-01-08T18:32:38","slug":"prorubky-2011-v-zajeti-stroje-casu","status":"publish","type":"page","link":"https:\/\/www.mrmaci.com\/?page_id=101","title":{"rendered":"Prorubky 2011 &#8211; V&nbsp;zajet\u00ed stroje \u010dasu"},"content":{"rendered":"<p style=\"text-align: center;\"><strong><strong><a title=\"Prorubky 2010 \u2013 Poklad Templ\u00e1\u0159\u016f \u2013 ryt\u00ed\u0159sk\u00e1 \u010dest\" href=\"http:\/\/www.mrmaci.com\/?page_id=127\"><strong><strong>2010 &lt;&lt;&lt; <\/strong><\/strong><\/a><img loading=\"lazy\" decoding=\"async\" class=\"size-full wp-image-298 alignnone\" src=\"http:\/\/www.mrmaci.com\/wp-content\/uploads\/2013\/12\/stany.jpg\" alt=\"stany\" width=\"132\" height=\"39\"><a title=\"Prorubky 2012 \u2013 Vesm\u00edrn\u00e9 dobrodru\u017estv\u00ed\" href=\"http:\/\/www.mrmaci.com\/?page_id=48\"><strong><strong> &gt;&gt;&gt; 2012<\/strong><\/strong><\/a><\/strong><br \/>\nt\u00e1borov\u00fd zp\u011bvn\u00ed\u010dek<\/strong> ve form\u00e1tu PDF si <a href=\"http:\/\/www.mrmaci.com\/wp-content\/uploads\/2013\/04\/zpevnik2011.pdf\" target=\"_blank\" rel=\"noopener\">m\u016f\u017eete st\u00e1hnout zde&#8230;&gt;&gt;&gt;<\/a><\/p>\n<p style=\"text-align: center;\"><strong>FOTKY z&nbsp;t\u00e1bor\u016f<\/strong> <a title=\"Fotogalerie aneb Je na co vzpom\u00ednat !\" href=\"http:\/\/www.mrmaci.com\/?page_id=86\">m\u00e1me tady<\/a><b><br \/>\n<\/b><\/p>\n<p><img loading=\"lazy\" decoding=\"async\" class=\"alignnone size-full wp-image-115\" src=\"http:\/\/www.mrmaci.com\/wp-content\/uploads\/2013\/04\/zluti1.jpg\" alt=\"\u017elut\u00ed\" width=\"640\" height=\"438\" srcset=\"https:\/\/www.mrmaci.com\/wp-content\/uploads\/2013\/04\/zluti1.jpg 640w, https:\/\/www.mrmaci.com\/wp-content\/uploads\/2013\/04\/zluti1-300x205.jpg 300w\" sizes=\"(max-width: 640px) 100vw, 640px\" \/><\/p>\n<p><img loading=\"lazy\" decoding=\"async\" class=\"alignnone size-full wp-image-114\" src=\"http:\/\/www.mrmaci.com\/wp-content\/uploads\/2013\/04\/zeleni1.jpg\" alt=\"zelen\u00ed\" width=\"640\" height=\"440\" srcset=\"https:\/\/www.mrmaci.com\/wp-content\/uploads\/2013\/04\/zeleni1.jpg 640w, https:\/\/www.mrmaci.com\/wp-content\/uploads\/2013\/04\/zeleni1-300x206.jpg 300w\" sizes=\"(max-width: 640px) 100vw, 640px\" \/><\/p>\n<p><img loading=\"lazy\" decoding=\"async\" class=\"alignnone size-full wp-image-109\" src=\"http:\/\/www.mrmaci.com\/wp-content\/uploads\/2013\/04\/modri1.jpg\" alt=\"mod\u0159\u00ed\" width=\"640\" height=\"471\" srcset=\"https:\/\/www.mrmaci.com\/wp-content\/uploads\/2013\/04\/modri1.jpg 640w, https:\/\/www.mrmaci.com\/wp-content\/uploads\/2013\/04\/modri1-300x220.jpg 300w\" sizes=\"(max-width: 640px) 100vw, 640px\" \/><\/p>\n<p><img loading=\"lazy\" decoding=\"async\" class=\"alignnone size-full wp-image-107\" src=\"http:\/\/www.mrmaci.com\/wp-content\/uploads\/2013\/04\/cerveni1.jpg\" alt=\"\u010derven\u00ed\" width=\"640\" height=\"415\" srcset=\"https:\/\/www.mrmaci.com\/wp-content\/uploads\/2013\/04\/cerveni1.jpg 640w, https:\/\/www.mrmaci.com\/wp-content\/uploads\/2013\/04\/cerveni1-300x194.jpg 300w\" sizes=\"(max-width: 640px) 100vw, 640px\" \/><\/p>\n<p><img loading=\"lazy\" decoding=\"async\" class=\"alignnone size-full wp-image-112\" src=\"http:\/\/www.mrmaci.com\/wp-content\/uploads\/2013\/04\/ved1.jpg\" alt=\"vedouc\u00ed\" width=\"640\" height=\"398\" srcset=\"https:\/\/www.mrmaci.com\/wp-content\/uploads\/2013\/04\/ved1.jpg 640w, https:\/\/www.mrmaci.com\/wp-content\/uploads\/2013\/04\/ved1-300x186.jpg 300w\" sizes=\"(max-width: 640px) 100vw, 640px\" \/><\/p>\n<p><img loading=\"lazy\" decoding=\"async\" class=\"alignnone size-full wp-image-110\" src=\"http:\/\/www.mrmaci.com\/wp-content\/uploads\/2013\/04\/slunko.jpg\" alt=\"slunko\" width=\"640\" height=\"427\" srcset=\"https:\/\/www.mrmaci.com\/wp-content\/uploads\/2013\/04\/slunko.jpg 640w, https:\/\/www.mrmaci.com\/wp-content\/uploads\/2013\/04\/slunko-300x200.jpg 300w\" sizes=\"(max-width: 640px) 100vw, 640px\" \/><\/p>\n<p><img loading=\"lazy\" decoding=\"async\" class=\"alignnone wp-image-111\" src=\"http:\/\/www.mrmaci.com\/wp-content\/uploads\/2013\/04\/tabor2011.jpg\" alt=\"tabor2011\" width=\"700\" height=\"714\" srcset=\"https:\/\/www.mrmaci.com\/wp-content\/uploads\/2013\/04\/tabor2011.jpg 700w, https:\/\/www.mrmaci.com\/wp-content\/uploads\/2013\/04\/tabor2011-294x300.jpg 294w\" sizes=\"(max-width: 700px) 100vw, 700px\" \/><\/p>\n","protected":false},"excerpt":{"rendered":"<p>2010 &lt;&lt;&lt; &gt;&gt;&gt; 2012 t\u00e1borov\u00fd zp\u011bvn\u00ed\u010dek ve form\u00e1tu PDF si m\u016f\u017eete st\u00e1hnout zde&#8230;&gt;&gt;&gt; FOTKY z&nbsp;t\u00e1bor\u016f m\u00e1me tady<\/p>\n","protected":false},"author":1,"featured_media":0,"parent":19,"menu_order":0,"comment_status":"open","ping_status":"closed","template":"onecolumn-page.php","meta":{"ngg_post_thumbnail":0,"footnotes":""},"class_list":["post-101","page","type-page","status-publish","hentry"],"_links":{"self":[{"href":"https:\/\/www.mrmaci.com\/index.php?rest_route=\/wp\/v2\/pages\/101"}],"collection":[{"href":"https:\/\/www.mrmaci.com\/index.php?rest_route=\/wp\/v2\/pages"}],"about":[{"href":"https:\/\/www.mrmaci.com\/index.php?rest_route=\/wp\/v2\/types\/page"}],"author":[{"embeddable":true,"href":"https:\/\/www.mrmaci.com\/index.php?rest_route=\/wp\/v2\/users\/1"}],"replies":[{"embeddable":true,"href":"https:\/\/www.mrmaci.com\/index.php?rest_route=%2Fwp%2Fv2%2Fcomments&post=101"}],"version-history":[{"count":21,"href":"https:\/\/www.mrmaci.com\/index.php?rest_route=\/wp\/v2\/pages\/101\/revisions"}],"predecessor-version":[{"id":2248,"href":"https:\/\/www.mrmaci.com\/index.php?rest_route=\/wp\/v2\/pages\/101\/revisions\/2248"}],"up":[{"embeddable":true,"href":"https:\/\/www.mrmaci.com\/index.php?rest_route=\/wp\/v2\/pages\/19"}],"wp:attachment":[{"href":"https:\/\/www.mrmaci.com\/index.php?rest_route=%2Fwp%2Fv2%2Fmedia&parent=101"}],"curies":[{"name":"wp","href":"https:\/\/api.w.org\/{rel}","templated":true}]}}